{"id":1287,"date":"2025-07-08T11:53:21","date_gmt":"2025-07-08T09:53:21","guid":{"rendered":"https:\/\/poll-berlin.de\/galerie\/?page_id=1287"},"modified":"2025-07-22T17:06:49","modified_gmt":"2025-07-22T15:06:49","slug":"werke-in-sammlungen","status":"publish","type":"page","link":"https:\/\/poll-berlin.de\/galerie\/weitere-kuenstler\/erro\/werke-in-sammlungen\/","title":{"rendered":"Werke in Sammlungen"},"content":{"rendered":"\n<p><strong>Werke in Sammlungen<\/strong><\/p>\n\n\n\n<p>Mus\u00e9e d&#8217;art moderne de Lille (Frankreich)<br>Frac Languedoc-Roussillon, Montpellier<br>Centre Georges-Pompidou, Paris<br>Mus\u00e9e r\u00e9gional d&#8217;art contemporain, S\u00e9rignan<br>Moderna Museet, Stockholm<br>Les Abattoirs &#8211; Frac Midi-Pyr\u00e9n\u00e9es, Toulouse<br>Colecci\u00f3n Mart\u00ednez Guerricabeitia, Valencia<br><\/p>\n","protected":false},"excerpt":{"rendered":"<p>Werke in Sammlungen Mus\u00e9e d&#8217;art moderne de Lille (Frankreich)Frac Languedoc-Roussillon, MontpellierCentre Georges-Pompidou, ParisMus\u00e9e r\u00e9gional d&#8217;art contemporain, S\u00e9rignanModerna Museet, StockholmLes Abattoirs &#8211; Frac Midi-Pyr\u00e9n\u00e9es, ToulouseColecci\u00f3n Mart\u00ednez Guerricabeitia, Valencia<\/p>\n","protected":false},"author":1,"featured_media":0,"parent":928,"menu_order":2,"comment_status":"closed","ping_status":"closed","template":"kuenstler-text.php","meta":{"_acf_changed":false,"footnotes":""},"class_list":["post-1287","page","type-page","status-publish","hentry"],"acf":[],"_links":{"self":[{"href":"https:\/\/poll-berlin.de\/galerie\/wp-json\/wp\/v2\/pages\/1287","targetHints":{"allow":["GET"]}}],"collection":[{"href":"https:\/\/poll-berlin.de\/galerie\/wp-json\/wp\/v2\/pages"}],"about":[{"href":"https:\/\/poll-berlin.de\/galerie\/wp-json\/wp\/v2\/types\/page"}],"author":[{"embeddable":true,"href":"https:\/\/poll-berlin.de\/galerie\/wp-json\/wp\/v2\/users\/1"}],"replies":[{"embeddable":true,"href":"https:\/\/poll-berlin.de\/galerie\/wp-json\/wp\/v2\/comments?post=1287"}],"version-history":[{"count":3,"href":"https:\/\/poll-berlin.de\/galerie\/wp-json\/wp\/v2\/pages\/1287\/revisions"}],"predecessor-version":[{"id":43616,"href":"https:\/\/poll-berlin.de\/galerie\/wp-json\/wp\/v2\/pages\/1287\/revisions\/43616"}],"up":[{"embeddable":true,"href":"https:\/\/poll-berlin.de\/galerie\/wp-json\/wp\/v2\/pages\/928"}],"wp:attachment":[{"href":"https:\/\/poll-berlin.de\/galerie\/wp-json\/wp\/v2\/media?parent=1287"}],"curies":[{"name":"wp","href":"https:\/\/api.w.org\/{rel}","templated":true}]}}