{"id":1285,"date":"2022-01-18T15:55:42","date_gmt":"2022-01-18T14:55:42","guid":{"rendered":"https:\/\/poll-berlin.de\/galerie\/?page_id=1285"},"modified":"2024-09-04T18:34:52","modified_gmt":"2024-09-04T16:34:52","slug":"biografie","status":"publish","type":"page","link":"https:\/\/poll-berlin.de\/galerie\/weitere-kuenstler\/erro\/biografie\/","title":{"rendered":"Biografie"},"content":{"rendered":"\n<p><strong>Biografie<\/strong><\/p>\n\n\n\n<div style=\"height:10px\" aria-hidden=\"true\" class=\"wp-block-spacer\"><\/div>\n\n\n\n<figure class=\"wp-block-table\"><table><tbody><tr><td>1932<\/td><td>geboren als Gu\u00f0mundur Gu\u00f0mundsson in \u00d3lafsv\u00edk (Island)<\/td><\/tr><tr><td>1949-1951<\/td><td>Studium der Kunstp\u00e4dagogik an der Mal- und Handwerkerschule, Reykjavik<\/td><\/tr><tr><td>1951<\/td><td>Studium an der Kunsthochschule, Oslo<\/td><\/tr><tr><td>1953<\/td><td>Studienreisen nach Spanien, Deutschland und Frankreich<\/td><\/tr><tr><td>1954<\/td><td>Umzug nach Florenz<\/td><\/tr><tr><td>1955-1957<\/td><td>Akademie der K\u00fcnste Florenz<br>Mosaikstudien in Ravenna (Italien) und in Reykjavik<\/td><\/tr><tr><td>1957<\/td><td>Aufenthalt in Israel<\/td><\/tr><tr><td>1958<\/td><td>Umzug nach Paris<\/td><\/tr><tr><td>1967<\/td><td>Umbenennung in Err\u00f3, Ver\u00f6ffentlichung des Filmes \u201eGrimaces\u201d<\/td><\/tr><tr><td>1972-1985<\/td><td>Aufenthalte in Thailand und im S\u00fcdostasien<\/td><\/tr><tr><td>1990-1994<\/td><td>Reise nach Vietnam und Angkor Wat (Kambodscha)<\/td><\/tr><\/tbody><\/table><\/figure>\n\n\n\n<p>Err\u00f3 lebt und arbeitet in Paris.<\/p>\n\n\n\n<div style=\"height:10px\" aria-hidden=\"true\" class=\"wp-block-spacer\"><\/div>\n\n\n\n<p><strong>Preise und Stipendien<\/strong><\/p>\n\n\n\n<div style=\"height:10px\" aria-hidden=\"true\" class=\"wp-block-spacer\"><\/div>\n\n\n\n<figure class=\"wp-block-table\"><table><tbody><tr><td>2010<\/td><td>Franz\u00f6sischer Nationalorden der Ehrenlegion (Ritter)<\/td><\/tr><\/tbody><\/table><\/figure>\n","protected":false},"excerpt":{"rendered":"<p>Biografie 1932 geboren als Gu\u00f0mundur Gu\u00f0mundsson in \u00d3lafsv\u00edk (Island) 1949-1951 Studium der Kunstp\u00e4dagogik an der Mal- und Handwerkerschule, Reykjavik 1951 Studium an der Kunsthochschule, Oslo 1953 Studienreisen nach Spanien, Deutschland und Frankreich 1954 Umzug nach Florenz 1955-1957 Akademie der K\u00fcnste FlorenzMosaikstudien in Ravenna (Italien) und in Reykjavik 1957 Aufenthalt in Israel 1958 Umzug nach Paris [&hellip;]<\/p>\n","protected":false},"author":1,"featured_media":0,"parent":928,"menu_order":0,"comment_status":"closed","ping_status":"closed","template":"kuenstler-text.php","meta":{"_acf_changed":false,"footnotes":""},"class_list":["post-1285","page","type-page","status-publish","hentry"],"acf":[],"_links":{"self":[{"href":"https:\/\/poll-berlin.de\/galerie\/wp-json\/wp\/v2\/pages\/1285","targetHints":{"allow":["GET"]}}],"collection":[{"href":"https:\/\/poll-berlin.de\/galerie\/wp-json\/wp\/v2\/pages"}],"about":[{"href":"https:\/\/poll-berlin.de\/galerie\/wp-json\/wp\/v2\/types\/page"}],"author":[{"embeddable":true,"href":"https:\/\/poll-berlin.de\/galerie\/wp-json\/wp\/v2\/users\/1"}],"replies":[{"embeddable":true,"href":"https:\/\/poll-berlin.de\/galerie\/wp-json\/wp\/v2\/comments?post=1285"}],"version-history":[{"count":11,"href":"https:\/\/poll-berlin.de\/galerie\/wp-json\/wp\/v2\/pages\/1285\/revisions"}],"predecessor-version":[{"id":38260,"href":"https:\/\/poll-berlin.de\/galerie\/wp-json\/wp\/v2\/pages\/1285\/revisions\/38260"}],"up":[{"embeddable":true,"href":"https:\/\/poll-berlin.de\/galerie\/wp-json\/wp\/v2\/pages\/928"}],"wp:attachment":[{"href":"https:\/\/poll-berlin.de\/galerie\/wp-json\/wp\/v2\/media?parent=1285"}],"curies":[{"name":"wp","href":"https:\/\/api.w.org\/{rel}","templated":true}]}}