{"id":1278,"date":"2022-01-18T14:15:43","date_gmt":"2022-01-18T13:15:43","guid":{"rendered":"https:\/\/poll-berlin.de\/galerie\/?page_id=1278"},"modified":"2025-07-01T18:45:48","modified_gmt":"2025-07-01T16:45:48","slug":"ausstellungen","status":"publish","type":"page","link":"https:\/\/poll-berlin.de\/galerie\/weitere-kuenstler\/harald-duwe\/ausstellungen\/","title":{"rendered":"Ausstellungen"},"content":{"rendered":"\n<p><strong>Einzelausstellungen (Auswahl)<\/strong><\/p>\n\n\n\n<div style=\"height:10px\" aria-hidden=\"true\" class=\"wp-block-spacer\"><\/div>\n\n\n\n<figure class=\"wp-block-table\"><table><tbody><tr><td>2016<\/td><td>Landesmuseum f\u00fcr Kunst- und Kulturgeschichte, Schleswig<br>Kunststiftung Poll, Berlin<\/td><\/tr><tr><td>2015<\/td><td>Willy-Brandt-Haus, Berlin<\/td><\/tr><tr><td>2010<\/td><td>Kulturzentrum Marstall, Ahrensburg<\/td><\/tr><tr><td>2009<\/td><td>Fabrik der K\u00fcnste, Hamburg<\/td><\/tr><tr><td>2006<\/td><td>Freie Akademie der K\u00fcnste in Hamburg e.V.<\/td><\/tr><tr><td>2003<\/td><td>Galerie Eva Poll, Berlin<\/td><\/tr><tr><td>1990<\/td><td>Galerie Eva Poll, Berlin<\/td><\/tr><tr><td>1988<\/td><td>Kunstverein Karlsruhe<br>Staatliche Kunsthalle Berlin<\/td><\/tr><tr><td>1987<\/td><td>Kunsthalle zu Kiel<br>Museum Hansestadt L\u00fcbeck<\/td><\/tr><tr><td>1986<\/td><td>Freie Akademie der K\u00fcnste in Hamburg e.V.<\/td><\/tr><tr><td>1984<\/td><td>Hamburger Kunsthalle<\/td><\/tr><tr><td>1983<\/td><td>Galerie Eva Poll, Berlin<\/td><\/tr><tr><td>1976<\/td><td>Kunstverein Flensburg<\/td><\/tr><tr><td>1975<\/td><td>Von der Heydt-Museum, Wuppertal<br>Galerie Eva Poll, Berlin<\/td><\/tr><tr><td>1974<\/td><td>Kunsthalle zu Kiel<\/td><\/tr><tr><td>1973<\/td><td>Galerie Eva Poll, Berlin<\/td><\/tr><tr><td>1972<\/td><td>Kunsthaus Hamburg<\/td><\/tr><tr><td>1965<\/td><td>Kunstverein Marburg<\/td><\/tr><\/tbody><\/table><\/figure>\n\n\n\n<div style=\"height:10px\" aria-hidden=\"true\" class=\"wp-block-spacer\"><\/div>\n\n\n\n<p><strong>Gruppenausstellungen (Auswahl)<\/strong><\/p>\n\n\n\n<div style=\"height:10px\" aria-hidden=\"true\" class=\"wp-block-spacer\"><\/div>\n\n\n\n<figure class=\"wp-block-table\"><table><tbody><tr><td>2016<\/td><td>Kunststiftung Poll, Berlin<\/td><\/tr><tr><td>2014<\/td><td>Kunsthaus H\u00e4nisch, Kappeln<\/td><\/tr><tr><td>2012<\/td><td>St\u00e4dtische Museen Heilbronn<\/td><\/tr><tr><td>2011<\/td><td>Kunststiftung Poll, Berlin<\/td><\/tr><tr><td>2004<\/td><td>M\u00e4rkisches Museum Witten (in Kooperation mit der Galerie Eva Poll)<\/td><\/tr><tr><td>2003<\/td><td>Landesmuseum f\u00fcr Kunst- und Kulturgeschichte, Schleswig<\/td><\/tr><tr><td>1997<\/td><td>Galerie Eva Poll, Berlin<\/td><\/tr><tr><td>1989<\/td><td>St\u00e4dtische Galerie Oberhausen<br>Staatliche Kunsthalle Berlin<\/td><\/tr><tr><td>1985-1986<\/td><td>Neue Nationalgalerie Berlin<\/td><\/tr><tr><td>1984<\/td><td>Galerie Eva Poll, Berlin<\/td><\/tr><tr><td>1983-1984<\/td><td>Kunstverein Trondheim (Norwegen)<br>Kunstnernes Hus, Oslo<br>Kunsthalle Malm\u00f6 (Schweden)<br>\u00c5rhus Kunstmuseum (D\u00e4nemark)<\/td><\/tr><tr><td>1980<\/td><td>Kunstverein Augsburg<br>Frankfurter Kunstverein<\/td><\/tr><tr><td>1978<\/td><td>Kunsthaus Hamburg<br>Kunstverein Hamburg<\/td><\/tr><tr><td>1977<\/td><td>Kasseler Kunstverein<\/td><\/tr><tr><td>1974<\/td><td>Kunstverein Hamburg<br>Kunsthalle T\u00fcbingen<\/td><\/tr><tr><td>1968<\/td><td>Schleswig-Holsteinisches Landesmuseum, Schleswig<\/td><\/tr><\/tbody><\/table><\/figure>\n","protected":false},"excerpt":{"rendered":"<p>Einzelausstellungen (Auswahl) 2016 Landesmuseum f\u00fcr Kunst- und Kulturgeschichte, SchleswigKunststiftung Poll, Berlin 2015 Willy-Brandt-Haus, Berlin 2010 Kulturzentrum Marstall, Ahrensburg 2009 Fabrik der K\u00fcnste, Hamburg 2006 Freie Akademie der K\u00fcnste in Hamburg e.V. 2003 Galerie Eva Poll, Berlin 1990 Galerie Eva Poll, Berlin 1988 Kunstverein KarlsruheStaatliche Kunsthalle Berlin 1987 Kunsthalle zu KielMuseum Hansestadt L\u00fcbeck 1986 Freie Akademie [&hellip;]<\/p>\n","protected":false},"author":1,"featured_media":0,"parent":927,"menu_order":1,"comment_status":"closed","ping_status":"closed","template":"kuenstler-text.php","meta":{"_acf_changed":false,"footnotes":""},"class_list":["post-1278","page","type-page","status-publish","hentry"],"acf":[],"_links":{"self":[{"href":"https:\/\/poll-berlin.de\/galerie\/wp-json\/wp\/v2\/pages\/1278","targetHints":{"allow":["GET"]}}],"collection":[{"href":"https:\/\/poll-berlin.de\/galerie\/wp-json\/wp\/v2\/pages"}],"about":[{"href":"https:\/\/poll-berlin.de\/galerie\/wp-json\/wp\/v2\/types\/page"}],"author":[{"embeddable":true,"href":"https:\/\/poll-berlin.de\/galerie\/wp-json\/wp\/v2\/users\/1"}],"replies":[{"embeddable":true,"href":"https:\/\/poll-berlin.de\/galerie\/wp-json\/wp\/v2\/comments?post=1278"}],"version-history":[{"count":12,"href":"https:\/\/poll-berlin.de\/galerie\/wp-json\/wp\/v2\/pages\/1278\/revisions"}],"predecessor-version":[{"id":43343,"href":"https:\/\/poll-berlin.de\/galerie\/wp-json\/wp\/v2\/pages\/1278\/revisions\/43343"}],"up":[{"embeddable":true,"href":"https:\/\/poll-berlin.de\/galerie\/wp-json\/wp\/v2\/pages\/927"}],"wp:attachment":[{"href":"https:\/\/poll-berlin.de\/galerie\/wp-json\/wp\/v2\/media?parent=1278"}],"curies":[{"name":"wp","href":"https:\/\/api.w.org\/{rel}","templated":true}]}}