{"id":1277,"date":"2022-01-18T14:01:13","date_gmt":"2022-01-18T13:01:13","guid":{"rendered":"https:\/\/poll-berlin.de\/galerie\/?page_id=1277"},"modified":"2024-03-12T17:57:42","modified_gmt":"2024-03-12T16:57:42","slug":"biografie","status":"publish","type":"page","link":"https:\/\/poll-berlin.de\/galerie\/weitere-kuenstler\/harald-duwe\/biografie\/","title":{"rendered":"Biografie"},"content":{"rendered":"\n<p><strong>Biografie<\/strong><\/p>\n\n\n\n<div style=\"height:10px\" aria-hidden=\"true\" class=\"wp-block-spacer\"><\/div>\n\n\n\n<figure class=\"wp-block-table\"><table><tbody><tr><td>1926<\/td><td>geboren in Hamburg<\/td><\/tr><tr><td>1942-1945<\/td><td>Lehre als Lithograph in Hamburg und Leipzig<\/td><\/tr><tr><td>1943<\/td><td>neunmonatige Unterbrechung (Reicharbeitsdienst)<\/td><\/tr><tr><td>1944-1945<\/td><td>Milit\u00e4rdienst und Kriegsgefangenschaft<\/td><\/tr><tr><td>1945-1950<\/td><td>Studium an der Landeskunstschule Hamburg bei Prof. Willem Grimm und Prof. Erich Hartmann<\/td><\/tr><tr><td>1948-1949<\/td><td>Stipendium f\u00fcr zwei Semester an der K\u00f6niglichen Akademie in Stockholm<\/td><\/tr><tr><td>seit 1950<\/td><td>Arbeit als freischaffender Maler in Hamburg<\/td><\/tr><tr><td>1964<\/td><td>Lehrer f\u00fcr r\u00e4umliches Darstellen an der Ingenieurschule f\u00fcr Fahrzeugtechnik in Hamburg<\/td><\/tr><tr><td>1975-1984<\/td><td>Lehrauftrag f\u00fcr Malerei an der Fachhochschule f\u00fcr Gestaltung Kiel<\/td><\/tr><tr><td>1984<\/td><td>gestorben in Tremsb\u00fcttel (Verkehrsunfall)<\/td><\/tr><\/tbody><\/table><\/figure>\n\n\n\n<div style=\"height:10px\" aria-hidden=\"true\" class=\"wp-block-spacer\"><\/div>\n\n\n\n<p><strong>Preise und Stipendien<\/strong><\/p>\n\n\n\n<div style=\"height:10px\" aria-hidden=\"true\" class=\"wp-block-spacer\"><\/div>\n\n\n\n<figure class=\"wp-block-table\"><table><tbody><tr><td>1981<\/td><td>Kulturpreis der Landeshauptstadt Kiel<\/td><\/tr><tr><td>1970<\/td><td>Edwin-Scharff-Preis der Stadt Hamburg<\/td><\/tr><tr><td>1966<\/td><td>Stipendium des Landes Schleswig-Holstein<\/td><\/tr><\/tbody><\/table><\/figure>\n","protected":false},"excerpt":{"rendered":"<p>Biografie 1926 geboren in Hamburg 1942-1945 Lehre als Lithograph in Hamburg und Leipzig 1943 neunmonatige Unterbrechung (Reicharbeitsdienst) 1944-1945 Milit\u00e4rdienst und Kriegsgefangenschaft 1945-1950 Studium an der Landeskunstschule Hamburg bei Prof. Willem Grimm und Prof. Erich Hartmann 1948-1949 Stipendium f\u00fcr zwei Semester an der K\u00f6niglichen Akademie in Stockholm seit 1950 Arbeit als freischaffender Maler in Hamburg 1964 [&hellip;]<\/p>\n","protected":false},"author":1,"featured_media":0,"parent":927,"menu_order":0,"comment_status":"closed","ping_status":"closed","template":"kuenstler-text.php","meta":{"_acf_changed":false,"footnotes":""},"class_list":["post-1277","page","type-page","status-publish","hentry"],"acf":[],"_links":{"self":[{"href":"https:\/\/poll-berlin.de\/galerie\/wp-json\/wp\/v2\/pages\/1277","targetHints":{"allow":["GET"]}}],"collection":[{"href":"https:\/\/poll-berlin.de\/galerie\/wp-json\/wp\/v2\/pages"}],"about":[{"href":"https:\/\/poll-berlin.de\/galerie\/wp-json\/wp\/v2\/types\/page"}],"author":[{"embeddable":true,"href":"https:\/\/poll-berlin.de\/galerie\/wp-json\/wp\/v2\/users\/1"}],"replies":[{"embeddable":true,"href":"https:\/\/poll-berlin.de\/galerie\/wp-json\/wp\/v2\/comments?post=1277"}],"version-history":[{"count":13,"href":"https:\/\/poll-berlin.de\/galerie\/wp-json\/wp\/v2\/pages\/1277\/revisions"}],"predecessor-version":[{"id":36469,"href":"https:\/\/poll-berlin.de\/galerie\/wp-json\/wp\/v2\/pages\/1277\/revisions\/36469"}],"up":[{"embeddable":true,"href":"https:\/\/poll-berlin.de\/galerie\/wp-json\/wp\/v2\/pages\/927"}],"wp:attachment":[{"href":"https:\/\/poll-berlin.de\/galerie\/wp-json\/wp\/v2\/media?parent=1277"}],"curies":[{"name":"wp","href":"https:\/\/api.w.org\/{rel}","templated":true}]}}