{"id":1270,"date":"2022-01-18T13:06:19","date_gmt":"2022-01-18T12:06:19","guid":{"rendered":"https:\/\/poll-berlin.de\/galerie\/?page_id=1270"},"modified":"2025-08-26T14:02:56","modified_gmt":"2025-08-26T12:02:56","slug":"ausstellungen","status":"publish","type":"page","link":"https:\/\/poll-berlin.de\/galerie\/weitere-kuenstler\/hans-juergen-diehl\/ausstellungen\/","title":{"rendered":"Ausstellungen"},"content":{"rendered":"\n<p><strong>Einzelausstellungen (Auswahl)<\/strong><\/p>\n\n\n\n<div style=\"height:10px\" aria-hidden=\"true\" class=\"wp-block-spacer\"><\/div>\n\n\n\n<figure class=\"wp-block-table\"><table><tbody><tr><td>2014<\/td><td>Galerie Hovestadt, Nottuln<\/td><\/tr><tr><td>2007<\/td><td>Kulturzentrum Kolvenburg, Billerbeck<\/td><\/tr><tr><td>2005<\/td><td>Kesselhaus Linden, Hannover<br>Kunsthaus Potsdam<\/td><\/tr><tr><td>2000<\/td><td>Kesselhaus Linden, Hannover<\/td><\/tr><tr><td>1995<\/td><td>Galerie Limmer, Freiburg<\/td><\/tr><tr><td>1989<\/td><td>Galerie Eva Poll, Berlin<\/td><\/tr><tr><td>1985<\/td><td>Staatliche Kunsthalle Berlin<\/td><\/tr><tr><td>1980<\/td><td>Galerie Eva Poll, Berlin<\/td><\/tr><tr><td>1977<\/td><td>Museum Ulm<br>Kunstverein Hannover<\/td><\/tr><tr><td>1976<\/td><td>Galerie Eva Poll, Berlin<\/td><\/tr><tr><td>1972<\/td><td>Institut f\u00fcr Moderne Kunst, N\u00fcrnberg<\/td><\/tr><tr><td>1969<\/td><td>Galerie Niepel, D\u00fcsseldorf<\/td><\/tr><tr><td>1966<\/td><td>Gro\u00dfg\u00f6rschen 35, Berlin<\/td><\/tr><tr><td>1964<\/td><td>Gro\u00dfg\u00f6rschen 35, Berlin<\/td><\/tr><\/tbody><\/table><\/figure>\n\n\n\n<div style=\"height:10px\" aria-hidden=\"true\" class=\"wp-block-spacer\"><\/div>\n\n\n\n<p><strong>Gruppenausstellungen (Auswahl)<\/strong><\/p>\n\n\n\n<div style=\"height:10px\" aria-hidden=\"true\" class=\"wp-block-spacer\"><\/div>\n\n\n\n<figure class=\"wp-block-table\"><table><tbody><tr><td>2025<\/td><td>Sammlung Scharf-Gerstenberg, Berlin<\/td><\/tr><tr><td>2023<\/td><td>Inselgalerie, Berlin<\/td><\/tr><tr><td>2018<\/td><td>Ludwig Forum f\u00fcr Internationale Kunst, Aachen<\/td><\/tr><tr><td>2015-2016<\/td><td>Kunsthalle Jesuitenkirche, Aschaffenburg<\/td><\/tr><tr><td>2014<\/td><td>Haus am Kleistpark, Berlin<br>Museum f\u00fcr aktuelle Kunst \u2013 Sammlung Hurrle, Durbach<\/td><\/tr><tr><td>2012<\/td><td>St\u00e4dtische Museen Heilbronn<\/td><\/tr><tr><td>2008<\/td><td>Museum der Stadt Ratingen<\/td><\/tr><tr><td>2007<\/td><td>Kunsthaus Potsdam<\/td><\/tr><tr><td>2005-2006<\/td><td>Galerie Eva Poll, Berlin<br>Universit\u00e4t der K\u00fcnste (UdK)<br>Berlinische Galerie &#8211; Museum f\u00fcr Moderne Kunst<\/td><\/tr><tr><td>1991<\/td><td>\u201eInterferenzen\u201d, Wanderausstellung<br>Kunsthalle D\u00fcsseldorf<br>The Hugh Lane Gallery, Dublin<\/td><\/tr><tr><td>1990<\/td><td>Altes Museum der Staatlichen Museen zu Berlin<br>Berlinische Galerie &#8211; Museum f\u00fcr Moderne Kunst<\/td><\/tr><tr><td>1988<\/td><td>Berlinische Galerie &#8211; Museum f\u00fcr Moderne Kunst<\/td><\/tr><tr><td>1987<\/td><td>Staatliche Kunsthalle Berlin<\/td><\/tr><tr><td>1983<\/td><td>Hirshhorn Museum, Washington, D.C.<\/td><\/tr><tr><td>1980<\/td><td>Institute of Contemporary Arts, London<\/td><\/tr><tr><td>1977<\/td><td>New School Art Center, New York City<\/td><\/tr><tr><td>1976<\/td><td>5. Biennale f\u00fcr Druckgrafik, Florenz <br>4. Biennale f\u00fcr Druckgrafik, Krakau (Polen)<\/td><\/tr><tr><td>1974<\/td><td>25. Salon de Jeune Peinture, Paris<br>X. Biennale Internationale d\u2019Art, Menton<\/td><\/tr><tr><td>1971<\/td><td>7. Biennale des Jeunes, Paris<\/td><\/tr><tr><td>1966<\/td><td>M\u00e4rkisches Museum Witten<\/td><\/tr><tr><td>1965<\/td><td>Gro\u00dfg\u00f6rschen 35, Berlin<\/td><\/tr><\/tbody><\/table><\/figure>\n","protected":false},"excerpt":{"rendered":"<p>Einzelausstellungen (Auswahl) 2014 Galerie Hovestadt, Nottuln 2007 Kulturzentrum Kolvenburg, Billerbeck 2005 Kesselhaus Linden, HannoverKunsthaus Potsdam 2000 Kesselhaus Linden, Hannover 1995 Galerie Limmer, Freiburg 1989 Galerie Eva Poll, Berlin 1985 Staatliche Kunsthalle Berlin 1980 Galerie Eva Poll, Berlin 1977 Museum UlmKunstverein Hannover 1976 Galerie Eva Poll, Berlin 1972 Institut f\u00fcr Moderne Kunst, N\u00fcrnberg 1969 Galerie Niepel, [&hellip;]<\/p>\n","protected":false},"author":1,"featured_media":0,"parent":926,"menu_order":1,"comment_status":"closed","ping_status":"closed","template":"kuenstler-text.php","meta":{"_acf_changed":false,"footnotes":""},"class_list":["post-1270","page","type-page","status-publish","hentry"],"acf":[],"_links":{"self":[{"href":"https:\/\/poll-berlin.de\/galerie\/wp-json\/wp\/v2\/pages\/1270","targetHints":{"allow":["GET"]}}],"collection":[{"href":"https:\/\/poll-berlin.de\/galerie\/wp-json\/wp\/v2\/pages"}],"about":[{"href":"https:\/\/poll-berlin.de\/galerie\/wp-json\/wp\/v2\/types\/page"}],"author":[{"embeddable":true,"href":"https:\/\/poll-berlin.de\/galerie\/wp-json\/wp\/v2\/users\/1"}],"replies":[{"embeddable":true,"href":"https:\/\/poll-berlin.de\/galerie\/wp-json\/wp\/v2\/comments?post=1270"}],"version-history":[{"count":14,"href":"https:\/\/poll-berlin.de\/galerie\/wp-json\/wp\/v2\/pages\/1270\/revisions"}],"predecessor-version":[{"id":43870,"href":"https:\/\/poll-berlin.de\/galerie\/wp-json\/wp\/v2\/pages\/1270\/revisions\/43870"}],"up":[{"embeddable":true,"href":"https:\/\/poll-berlin.de\/galerie\/wp-json\/wp\/v2\/pages\/926"}],"wp:attachment":[{"href":"https:\/\/poll-berlin.de\/galerie\/wp-json\/wp\/v2\/media?parent=1270"}],"curies":[{"name":"wp","href":"https:\/\/api.w.org\/{rel}","templated":true}]}}