{"id":1261,"date":"2021-12-16T18:12:03","date_gmt":"2021-12-16T17:12:03","guid":{"rendered":"https:\/\/poll-berlin.de\/galerie\/?page_id=1261"},"modified":"2025-10-14T18:41:43","modified_gmt":"2025-10-14T16:41:43","slug":"biografie","status":"publish","type":"page","link":"https:\/\/poll-berlin.de\/galerie\/weitere-kuenstler\/bernd-damke\/biografie\/","title":{"rendered":"Biografie"},"content":{"rendered":"\n<p><strong>Biografie<\/strong><\/p>\n\n\n\n<div style=\"height:10px\" aria-hidden=\"true\" class=\"wp-block-spacer\"><\/div>\n\n\n\n<figure class=\"wp-block-table\"><table><tbody><tr><td>1939<\/td><td>geboren in Gr\u00e4fendorf<\/td><\/tr><tr><td>1945<\/td><td>Umzug nach Oldenburg<\/td><\/tr><tr><td>1959-1963<\/td><td>Studium der Kunstp\u00e4dagogik an der Hochschule f\u00fcr Bildende K\u00fcnste, Berlin bei Prof. Fred Thieler und Prof. Mac Zimmermann<\/td><\/tr><tr><td>1968<\/td><td>Mitbegr\u00fcnder der K\u00fcnstlergruppe \u201eB1\u201c im Ruhrgebiet<\/td><\/tr><tr><td>1969<\/td><td>Mitglied im Westdeutschen K\u00fcnstlerbund und im Deutschen K\u00fcnstlerbund<\/td><\/tr><tr><td>1969-1973<\/td><td>Mitbegr\u00fcnder der System-Design-Planungsgruppe f\u00fcr visuelle Leitsysteme<\/td><\/tr><tr><td>1972-2004<\/td><td>Professur f\u00fcr Design an der Fachhochschule M\u00fcnster<\/td><\/tr><tr><td>1979<\/td><td>Gastprofessur an der Fakult\u00e4t f\u00fcr Angewandte Kunst der Helwan University, Kairo<\/td><\/tr><tr><td>1988<\/td><td>Mitglied in der Neuen Darmst\u00e4dter Sezession<\/td><\/tr><tr><td>1991<\/td><td>Mitglied in der Neuen Gruppe M\u00fcnchen<\/td><\/tr><tr><td>2008<\/td><td>Gastprofessur am Higher Institute of Applied Arts, Madinat as-Sadis min Uktubar (\u00c4gypten)<\/td><\/tr><tr><td>2022<\/td><td>gestorben in Berlin<\/td><\/tr><\/tbody><\/table><\/figure>\n\n\n\n<div style=\"height:10px\" aria-hidden=\"true\" class=\"wp-block-spacer\"><\/div>\n\n\n\n<p><strong>Preise und Stipendien<\/strong><\/p>\n\n\n\n<div style=\"height:10px\" aria-hidden=\"true\" class=\"wp-block-spacer\"><\/div>\n\n\n\n<figure class=\"wp-block-table\"><table><tbody><tr><td>1977<\/td><td>Karl-Ernst-Osthaus-Preis der Stadt Hagen<\/td><\/tr><tr><td>1973-1974 <\/td><td>Rom-Preis der Deutschen Akademie Villa Massimo<\/td><\/tr><tr><td>1969<\/td><td>Villa-Romana-Preis, Florenz<br>Kunstpreis der Stadt Gelsenkirchen<\/td><\/tr><\/tbody><\/table><\/figure>\n","protected":false},"excerpt":{"rendered":"<p>Biografie 1939 geboren in Gr\u00e4fendorf 1945 Umzug nach Oldenburg 1959-1963 Studium der Kunstp\u00e4dagogik an der Hochschule f\u00fcr Bildende K\u00fcnste, Berlin bei Prof. Fred Thieler und Prof. Mac Zimmermann 1968 Mitbegr\u00fcnder der K\u00fcnstlergruppe \u201eB1\u201c im Ruhrgebiet 1969 Mitglied im Westdeutschen K\u00fcnstlerbund und im Deutschen K\u00fcnstlerbund 1969-1973 Mitbegr\u00fcnder der System-Design-Planungsgruppe f\u00fcr visuelle Leitsysteme 1972-2004 Professur f\u00fcr Design [&hellip;]<\/p>\n","protected":false},"author":1,"featured_media":0,"parent":925,"menu_order":0,"comment_status":"closed","ping_status":"closed","template":"kuenstler-text.php","meta":{"_acf_changed":false,"footnotes":""},"class_list":["post-1261","page","type-page","status-publish","hentry"],"acf":[],"_links":{"self":[{"href":"https:\/\/poll-berlin.de\/galerie\/wp-json\/wp\/v2\/pages\/1261","targetHints":{"allow":["GET"]}}],"collection":[{"href":"https:\/\/poll-berlin.de\/galerie\/wp-json\/wp\/v2\/pages"}],"about":[{"href":"https:\/\/poll-berlin.de\/galerie\/wp-json\/wp\/v2\/types\/page"}],"author":[{"embeddable":true,"href":"https:\/\/poll-berlin.de\/galerie\/wp-json\/wp\/v2\/users\/1"}],"replies":[{"embeddable":true,"href":"https:\/\/poll-berlin.de\/galerie\/wp-json\/wp\/v2\/comments?post=1261"}],"version-history":[{"count":16,"href":"https:\/\/poll-berlin.de\/galerie\/wp-json\/wp\/v2\/pages\/1261\/revisions"}],"predecessor-version":[{"id":44364,"href":"https:\/\/poll-berlin.de\/galerie\/wp-json\/wp\/v2\/pages\/1261\/revisions\/44364"}],"up":[{"embeddable":true,"href":"https:\/\/poll-berlin.de\/galerie\/wp-json\/wp\/v2\/pages\/925"}],"wp:attachment":[{"href":"https:\/\/poll-berlin.de\/galerie\/wp-json\/wp\/v2\/media?parent=1261"}],"curies":[{"name":"wp","href":"https:\/\/api.w.org\/{rel}","templated":true}]}}