{"id":1239,"date":"2021-06-24T16:20:07","date_gmt":"2021-06-24T14:20:07","guid":{"rendered":"https:\/\/poll-berlin.de\/galerie\/?page_id=1239"},"modified":"2025-06-24T14:50:00","modified_gmt":"2025-06-24T12:50:00","slug":"werke-in-sammlungen","status":"publish","type":"page","link":"https:\/\/poll-berlin.de\/galerie\/kuenstler-der-galerie\/l-m-wintersberger\/werke-in-sammlungen\/","title":{"rendered":"Werke in Sammlungen"},"content":{"rendered":"\n<p><strong>Werke in Sammlungen<\/strong><\/p>\n\n\n\n<p>Kunststiftung Poll, Berlin<br>Museum am Ostwall, Dortmund<br>Stiftung Museum Kunstpalast, D\u00fcsseldorf<br>Sammlung Deutsche Bank, Frankfurt am Main<br>St\u00e4del Museum, Frankfurt am Main<br>Stedelijk Museum voor Actuele Kunst, Gent<br>Sprengel Museum Hannover<br>Sammlung W\u00fcrth, K\u00fcnzelsau<br>Daimler Art Collection, Stuttgart<br>Kunstmuseum Stuttgart<br>Staatsgalerie Stuttgart<br>Art Gallery of New South Wales, Sydney<br>Centraal Museum Utrecht <br>St\u00e4dtische Galerie Wolfsburg<\/p>\n\n\n\n<div style=\"height:10px\" aria-hidden=\"true\" class=\"wp-block-spacer\"><\/div>\n","protected":false},"excerpt":{"rendered":"<p>Werke in Sammlungen Kunststiftung Poll, BerlinMuseum am Ostwall, DortmundStiftung Museum Kunstpalast, D\u00fcsseldorfSammlung Deutsche Bank, Frankfurt am MainSt\u00e4del Museum, Frankfurt am MainStedelijk Museum voor Actuele Kunst, GentSprengel Museum HannoverSammlung W\u00fcrth, K\u00fcnzelsauDaimler Art Collection, StuttgartKunstmuseum StuttgartStaatsgalerie StuttgartArt Gallery of New South Wales, SydneyCentraal Museum Utrecht St\u00e4dtische Galerie Wolfsburg<\/p>\n","protected":false},"author":1,"featured_media":0,"parent":1091,"menu_order":2,"comment_status":"closed","ping_status":"closed","template":"kuenstler-text.php","meta":{"_acf_changed":false,"footnotes":""},"class_list":["post-1239","page","type-page","status-publish","hentry"],"acf":[],"_links":{"self":[{"href":"https:\/\/poll-berlin.de\/galerie\/wp-json\/wp\/v2\/pages\/1239","targetHints":{"allow":["GET"]}}],"collection":[{"href":"https:\/\/poll-berlin.de\/galerie\/wp-json\/wp\/v2\/pages"}],"about":[{"href":"https:\/\/poll-berlin.de\/galerie\/wp-json\/wp\/v2\/types\/page"}],"author":[{"embeddable":true,"href":"https:\/\/poll-berlin.de\/galerie\/wp-json\/wp\/v2\/users\/1"}],"replies":[{"embeddable":true,"href":"https:\/\/poll-berlin.de\/galerie\/wp-json\/wp\/v2\/comments?post=1239"}],"version-history":[{"count":7,"href":"https:\/\/poll-berlin.de\/galerie\/wp-json\/wp\/v2\/pages\/1239\/revisions"}],"predecessor-version":[{"id":43121,"href":"https:\/\/poll-berlin.de\/galerie\/wp-json\/wp\/v2\/pages\/1239\/revisions\/43121"}],"up":[{"embeddable":true,"href":"https:\/\/poll-berlin.de\/galerie\/wp-json\/wp\/v2\/pages\/1091"}],"wp:attachment":[{"href":"https:\/\/poll-berlin.de\/galerie\/wp-json\/wp\/v2\/media?parent=1239"}],"curies":[{"name":"wp","href":"https:\/\/api.w.org\/{rel}","templated":true}]}}