{"id":1238,"date":"2021-06-29T16:43:08","date_gmt":"2021-06-29T14:43:08","guid":{"rendered":"https:\/\/poll-berlin.de\/galerie\/?page_id=1238"},"modified":"2025-07-01T16:40:01","modified_gmt":"2025-07-01T14:40:01","slug":"ausstellungen","status":"publish","type":"page","link":"https:\/\/poll-berlin.de\/galerie\/kuenstler-der-galerie\/l-m-wintersberger\/ausstellungen\/","title":{"rendered":"Ausstellungen"},"content":{"rendered":"\n<p><strong>Einzelausstellungen (Auswah<\/strong>l)<\/p>\n\n\n\n<div style=\"height:10px\" aria-hidden=\"true\" class=\"wp-block-spacer\"><\/div>\n\n\n\n<figure class=\"wp-block-table\"><table><tbody><tr><td>2016<\/td><td>Galerie Poll und Kunststiftung Poll, Berlin<\/td><\/tr><tr><td>2008<\/td><td>Stadthalle, Kehl am Rhein<\/td><\/tr><tr><td>2007<\/td><td>Schlossfeldgalerie, Haigerloch<br>Ketterer Kunst, Berlin<\/td><\/tr><tr><td>2006<\/td><td>Kunststiftung Poll, Berlin<br>Museum im Ritterhaus, Offenburg<\/td><\/tr><tr><td>2005<\/td><td>Galerie manus presse, Stuttgart<\/td><\/tr><tr><td>2003<\/td><td>Galerie Eva Poll, Berlin<\/td><\/tr><tr><td>2001<\/td><td>W\u00fcrttembergischer Kunstverein, Stuttgart<\/td><\/tr><tr><td>1999<\/td><td>Gallery Tasende, Los Angeles<br>Hospitalkirche Stuttgart<\/td><\/tr><tr><td>1994<\/td><td>Galerie der Stadt Kornwestheim<\/td><\/tr><tr><td>1992<\/td><td>Galerie manus presse, Stuttgart<\/td><\/tr><tr><td>1989<\/td><td>Galerie Eva Poll, Berlin<br>Forum Kunst, Rottweil<\/td><\/tr><tr><td>1988<\/td><td>Galerie Bemis, Omaha (USA)<\/td><\/tr><tr><td>1986<\/td><td>Galerie Eva Poll, Berlin<\/td><\/tr><tr><td>1985<\/td><td>Kunsthalle Wilhelmshaven<br>Kunstmuseum M\u00fclheim an der Ruhr<br>Badischer Kunstverein Karlsruhe<br>K\u00fcnstlerhaus Stuttgart<\/td><\/tr><tr><td>1984<\/td><td>Galerie Priska Meier, Luzern<br>St\u00e4dtische Galerie Altes Theater, Ravensburg<br>Schloss Heutingsheim, Freiberg am Neckar<\/td><\/tr><tr><td>1983<\/td><td>Galerie Eva Poll, Berlin<br>Kunstverein Esslingen<\/td><\/tr><tr><td>1978<\/td><td>Wilhelm-Morgner-Haus, Soest<br>Leopold-Hoesch-Museum, D\u00fcren<\/td><\/tr><tr><td>1976<\/td><td>Kunstverein Braunschweig<\/td><\/tr><tr><td>1973<\/td><td>Galerie Marzona, Bielefeld<\/td><\/tr><tr><td>1971<\/td><td>Pyramid Galleries, Washington, D.C.<\/td><\/tr><tr><td>1969<\/td><td>Zentrum f\u00fcr aktuelle Kunst &#8211; Gegenverkehr, Aachen<br>Museum der Stadt Ulm<\/td><\/tr><tr><td>1968<\/td><td>Galerie Ren\u00e9 Block, Berlin<\/td><\/tr><tr><td>1966<\/td><td>Haus am L\u00fctzowplatz, Berlin<\/td><\/tr><tr><td>1965<\/td><td>Gro\u00dfg\u00f6rschen 35, Berlin<\/td><\/tr><\/tbody><\/table><\/figure>\n\n\n\n<div style=\"height:10px\" aria-hidden=\"true\" class=\"wp-block-spacer\"><\/div>\n\n\n\n<p><strong>Gruppenausstellungen (Auswahl)<\/strong><\/p>\n\n\n\n<div style=\"height:10px\" aria-hidden=\"true\" class=\"wp-block-spacer\"><\/div>\n\n\n\n<figure class=\"wp-block-table\"><table><tbody><tr><td>2019<\/td><td>Galerie Poll, Berlin<\/td><\/tr><tr><td>2018<\/td><td>Ludwig Forum f\u00fcr Internationale Kunst, Aachen<\/td><\/tr><tr><td>2015-2016<\/td><td>Kunsthalle Jesuitenkirche, Aschaffenburg<\/td><\/tr><tr><td>2014-2015<\/td><td>Museum f\u00fcr aktuelle Kunst \u2013 Sammlung Hurrle, Durbach<\/td><\/tr><tr><td>2014<\/td><td>Haus am Kleistpark, Berlin<br>Galerie Poll, Berlin<br>Schirn Kunsthalle Frankfurt<\/td><\/tr><tr><td>2012<\/td><td>St\u00e4dtische Museen Heilbronn<\/td><\/tr><tr><td>2009<\/td><td>Forum W\u00fcrth, Arlesheim<\/td><\/tr><tr><td>2005<\/td><td>Museum W\u00fcrth, K\u00fcnzelsau<br>Kunstmuseum Stuttgart<\/td><\/tr><tr><td>1993<\/td><td>Badischer Kunstverein, Karlsruhe<\/td><\/tr><tr><td>1987<\/td><td>Galerie Eva Poll, Berlin<\/td><\/tr><tr><td>1985-1986<\/td><td>Neue Nationalgalerie der Staatlichen Museen zu Berlin<\/td><\/tr><tr><td>1984<\/td><td>Goethe-Institut London<br>W\u00fcrttembergischer Kunstverein, Stuttgart<\/td><\/tr><tr><td>1982<\/td><td>Gro\u00dfe Kunstausstellung M\u00fcnchen<\/td><\/tr><tr><td>1972<\/td><td>Gruga-Hallen, Essen<\/td><\/tr><tr><td>1971<\/td><td>11. Biennale in S\u00e3o Paulo (Brasilien)<\/td><\/tr><tr><td>1970<\/td><td>Kunstverein Kassel<\/td><\/tr><tr><td>1969<\/td><td>Kunsthalle Recklinghausen<br>6. Biennale des Jeunes, Paris<br>Josef-Haubrich-Kunsthalle, K\u00f6ln<\/td><\/tr><tr><td>1968<\/td><td>Kunstverein Hannover<br>Gro\u00dfe Kunstausstellung M\u00fcnchen<br>Kunsthalle Recklinghausen<\/td><\/tr><tr><td>1967<\/td><td>Kunstverein Braunschweig<br>W\u00fcrttembergischer Kunstverein Stuttgart<br>Kunsthalle Recklinghausen<br>Museum am Ostwall, Dortmund<br>Haus am Waldsee, Berlin<\/td><\/tr><tr><td>1966<\/td><td>Haus am Waldsee, Berlin<br>M\u00e4rkisches Museum Witten<br>Gro\u00dfe Kunstausstellung M\u00fcnchen<\/td><\/tr><tr><td>1965<\/td><td>Gro\u00dfe Berliner Kunstausstellung<\/td><\/tr><\/tbody><\/table><\/figure>\n","protected":false},"excerpt":{"rendered":"<p>Einzelausstellungen (Auswahl) 2016 Galerie Poll und Kunststiftung Poll, Berlin 2008 Stadthalle, Kehl am Rhein 2007 Schlossfeldgalerie, HaigerlochKetterer Kunst, Berlin 2006 Kunststiftung Poll, BerlinMuseum im Ritterhaus, Offenburg 2005 Galerie manus presse, Stuttgart 2003 Galerie Eva Poll, Berlin 2001 W\u00fcrttembergischer Kunstverein, Stuttgart 1999 Gallery Tasende, Los AngelesHospitalkirche Stuttgart 1994 Galerie der Stadt Kornwestheim 1992 Galerie manus presse, [&hellip;]<\/p>\n","protected":false},"author":1,"featured_media":0,"parent":1091,"menu_order":1,"comment_status":"closed","ping_status":"closed","template":"kuenstler-text.php","meta":{"_acf_changed":false,"footnotes":""},"class_list":["post-1238","page","type-page","status-publish","hentry"],"acf":[],"_links":{"self":[{"href":"https:\/\/poll-berlin.de\/galerie\/wp-json\/wp\/v2\/pages\/1238","targetHints":{"allow":["GET"]}}],"collection":[{"href":"https:\/\/poll-berlin.de\/galerie\/wp-json\/wp\/v2\/pages"}],"about":[{"href":"https:\/\/poll-berlin.de\/galerie\/wp-json\/wp\/v2\/types\/page"}],"author":[{"embeddable":true,"href":"https:\/\/poll-berlin.de\/galerie\/wp-json\/wp\/v2\/users\/1"}],"replies":[{"embeddable":true,"href":"https:\/\/poll-berlin.de\/galerie\/wp-json\/wp\/v2\/comments?post=1238"}],"version-history":[{"count":10,"href":"https:\/\/poll-berlin.de\/galerie\/wp-json\/wp\/v2\/pages\/1238\/revisions"}],"predecessor-version":[{"id":43297,"href":"https:\/\/poll-berlin.de\/galerie\/wp-json\/wp\/v2\/pages\/1238\/revisions\/43297"}],"up":[{"embeddable":true,"href":"https:\/\/poll-berlin.de\/galerie\/wp-json\/wp\/v2\/pages\/1091"}],"wp:attachment":[{"href":"https:\/\/poll-berlin.de\/galerie\/wp-json\/wp\/v2\/media?parent=1238"}],"curies":[{"name":"wp","href":"https:\/\/api.w.org\/{rel}","templated":true}]}}