{"id":1237,"date":"2021-06-24T16:37:03","date_gmt":"2021-06-24T14:37:03","guid":{"rendered":"https:\/\/poll-berlin.de\/galerie\/?page_id=1237"},"modified":"2024-03-12T17:26:55","modified_gmt":"2024-03-12T16:26:55","slug":"biografie","status":"publish","type":"page","link":"https:\/\/poll-berlin.de\/galerie\/kuenstler-der-galerie\/l-m-wintersberger\/biografie\/","title":{"rendered":"Biografie"},"content":{"rendered":"\n<p><strong>Biografie<\/strong><\/p>\n\n\n\n<div style=\"height:10px\" aria-hidden=\"true\" class=\"wp-block-spacer\"><\/div>\n\n\n\n<figure class=\"wp-block-table\"><table><tbody><tr><td>1941<\/td><td>geboren in M\u00fcnchen<\/td><\/tr><tr><td>1958-1961<\/td><td>Dekorationsmaler, Kirchen- und Glasmaler, Mosaikenbildner (Autodidakt)<\/td><\/tr><tr><td>1959-1961<\/td><td>Studium der Malerei an der Akademie der Bildenden K\u00fcnste M\u00fcnchen<\/td><\/tr><tr><td>1961-1964<\/td><td>Studium an der Accademia di Belle Arti, Florenz<\/td><\/tr><tr><td>1964<\/td><td>Mitbegr\u00fcnder der Ausstellungsgemeinschaft &#8222;Gro\u00dfg\u00f6rschen 35&#8220;<\/td><\/tr><tr><td>1964-1968<\/td><td>freischaffend t\u00e4tig als Maler in West-Berlin<\/td><\/tr><tr><td>1969<\/td><td>Umzug nach Stuttgart <\/td><\/tr><tr><td>1970<\/td><td>Umzug nach K\u00f6ln<\/td><\/tr><tr><td>1971-1972<\/td><td>Aufenthalt in den USA<\/td><\/tr><tr><td>1972<\/td><td>Umzug nach N\u00f6rvenich<\/td><\/tr><tr><td>1974-1977<\/td><td>Lehrauftrag an der Kunstakademie D\u00fcsseldorf<\/td><\/tr><tr><td>1980-1985<\/td><td>R\u00fcckkehr nach Stuttgart<\/td><\/tr><tr><td>1985<\/td><td>Umzug nach Walbourg im Elsa\u00df<\/td><\/tr><tr><td>1987-1988<\/td><td>Aufenthalt in Omaha, Nebraska und Rundreise durch die USA<\/td><\/tr><tr><td>2013<\/td><td>gestorben in Walbourg (Frankreich)<\/td><\/tr><\/tbody><\/table><\/figure>\n\n\n\n<div style=\"height:10px\" aria-hidden=\"true\" class=\"wp-block-spacer\"><\/div>\n\n\n\n<p><strong>Preise und Stipendien<\/strong><\/p>\n\n\n\n<div style=\"height:10px\" aria-hidden=\"true\" class=\"wp-block-spacer\"><\/div>\n\n\n\n<figure class=\"wp-block-table\"><table><tbody><tr><td>1992<\/td><td>Preistr\u00e4ger des Centre Europ\u00e9en d\u00b4Actions Artistiques Contemporaines in Stra\u00dfburg<\/td><\/tr><tr><td>1969<\/td><td>Preis f\u00fcr Malerei auf der 6. Biennale des Jeunes, Paris<\/td><\/tr><tr><td>1968<\/td><td>Burda-Preis f\u00fcr Bildende Kunst, M\u00fcnchen<\/td><\/tr><\/tbody><\/table><\/figure>\n","protected":false},"excerpt":{"rendered":"<p>Biografie 1941 geboren in M\u00fcnchen 1958-1961 Dekorationsmaler, Kirchen- und Glasmaler, Mosaikenbildner (Autodidakt) 1959-1961 Studium der Malerei an der Akademie der Bildenden K\u00fcnste M\u00fcnchen 1961-1964 Studium an der Accademia di Belle Arti, Florenz 1964 Mitbegr\u00fcnder der Ausstellungsgemeinschaft &#8222;Gro\u00dfg\u00f6rschen 35&#8220; 1964-1968 freischaffend t\u00e4tig als Maler in West-Berlin 1969 Umzug nach Stuttgart 1970 Umzug nach K\u00f6ln 1971-1972 Aufenthalt [&hellip;]<\/p>\n","protected":false},"author":1,"featured_media":0,"parent":1091,"menu_order":0,"comment_status":"closed","ping_status":"closed","template":"kuenstler-text.php","meta":{"_acf_changed":false,"footnotes":""},"class_list":["post-1237","page","type-page","status-publish","hentry"],"acf":[],"_links":{"self":[{"href":"https:\/\/poll-berlin.de\/galerie\/wp-json\/wp\/v2\/pages\/1237","targetHints":{"allow":["GET"]}}],"collection":[{"href":"https:\/\/poll-berlin.de\/galerie\/wp-json\/wp\/v2\/pages"}],"about":[{"href":"https:\/\/poll-berlin.de\/galerie\/wp-json\/wp\/v2\/types\/page"}],"author":[{"embeddable":true,"href":"https:\/\/poll-berlin.de\/galerie\/wp-json\/wp\/v2\/users\/1"}],"replies":[{"embeddable":true,"href":"https:\/\/poll-berlin.de\/galerie\/wp-json\/wp\/v2\/comments?post=1237"}],"version-history":[{"count":9,"href":"https:\/\/poll-berlin.de\/galerie\/wp-json\/wp\/v2\/pages\/1237\/revisions"}],"predecessor-version":[{"id":36451,"href":"https:\/\/poll-berlin.de\/galerie\/wp-json\/wp\/v2\/pages\/1237\/revisions\/36451"}],"up":[{"embeddable":true,"href":"https:\/\/poll-berlin.de\/galerie\/wp-json\/wp\/v2\/pages\/1091"}],"wp:attachment":[{"href":"https:\/\/poll-berlin.de\/galerie\/wp-json\/wp\/v2\/media?parent=1237"}],"curies":[{"name":"wp","href":"https:\/\/api.w.org\/{rel}","templated":true}]}}