{"id":1230,"date":"2021-07-22T17:58:50","date_gmt":"2021-07-22T15:58:50","guid":{"rendered":"https:\/\/poll-berlin.de\/galerie\/?page_id=1230"},"modified":"2025-10-20T18:23:32","modified_gmt":"2025-10-20T16:23:32","slug":"ausstellungen","status":"publish","type":"page","link":"https:\/\/poll-berlin.de\/galerie\/kuenstler-der-galerie\/genni-jenny-wiegmann-mucchi\/ausstellungen\/","title":{"rendered":"Ausstellungen"},"content":{"rendered":"\n<p><strong>Einzelausstellungen (Auswahl)<\/strong><\/p>\n\n\n\n<div style=\"height:10px\" aria-hidden=\"true\" class=\"wp-block-spacer\"><\/div>\n\n\n\n<figure class=\"wp-block-table\"><table><tbody><tr><td>2017<\/td><td>Zitadelle Spandau, Berlin<\/td><\/tr><tr><td>2015-2016<\/td><td>Kunststiftung Poll, Berlin (mit Gabriele Mucchi)<\/td><\/tr><tr><td>2012<\/td><td>Galerie in der Burg, Gro\u00dfbodungen (mit Max Lingner)<\/td><\/tr><tr><td>2008<\/td><td>Inselgalerie, Berlin (mit Gabriele Mucchi)<\/td><\/tr><tr><td>2005<\/td><td>Alte Feuerwache, Eichwalde<\/td><\/tr><tr><td>1999<\/td><td>Ephraim-Palais (mit Gabriele Mucchi)<\/td><\/tr><tr><td>1992<\/td><td>Galerie Bodo Niemann, Berlin<br>Galerie Eva Poll, Berlin<\/td><\/tr><tr><td>1987<\/td><td>Kloster Unser Lieben Frauen, Magdeburg (mit Gabriele Mucchi)<br>Galerie Sophienstra\u00dfe 8, Berlin<\/td><\/tr><tr><td>1980<\/td><td>Fondazione Corrente, Mailand<\/td><\/tr><tr><td>1977<\/td><td>Galerie Eva Poll, Berlin (mit Gabriele Mucchi)<\/td><\/tr><tr><td>1970<\/td><td>Nationalgalerie der Staatlichen Museen zu Berlin<\/td><\/tr><tr><td>1967<\/td><td>Museum der Stadt Greifswald<\/td><\/tr><tr><td>1966<\/td><td>Club der Kulturschaffenden, Berlin<\/td><\/tr><tr><td>1962<\/td><td>Nationalgalerie der Staatlichen Museen zu Berlin<\/td><\/tr><tr><td>1951<\/td><td>Galleria Bergamini, Mailand<\/td><\/tr><tr><td>1947<\/td><td>Galleria Borgonuovo, Mailand<\/td><\/tr><tr><td>1940<\/td><td>Galleria Genova, Genua<\/td><\/tr><tr><td>1932<\/td><td>Preu\u00dfische Akademie der K\u00fcnste, Berlin (mit Berthold M\u00fcller-Oerlinghausen)<\/td><\/tr><tr><td>1929<\/td><td>Galerie Hans Goltz, M\u00fcnchen (mit Berthold M\u00fcller-Oerlinghausen)<\/td><\/tr><tr><td>1927-1930<\/td><td>Ausstellungen mit Berthold M\u00fcller-Oerlinghausen in den Museen von Bielefeld, Duisburg, D\u00fcsseldorf, Kassel, K\u00f6ln, M\u00fcnchen, Utrecht, u.a.<\/td><\/tr><\/tbody><\/table><\/figure>\n\n\n\n<div style=\"height:10px\" aria-hidden=\"true\" class=\"wp-block-spacer\"><\/div>\n\n\n\n<p><strong>Gruppenausstellungen (Auswahl)<\/strong><\/p>\n\n\n\n<div style=\"height:10px\" aria-hidden=\"true\" class=\"wp-block-spacer\"><\/div>\n\n\n\n<figure class=\"wp-block-table\"><table><tbody><tr><td>2025<\/td><td>Galerie Amalienpark, Berlin<\/td><\/tr><tr><td>2023-2024<\/td><td>St\u00e4del Museum, Frankfurt am Main<br>Hamburger Kunsthalle<\/td><\/tr><tr><td>2019<\/td><td>Gerhard-Marcks-Haus, Bremen<br>Museen B\u00f6ttcherstra\u00dfe, Bremen<\/td><\/tr><tr><td>2018<\/td><td>Georg Kolbe Museum, Berlin<br>St\u00e4dtische Museen Heilbronn<\/td><\/tr><tr><td>2013<\/td><td>Kunstraum Innenstadt &#8211; Skulpturensammlung der Waldsiedlung Bernau<\/td><\/tr><tr><td>2011<\/td><td>Galerie Poll, Berlin<\/td><\/tr><tr><td>2005<\/td><td>Georg Kolbe Museum, Berlin<\/td><\/tr><tr><td>1996<\/td><td>Galerie Eva Poll, Berlin<\/td><\/tr><tr><td>1995-1996<\/td><td>Palazzo Ducale, Genua<\/td><\/tr><tr><td>1995<\/td><td>Akademie der K\u00fcnste, Berlin<br>Museo della permanente, Mailand<\/td><\/tr><tr><td>1994<\/td><td>Galerie Eva Poll, Berlin<\/td><\/tr><tr><td>1991<\/td><td>Alte Nationalgalerie der Staatlichen Museen zu Berlin<\/td><\/tr><tr><td>1989<\/td><td>Kleine Galerie Pankow<\/td><\/tr><tr><td>1987-1988<\/td><td>Ausstellung des Zentrums f\u00fcr Kunstausstellungen der DDR in Bonn, M\u00fcnchen und Mannheim<\/td><\/tr><tr><td>1983<\/td><td>Staatliche Galerie Moritzburg, Halle-Saale<\/td><\/tr><tr><td>1979<\/td><td>Altes Museum der Staatlichen Museen zu Berlin<\/td><\/tr><tr><td>1967<\/td><td>Palazzo Strozzi, Florenz<br>Nationalgalerie der Staatlichen Museen zu Berlin<\/td><\/tr><tr><td>1962-1963<\/td><td>V. Kunstausstellung der DDR, Dresden<\/td><\/tr><tr><td>1958<\/td><td>Jahresausstellung der Deutsche Akademie der K\u00fcnste, Berlin<\/td><\/tr><tr><td>1937<\/td><td>Weltausstellung, Paris<\/td><\/tr><tr><td>1934<\/td><td>19. Biennale in Venedig<\/td><\/tr><tr><td>1933<\/td><td>V. Triennale in Mailand<\/td><\/tr><tr><td>1932<\/td><td>Galerie Bonaparte, Paris<\/td><\/tr><tr><td>1929-1930<\/td><td>Gro\u00dfe Berliner Kunstausstellung<\/td><\/tr><tr><td>1928-1937<\/td><td>Verein der Berliner K\u00fcnstlerinnen<\/td><\/tr><tr><td>1927-1930<\/td><td>Berliner Secession<\/td><\/tr><tr><td>1927<\/td><td>Internationale Kunstausstellung \u201eMalerei und Plastik\u201c, New York<\/td><\/tr><tr><td>1925<\/td><td>Vatikan, Rom<\/td><\/tr><tr><td>1921<\/td><td>Kunstsalon Otto Fischer, Bielefeld<\/td><\/tr><\/tbody><\/table><\/figure>\n","protected":false},"excerpt":{"rendered":"<p>Einzelausstellungen (Auswahl) 2017 Zitadelle Spandau, Berlin 2015-2016 Kunststiftung Poll, Berlin (mit Gabriele Mucchi) 2012 Galerie in der Burg, Gro\u00dfbodungen (mit Max Lingner) 2008 Inselgalerie, Berlin (mit Gabriele Mucchi) 2005 Alte Feuerwache, Eichwalde 1999 Ephraim-Palais (mit Gabriele Mucchi) 1992 Galerie Bodo Niemann, BerlinGalerie Eva Poll, Berlin 1987 Kloster Unser Lieben Frauen, Magdeburg (mit Gabriele Mucchi)Galerie Sophienstra\u00dfe [&hellip;]<\/p>\n","protected":false},"author":1,"featured_media":0,"parent":1090,"menu_order":1,"comment_status":"closed","ping_status":"closed","template":"kuenstler-text.php","meta":{"_acf_changed":false,"footnotes":""},"class_list":["post-1230","page","type-page","status-publish","hentry"],"acf":[],"_links":{"self":[{"href":"https:\/\/poll-berlin.de\/galerie\/wp-json\/wp\/v2\/pages\/1230","targetHints":{"allow":["GET"]}}],"collection":[{"href":"https:\/\/poll-berlin.de\/galerie\/wp-json\/wp\/v2\/pages"}],"about":[{"href":"https:\/\/poll-berlin.de\/galerie\/wp-json\/wp\/v2\/types\/page"}],"author":[{"embeddable":true,"href":"https:\/\/poll-berlin.de\/galerie\/wp-json\/wp\/v2\/users\/1"}],"replies":[{"embeddable":true,"href":"https:\/\/poll-berlin.de\/galerie\/wp-json\/wp\/v2\/comments?post=1230"}],"version-history":[{"count":17,"href":"https:\/\/poll-berlin.de\/galerie\/wp-json\/wp\/v2\/pages\/1230\/revisions"}],"predecessor-version":[{"id":44392,"href":"https:\/\/poll-berlin.de\/galerie\/wp-json\/wp\/v2\/pages\/1230\/revisions\/44392"}],"up":[{"embeddable":true,"href":"https:\/\/poll-berlin.de\/galerie\/wp-json\/wp\/v2\/pages\/1090"}],"wp:attachment":[{"href":"https:\/\/poll-berlin.de\/galerie\/wp-json\/wp\/v2\/media?parent=1230"}],"curies":[{"name":"wp","href":"https:\/\/api.w.org\/{rel}","templated":true}]}}