{"id":1221,"date":"2021-06-22T16:43:29","date_gmt":"2021-06-22T14:43:29","guid":{"rendered":"https:\/\/poll-berlin.de\/galerie\/?page_id=1221"},"modified":"2024-03-12T17:23:18","modified_gmt":"2024-03-12T16:23:18","slug":"biografie","status":"publish","type":"page","link":"https:\/\/poll-berlin.de\/galerie\/kuenstler-der-galerie\/norbert-wagenbrett\/biografie\/","title":{"rendered":"Biografie"},"content":{"rendered":"\n<p><strong>Biografie<\/strong><\/p>\n\n\n\n<div style=\"height:10px\" aria-hidden=\"true\" class=\"wp-block-spacer\"><\/div>\n\n\n\n<figure class=\"wp-block-table\"><table><tbody><tr><td>1954<\/td><td>geboren in Leipzig<\/td><\/tr><tr><td>1977-1982<\/td><td>Studium der Malerei an der Hochschule f\u00fcr Grafik und Buchkunst Leipzig bei Arno Rink, Wolfgang Peuker, Volker Stelzmann und Sighard Gille<\/td><\/tr><tr><td>seit 1982<\/td><td>freischaffend t\u00e4tig als Maler in Leipzig<\/td><\/tr><tr><td>1984-1990<\/td><td>Mitglied im Verband Bildender K\u00fcnstler der DDR<\/td><\/tr><tr><td>1986-1988<\/td><td>Meistersch\u00fcler bei Willi Sitte<\/td><\/tr><tr><td>1986-1987<\/td><td>Studienreisen nach Sibirien<\/td><\/tr><tr><td>1990-2022<\/td><td>Mitglied im K\u00fcnstlersonderbund<\/td><\/tr><tr><td>seit 1993<\/td><td>Studienreisen nach Italien und Griechenland<\/td><\/tr><\/tbody><\/table><\/figure>\n\n\n\n<p>Norbert Wagenbrett lebt und arbeitet in Leipzig.<\/p>\n\n\n\n<div style=\"height:10px\" aria-hidden=\"true\" class=\"wp-block-spacer\"><\/div>\n\n\n\n<p><strong>Preise und Stipendien<\/strong><\/p>\n\n\n\n<div style=\"height:10px\" aria-hidden=\"true\" class=\"wp-block-spacer\"><\/div>\n\n\n\n<figure class=\"wp-block-table\"><table><tbody><tr><td>1987<\/td><td>Irene und Peter Ludwig Preis, Wien<\/td><\/tr><\/tbody><\/table><\/figure>\n\n\n\n<div style=\"height:10px\" aria-hidden=\"true\" class=\"wp-block-spacer\"><\/div>\n","protected":false},"excerpt":{"rendered":"<p>Biografie 1954 geboren in Leipzig 1977-1982 Studium der Malerei an der Hochschule f\u00fcr Grafik und Buchkunst Leipzig bei Arno Rink, Wolfgang Peuker, Volker Stelzmann und Sighard Gille seit 1982 freischaffend t\u00e4tig als Maler in Leipzig 1984-1990 Mitglied im Verband Bildender K\u00fcnstler der DDR 1986-1988 Meistersch\u00fcler bei Willi Sitte 1986-1987 Studienreisen nach Sibirien 1990-2022 Mitglied im [&hellip;]<\/p>\n","protected":false},"author":1,"featured_media":0,"parent":1089,"menu_order":0,"comment_status":"closed","ping_status":"closed","template":"kuenstler-text.php","meta":{"_acf_changed":false,"footnotes":""},"class_list":["post-1221","page","type-page","status-publish","hentry"],"acf":[],"_links":{"self":[{"href":"https:\/\/poll-berlin.de\/galerie\/wp-json\/wp\/v2\/pages\/1221","targetHints":{"allow":["GET"]}}],"collection":[{"href":"https:\/\/poll-berlin.de\/galerie\/wp-json\/wp\/v2\/pages"}],"about":[{"href":"https:\/\/poll-berlin.de\/galerie\/wp-json\/wp\/v2\/types\/page"}],"author":[{"embeddable":true,"href":"https:\/\/poll-berlin.de\/galerie\/wp-json\/wp\/v2\/users\/1"}],"replies":[{"embeddable":true,"href":"https:\/\/poll-berlin.de\/galerie\/wp-json\/wp\/v2\/comments?post=1221"}],"version-history":[{"count":4,"href":"https:\/\/poll-berlin.de\/galerie\/wp-json\/wp\/v2\/pages\/1221\/revisions"}],"predecessor-version":[{"id":36446,"href":"https:\/\/poll-berlin.de\/galerie\/wp-json\/wp\/v2\/pages\/1221\/revisions\/36446"}],"up":[{"embeddable":true,"href":"https:\/\/poll-berlin.de\/galerie\/wp-json\/wp\/v2\/pages\/1089"}],"wp:attachment":[{"href":"https:\/\/poll-berlin.de\/galerie\/wp-json\/wp\/v2\/media?parent=1221"}],"curies":[{"name":"wp","href":"https:\/\/api.w.org\/{rel}","templated":true}]}}