{"id":1207,"date":"2021-07-22T15:43:49","date_gmt":"2021-07-22T13:43:49","guid":{"rendered":"https:\/\/poll-berlin.de\/galerie\/?page_id=1207"},"modified":"2025-12-10T12:57:15","modified_gmt":"2025-12-10T11:57:15","slug":"werke-in-sammlungen","status":"publish","type":"page","link":"https:\/\/poll-berlin.de\/galerie\/kuenstler-der-galerie\/peter-sorge\/werke-in-sammlungen\/","title":{"rendered":"Werke in Sammlungen"},"content":{"rendered":"\n<p><strong>Werke in Sammlungen<\/strong><\/p>\n\n\n\n<p>Artothek des Neuen Berliner Kunstvereins (NBK)<br>Berlinische Galerie &#8211; Museum f\u00fcr Moderne Kunst<br>Investitionsbank Berlin (IBB)<br>Kunstamt Charlottenburg, Berlin<br>Kunststiftung Poll, Berlin<br>Kupferstichkabinett der Staatlichen Museen zu Berlin<br>Landesamt f\u00fcr Gesundheit und Soziales Berlin<br>Neue Nationalgalerie der Staatlichen Museen zu Berlin<br>Sammlung zeitgen\u00f6ssischer Kunst der Bundesrepublik Deutschland, Bonn<br>St\u00e4dtische Kunstsammlungen Bonn<br>Goethe-Institute Brasilien<br>Herzog Anton Ulrich-Museum, Braunschweig<br>Staatliche Kunsthalle Darmstadt<br>Kunstverein f\u00fcr die Rheinlande und Westfalen, D\u00fcsseldorf<br>Museum f\u00fcr Moderne Kunst, Frankfurt am Main<br>St\u00e4del Museum, Frankfurt am Main<br>Der Spiegel, Hamburg<br>Nieders\u00e4chsische Landesgalerie Hannover<br>Playboy, M\u00fcnchen<br>St\u00e4dtische Galerie Oberhausen<br>Institut f\u00fcr Auslandsbeziehungen, Stuttgart<br>Kunstmuseum Stuttgart<br>Graphothek, Sydney<br>M\u00e4rkisches Museum, Witten<br>St\u00e4dtische Galerie Wolfsburg<\/p>\n","protected":false},"excerpt":{"rendered":"<p>Werke in Sammlungen Artothek des Neuen Berliner Kunstvereins (NBK)Berlinische Galerie &#8211; Museum f\u00fcr Moderne KunstInvestitionsbank Berlin (IBB)Kunstamt Charlottenburg, BerlinKunststiftung Poll, BerlinKupferstichkabinett der Staatlichen Museen zu BerlinLandesamt f\u00fcr Gesundheit und Soziales BerlinNeue Nationalgalerie der Staatlichen Museen zu BerlinSammlung zeitgen\u00f6ssischer Kunst der Bundesrepublik Deutschland, BonnSt\u00e4dtische Kunstsammlungen BonnGoethe-Institute BrasilienHerzog Anton Ulrich-Museum, BraunschweigStaatliche Kunsthalle DarmstadtKunstverein f\u00fcr die Rheinlande und [&hellip;]<\/p>\n","protected":false},"author":1,"featured_media":0,"parent":1087,"menu_order":2,"comment_status":"closed","ping_status":"closed","template":"kuenstler-text.php","meta":{"_acf_changed":false,"footnotes":""},"class_list":["post-1207","page","type-page","status-publish","hentry"],"acf":[],"_links":{"self":[{"href":"https:\/\/poll-berlin.de\/galerie\/wp-json\/wp\/v2\/pages\/1207","targetHints":{"allow":["GET"]}}],"collection":[{"href":"https:\/\/poll-berlin.de\/galerie\/wp-json\/wp\/v2\/pages"}],"about":[{"href":"https:\/\/poll-berlin.de\/galerie\/wp-json\/wp\/v2\/types\/page"}],"author":[{"embeddable":true,"href":"https:\/\/poll-berlin.de\/galerie\/wp-json\/wp\/v2\/users\/1"}],"replies":[{"embeddable":true,"href":"https:\/\/poll-berlin.de\/galerie\/wp-json\/wp\/v2\/comments?post=1207"}],"version-history":[{"count":12,"href":"https:\/\/poll-berlin.de\/galerie\/wp-json\/wp\/v2\/pages\/1207\/revisions"}],"predecessor-version":[{"id":44901,"href":"https:\/\/poll-berlin.de\/galerie\/wp-json\/wp\/v2\/pages\/1207\/revisions\/44901"}],"up":[{"embeddable":true,"href":"https:\/\/poll-berlin.de\/galerie\/wp-json\/wp\/v2\/pages\/1087"}],"wp:attachment":[{"href":"https:\/\/poll-berlin.de\/galerie\/wp-json\/wp\/v2\/media?parent=1207"}],"curies":[{"name":"wp","href":"https:\/\/api.w.org\/{rel}","templated":true}]}}