{"id":1205,"date":"2021-07-22T12:54:45","date_gmt":"2021-07-22T10:54:45","guid":{"rendered":"https:\/\/poll-berlin.de\/galerie\/?page_id=1205"},"modified":"2024-03-12T17:04:49","modified_gmt":"2024-03-12T16:04:49","slug":"biografie","status":"publish","type":"page","link":"https:\/\/poll-berlin.de\/galerie\/kuenstler-der-galerie\/peter-sorge\/biografie\/","title":{"rendered":"Biografie"},"content":{"rendered":"\n<p><strong>Biografie<\/strong><\/p>\n\n\n\n<div style=\"height:10px\" aria-hidden=\"true\" class=\"wp-block-spacer\"><\/div>\n\n\n\n<figure class=\"wp-block-table\"><table><tbody><tr><td>1937<\/td><td>geboren in Berlin<\/td><\/tr><tr><td>1958-\u00ad1964<\/td><td>Studium der Kunstp\u00e4dagogik an der Hochschule f\u00fcr Bildende K\u00fcnste<\/td><\/tr><tr><td>1964<\/td><td>Meistersch\u00fcler bei Prof. Mac Zimmermann und Prof. Fred Thieler <br>Mitbegr\u00fcnder der Ausstellungsgemeinschaft &#8222;Gro\u00dfg\u00f6rschen 35&#8220;<\/td><\/tr><tr><td>1969<\/td><td>Mitgr\u00fcnder des genossenschaftlichen Kunstvertriebs \u201ezehn neun\u201c<\/td><\/tr><tr><td>1972<\/td><td>Mitbegr\u00fcnder der &#8222;Gruppe Aspekt\u201c in West-Berlin<\/td><\/tr><tr><td>seit 1979<\/td><td>Dozentur f\u00fcr Radiertechnik beim Senator f\u00fcr Schulwesen in der Lehrerfortbildung<\/td><\/tr><tr><td>1980-1982<\/td><td>Gastprofessur an der Hochschule f\u00fcr Bildende K\u00fcnste Braunschweig<\/td><\/tr><tr><td>seit 1990<\/td><td>Mitglied im K\u00fcnstlersonderbund<\/td><\/tr><tr><td>2000<\/td><td>gestorben in Berlin<\/td><\/tr><\/tbody><\/table><\/figure>\n\n\n\n<div style=\"height:10px\" aria-hidden=\"true\" class=\"wp-block-spacer\"><\/div>\n\n\n\n<p><strong>Preise und Stipendien<\/strong><\/p>\n\n\n\n<div style=\"height:10px\" aria-hidden=\"true\" class=\"wp-block-spacer\"><\/div>\n\n\n\n<figure class=\"wp-block-table\"><table><tbody><tr><td>1969<\/td><td>Kunstpreis f\u00fcr Grafik der Stadt Wolfsburg<\/td><\/tr><tr><td>1968<\/td><td>2. Burda-Kunstpreis f\u00fcr Grafik<\/td><\/tr><\/tbody><\/table><\/figure>\n","protected":false},"excerpt":{"rendered":"<p>Biografie 1937 geboren in Berlin 1958-\u00ad1964 Studium der Kunstp\u00e4dagogik an der Hochschule f\u00fcr Bildende K\u00fcnste 1964 Meistersch\u00fcler bei Prof. Mac Zimmermann und Prof. Fred Thieler Mitbegr\u00fcnder der Ausstellungsgemeinschaft &#8222;Gro\u00dfg\u00f6rschen 35&#8220; 1969 Mitgr\u00fcnder des genossenschaftlichen Kunstvertriebs \u201ezehn neun\u201c 1972 Mitbegr\u00fcnder der &#8222;Gruppe Aspekt\u201c in West-Berlin seit 1979 Dozentur f\u00fcr Radiertechnik beim Senator f\u00fcr Schulwesen in der [&hellip;]<\/p>\n","protected":false},"author":1,"featured_media":0,"parent":1087,"menu_order":0,"comment_status":"closed","ping_status":"closed","template":"kuenstler-text.php","meta":{"_acf_changed":false,"footnotes":""},"class_list":["post-1205","page","type-page","status-publish","hentry"],"acf":[],"_links":{"self":[{"href":"https:\/\/poll-berlin.de\/galerie\/wp-json\/wp\/v2\/pages\/1205","targetHints":{"allow":["GET"]}}],"collection":[{"href":"https:\/\/poll-berlin.de\/galerie\/wp-json\/wp\/v2\/pages"}],"about":[{"href":"https:\/\/poll-berlin.de\/galerie\/wp-json\/wp\/v2\/types\/page"}],"author":[{"embeddable":true,"href":"https:\/\/poll-berlin.de\/galerie\/wp-json\/wp\/v2\/users\/1"}],"replies":[{"embeddable":true,"href":"https:\/\/poll-berlin.de\/galerie\/wp-json\/wp\/v2\/comments?post=1205"}],"version-history":[{"count":5,"href":"https:\/\/poll-berlin.de\/galerie\/wp-json\/wp\/v2\/pages\/1205\/revisions"}],"predecessor-version":[{"id":36432,"href":"https:\/\/poll-berlin.de\/galerie\/wp-json\/wp\/v2\/pages\/1205\/revisions\/36432"}],"up":[{"embeddable":true,"href":"https:\/\/poll-berlin.de\/galerie\/wp-json\/wp\/v2\/pages\/1087"}],"wp:attachment":[{"href":"https:\/\/poll-berlin.de\/galerie\/wp-json\/wp\/v2\/media?parent=1205"}],"curies":[{"name":"wp","href":"https:\/\/api.w.org\/{rel}","templated":true}]}}