{"id":1198,"date":"2021-07-08T16:11:03","date_gmt":"2021-07-08T14:11:03","guid":{"rendered":"https:\/\/poll-berlin.de\/galerie\/?page_id=1198"},"modified":"2025-07-29T13:29:15","modified_gmt":"2025-07-29T11:29:15","slug":"ausstellungen","status":"publish","type":"page","link":"https:\/\/poll-berlin.de\/galerie\/kuenstler-der-galerie\/andreas-silbermann\/ausstellungen\/","title":{"rendered":"Ausstellungen"},"content":{"rendered":"\n<p><strong>Einzel- und Gruppenausstellungen (Auswahl)<\/strong><\/p>\n\n\n\n<div style=\"height:10px\" aria-hidden=\"true\" class=\"wp-block-spacer\"><\/div>\n\n\n\n<figure class=\"wp-block-table\"><table><tbody><tr><td>2025<\/td><td>Galerie Poll, Berlin<\/td><\/tr><tr><td>2022<\/td><td>Galerie Poll, Berlin<\/td><\/tr><tr><td>2019-2020<\/td><td>Galerie Poll, Berlin (mit Heike Negenborn)<\/td><\/tr><tr><td>2017<\/td><td>Galerie Burkhard Eikelmann, D\u00fcsseldorf<br>Galerie R\u00fcthm\u00fcller, Basel<\/td><\/tr><tr><td>2016<\/td><td>Stiftung Starke, Berlin<br>Galerie Clariant, Basel<\/td><\/tr><tr><td>2015<\/td><td>Stiftung Starke, Berlin<\/td><\/tr><tr><td>2013<\/td><td>Galerie Barbara Ruetz, M\u00fcnchen<\/td><\/tr><tr><td>2012<\/td><td>Kunsthalle Wilhelmshaven<br>Stiftung Starke, Berlin<\/td><\/tr><tr><td>2011<\/td><td>Galerie Christine Rother, Wiesbaden<br>Stiftung Starke, Berlin<br>Galerie Burkhard Eikelmann, D\u00fcsseldorf<\/td><\/tr><tr><td>2010<\/td><td>Galerie Barbara Ruetz, M\u00fcnchen<\/td><\/tr><tr><td>2009<\/td><td>Galerie Lonnes, Bremen<\/td><\/tr><tr><td>2008<\/td><td>Kunstverein Hilden<br>Galerie Diede, Burgbrohl<br>Kunsthalle Wilhelmshaven<\/td><\/tr><tr><td>2007<\/td><td>Galerie K\u00fcper, Stuttgart<br>Galerie Burkhard Eikelmann, D\u00fcsseldorf<\/td><\/tr><tr><td>2006<\/td><td>Kunsthalle Neuffer am Park, Pirmasens<br>Galerie Lonnes, Bremen<\/td><\/tr><tr><td>2005<\/td><td>Galerie Ute Brummel, Dortmund<br>Galerie Interno 9, Rom<\/td><\/tr><tr><td>2004<\/td><td>Galerie Lonnes, Worpswede<br>Goethe-Institut Rom<br>Staatliches Museum Tivat (Montenegro)<br>Goethe-Institut Bremen<\/td><\/tr><tr><td>2003<\/td><td>Stiftung Starke, Berlin<br>Kaiserhalle, Burgbrohl<br>Galerie Burkhard Eikelmann, D\u00fcsseldorf<\/td><\/tr><tr><td>2002<\/td><td>Galerie Matthias K\u00fcper, Schw\u00e4bisch-Gm\u00fcnd<br>Schloss Theres, Obertheres<\/td><\/tr><tr><td>2001<\/td><td>Galerie Rhenus, K\u00f6ln<br>Art Center im Schottenstift, Wien<\/td><\/tr><tr><td>2000<\/td><td>Galerie Ruetz, M\u00fcnchen<br>Galerie Burkhard Eikelmann, D\u00fcsseldorf<\/td><\/tr><tr><td>1999<\/td><td>Galerie Kyra Maralt, Berlin<\/td><\/tr><tr><td>1998<\/td><td>Stiftung Burg Kniphausen, Wilhelmshaven<\/td><\/tr><tr><td>1996<\/td><td>Galerie Szmycinska &amp; Stolz, Wiesbaden<br>Galerie Inter Art, K\u00f6ln<br>Galerie Burkhard Eikelmann, Essen<\/td><\/tr><tr><td>1995<\/td><td>Galerie Avantgarde, Berlin<br>Galerie Kai Hilgemann, Berlin<\/td><\/tr><tr><td>1994<\/td><td>Galerie Orbis Pictus, Berlin<\/td><\/tr><tr><td>1991<\/td><td>Galerie Knaackstra\u00dfe 90, Berlin<\/td><\/tr><tr><td>1990<\/td><td>Kunstverein Hannover<\/td><\/tr><\/tbody><\/table><\/figure>\n","protected":false},"excerpt":{"rendered":"<p>Einzel- und Gruppenausstellungen (Auswahl) 2025 Galerie Poll, Berlin 2022 Galerie Poll, Berlin 2019-2020 Galerie Poll, Berlin (mit Heike Negenborn) 2017 Galerie Burkhard Eikelmann, D\u00fcsseldorfGalerie R\u00fcthm\u00fcller, Basel 2016 Stiftung Starke, BerlinGalerie Clariant, Basel 2015 Stiftung Starke, Berlin 2013 Galerie Barbara Ruetz, M\u00fcnchen 2012 Kunsthalle WilhelmshavenStiftung Starke, Berlin 2011 Galerie Christine Rother, WiesbadenStiftung Starke, BerlinGalerie Burkhard Eikelmann, [&hellip;]<\/p>\n","protected":false},"author":1,"featured_media":0,"parent":1086,"menu_order":1,"comment_status":"closed","ping_status":"closed","template":"kuenstler-text.php","meta":{"_acf_changed":false,"footnotes":""},"class_list":["post-1198","page","type-page","status-publish","hentry"],"acf":[],"_links":{"self":[{"href":"https:\/\/poll-berlin.de\/galerie\/wp-json\/wp\/v2\/pages\/1198","targetHints":{"allow":["GET"]}}],"collection":[{"href":"https:\/\/poll-berlin.de\/galerie\/wp-json\/wp\/v2\/pages"}],"about":[{"href":"https:\/\/poll-berlin.de\/galerie\/wp-json\/wp\/v2\/types\/page"}],"author":[{"embeddable":true,"href":"https:\/\/poll-berlin.de\/galerie\/wp-json\/wp\/v2\/users\/1"}],"replies":[{"embeddable":true,"href":"https:\/\/poll-berlin.de\/galerie\/wp-json\/wp\/v2\/comments?post=1198"}],"version-history":[{"count":7,"href":"https:\/\/poll-berlin.de\/galerie\/wp-json\/wp\/v2\/pages\/1198\/revisions"}],"predecessor-version":[{"id":43694,"href":"https:\/\/poll-berlin.de\/galerie\/wp-json\/wp\/v2\/pages\/1198\/revisions\/43694"}],"up":[{"embeddable":true,"href":"https:\/\/poll-berlin.de\/galerie\/wp-json\/wp\/v2\/pages\/1086"}],"wp:attachment":[{"href":"https:\/\/poll-berlin.de\/galerie\/wp-json\/wp\/v2\/media?parent=1198"}],"curies":[{"name":"wp","href":"https:\/\/api.w.org\/{rel}","templated":true}]}}