{"id":1191,"date":"2021-06-22T15:50:19","date_gmt":"2021-06-22T13:50:19","guid":{"rendered":"https:\/\/poll-berlin.de\/galerie\/?page_id=1191"},"modified":"2025-06-04T15:37:13","modified_gmt":"2025-06-04T13:37:13","slug":"werke-in-sammlungen","status":"publish","type":"page","link":"https:\/\/poll-berlin.de\/galerie\/kuenstler-der-galerie\/jan-schueler\/werke-in-sammlungen\/","title":{"rendered":"Werke in Sammlungen"},"content":{"rendered":"\n<p><strong>Werke in Sammlungen<\/strong><\/p>\n\n\n\n<p>Sammlung Maria Lucia und Ingo Kl\u00f6cker, Bad Homburg<br>Sammlung RheinRomantik, Bonn<br>PricewaterhouseCoopers GmbH, D\u00fcsseldorf<br>Oberhessisches Museum, Gie\u00dfen<br>Museum Obentraut3, Ingelheim<br>Museum Angerlehner, Thalheim bei Wels<\/p>\n","protected":false},"excerpt":{"rendered":"<p>Werke in Sammlungen Sammlung Maria Lucia und Ingo Kl\u00f6cker, Bad HomburgSammlung RheinRomantik, BonnPricewaterhouseCoopers GmbH, D\u00fcsseldorfOberhessisches Museum, Gie\u00dfenMuseum Obentraut3, IngelheimMuseum Angerlehner, Thalheim bei Wels<\/p>\n","protected":false},"author":1,"featured_media":0,"parent":1085,"menu_order":2,"comment_status":"closed","ping_status":"closed","template":"kuenstler-text.php","meta":{"_acf_changed":false,"footnotes":""},"class_list":["post-1191","page","type-page","status-publish","hentry"],"acf":[],"_links":{"self":[{"href":"https:\/\/poll-berlin.de\/galerie\/wp-json\/wp\/v2\/pages\/1191","targetHints":{"allow":["GET"]}}],"collection":[{"href":"https:\/\/poll-berlin.de\/galerie\/wp-json\/wp\/v2\/pages"}],"about":[{"href":"https:\/\/poll-berlin.de\/galerie\/wp-json\/wp\/v2\/types\/page"}],"author":[{"embeddable":true,"href":"https:\/\/poll-berlin.de\/galerie\/wp-json\/wp\/v2\/users\/1"}],"replies":[{"embeddable":true,"href":"https:\/\/poll-berlin.de\/galerie\/wp-json\/wp\/v2\/comments?post=1191"}],"version-history":[{"count":9,"href":"https:\/\/poll-berlin.de\/galerie\/wp-json\/wp\/v2\/pages\/1191\/revisions"}],"predecessor-version":[{"id":42891,"href":"https:\/\/poll-berlin.de\/galerie\/wp-json\/wp\/v2\/pages\/1191\/revisions\/42891"}],"up":[{"embeddable":true,"href":"https:\/\/poll-berlin.de\/galerie\/wp-json\/wp\/v2\/pages\/1085"}],"wp:attachment":[{"href":"https:\/\/poll-berlin.de\/galerie\/wp-json\/wp\/v2\/media?parent=1191"}],"curies":[{"name":"wp","href":"https:\/\/api.w.org\/{rel}","templated":true}]}}