{"id":1189,"date":"2021-06-22T15:03:15","date_gmt":"2021-06-22T13:03:15","guid":{"rendered":"https:\/\/poll-berlin.de\/galerie\/?page_id=1189"},"modified":"2026-01-29T19:11:22","modified_gmt":"2026-01-29T18:11:22","slug":"biografie","status":"publish","type":"page","link":"https:\/\/poll-berlin.de\/galerie\/kuenstler-der-galerie\/jan-schueler\/biografie\/","title":{"rendered":"Biografie"},"content":{"rendered":"\n<p><strong>Biografie<\/strong><\/p>\n\n\n\n<figure class=\"wp-block-table\"><table><tbody><tr><td>1963<\/td><td>geboren in Gie\u00dfen<\/td><\/tr><tr><td>1983-1985<\/td><td>Studium Kommunikationsdesign an den Fachhochschulen Mainz und D\u00fcsseldorf<\/td><\/tr><tr><td>1985-1993<\/td><td>Studium der Malerei an der Kunstakademie D\u00fcsseldorf bei Rissa<\/td><\/tr><tr><td>1992<\/td><td>Meistersch\u00fcler bei Fritz Schwegler<\/td><\/tr><tr><td>seit 2013<\/td><td>Mitglied des Beirats der Kunststiftung Poll, Berlin<\/td><\/tr><tr><td>2022-2023<\/td><td>Vertretungsprofessur f\u00fcr Malerei an der Kunstakademie M\u00fcnster (Klasse Prof. Cornelius V\u00f6lker)<\/td><\/tr><\/tbody><\/table><\/figure>\n\n\n\n<p>Jan Sch\u00fcler lebt und arbeitet in D\u00fcsseldorf.<\/p>\n\n\n\n<div style=\"height:10px\" aria-hidden=\"true\" class=\"wp-block-spacer\"><\/div>\n\n\n\n<p><strong>Preise und Stipendien<\/strong><\/p>\n\n\n\n<div style=\"height:10px\" aria-hidden=\"true\" class=\"wp-block-spacer\"><\/div>\n\n\n\n<figure class=\"wp-block-table\"><table><tbody><tr><td>2010<\/td><td>Jurypreis des Kunstvereins Langenfeld<\/td><\/tr><tr><td>1996<\/td><td>F\u00f6rderpreis f\u00fcr Bildende Kunst der Stadt D\u00fcsseldorf<\/td><\/tr><\/tbody><\/table><\/figure>\n","protected":false},"excerpt":{"rendered":"<p>Biografie 1963 geboren in Gie\u00dfen 1983-1985 Studium Kommunikationsdesign an den Fachhochschulen Mainz und D\u00fcsseldorf 1985-1993 Studium der Malerei an der Kunstakademie D\u00fcsseldorf bei Rissa 1992 Meistersch\u00fcler bei Fritz Schwegler seit 2013 Mitglied des Beirats der Kunststiftung Poll, Berlin 2022-2023 Vertretungsprofessur f\u00fcr Malerei an der Kunstakademie M\u00fcnster (Klasse Prof. Cornelius V\u00f6lker) Jan Sch\u00fcler lebt und arbeitet [&hellip;]<\/p>\n","protected":false},"author":1,"featured_media":0,"parent":1085,"menu_order":0,"comment_status":"closed","ping_status":"closed","template":"kuenstler-text.php","meta":{"_acf_changed":false,"footnotes":""},"class_list":["post-1189","page","type-page","status-publish","hentry"],"acf":[],"_links":{"self":[{"href":"https:\/\/poll-berlin.de\/galerie\/wp-json\/wp\/v2\/pages\/1189","targetHints":{"allow":["GET"]}}],"collection":[{"href":"https:\/\/poll-berlin.de\/galerie\/wp-json\/wp\/v2\/pages"}],"about":[{"href":"https:\/\/poll-berlin.de\/galerie\/wp-json\/wp\/v2\/types\/page"}],"author":[{"embeddable":true,"href":"https:\/\/poll-berlin.de\/galerie\/wp-json\/wp\/v2\/users\/1"}],"replies":[{"embeddable":true,"href":"https:\/\/poll-berlin.de\/galerie\/wp-json\/wp\/v2\/comments?post=1189"}],"version-history":[{"count":4,"href":"https:\/\/poll-berlin.de\/galerie\/wp-json\/wp\/v2\/pages\/1189\/revisions"}],"predecessor-version":[{"id":45093,"href":"https:\/\/poll-berlin.de\/galerie\/wp-json\/wp\/v2\/pages\/1189\/revisions\/45093"}],"up":[{"embeddable":true,"href":"https:\/\/poll-berlin.de\/galerie\/wp-json\/wp\/v2\/pages\/1085"}],"wp:attachment":[{"href":"https:\/\/poll-berlin.de\/galerie\/wp-json\/wp\/v2\/media?parent=1189"}],"curies":[{"name":"wp","href":"https:\/\/api.w.org\/{rel}","templated":true}]}}