{"id":1183,"date":"2021-07-20T18:53:32","date_gmt":"2021-07-20T16:53:32","guid":{"rendered":"https:\/\/poll-berlin.de\/galerie\/?page_id=1183"},"modified":"2025-10-08T14:27:16","modified_gmt":"2025-10-08T12:27:16","slug":"werke-in-sammlungen","status":"publish","type":"page","link":"https:\/\/poll-berlin.de\/galerie\/kuenstler-der-galerie\/joachim-schmettau\/werke-in-sammlungen\/","title":{"rendered":"Werke in Sammlungen"},"content":{"rendered":"\n<p><strong>Werke in Sammlungen<\/strong><\/p>\n\n\n\n<p>Galleria d&#8217;Arte Moderna e Contemporanea, Bergamo<br>Berlinische Galerie &#8211; Museum f\u00fcr Moderne Kunst<br>Neue Nationalgalerie der Staatlichen Museen zu Berlin<br>Staatliche Kunsthalle Berlin<br>St\u00e4dtische Kunstgalerie, Bochum<br>Sammlung zeitgen\u00f6ssischer Kunst der Bundesrepublik Deutschland, Bonn<br>Museum Beelden aan Zee, Den Haag (Niederlande)<br>Stiftung Wilhelm Lehmbruck Museum, Duisburg<br>Karl-Ernst-Osthaus-Museum, Hagen<br>St\u00e4dtische Museen Heilbronn<br>Museum Pfalzgalerie Kaiserslautern<br>Kunsthalle Mannheim<br>Bayerische Staatsgem\u00e4ldesammlungen, M\u00fcnchen<br>Landesmuseum f\u00fcr Kunst und Kulturgeschichte Oldenburg<br>Kunsthalle Recklinghausen<\/p>\n","protected":false},"excerpt":{"rendered":"<p>Werke in Sammlungen Galleria d&#8217;Arte Moderna e Contemporanea, BergamoBerlinische Galerie &#8211; Museum f\u00fcr Moderne KunstNeue Nationalgalerie der Staatlichen Museen zu BerlinStaatliche Kunsthalle BerlinSt\u00e4dtische Kunstgalerie, BochumSammlung zeitgen\u00f6ssischer Kunst der Bundesrepublik Deutschland, BonnMuseum Beelden aan Zee, Den Haag (Niederlande)Stiftung Wilhelm Lehmbruck Museum, DuisburgKarl-Ernst-Osthaus-Museum, HagenSt\u00e4dtische Museen HeilbronnMuseum Pfalzgalerie KaiserslauternKunsthalle MannheimBayerische Staatsgem\u00e4ldesammlungen, M\u00fcnchenLandesmuseum f\u00fcr Kunst und Kulturgeschichte OldenburgKunsthalle Recklinghausen<\/p>\n","protected":false},"author":1,"featured_media":0,"parent":1084,"menu_order":2,"comment_status":"closed","ping_status":"closed","template":"kuenstler-text.php","meta":{"_acf_changed":false,"footnotes":""},"class_list":["post-1183","page","type-page","status-publish","hentry"],"acf":[],"_links":{"self":[{"href":"https:\/\/poll-berlin.de\/galerie\/wp-json\/wp\/v2\/pages\/1183","targetHints":{"allow":["GET"]}}],"collection":[{"href":"https:\/\/poll-berlin.de\/galerie\/wp-json\/wp\/v2\/pages"}],"about":[{"href":"https:\/\/poll-berlin.de\/galerie\/wp-json\/wp\/v2\/types\/page"}],"author":[{"embeddable":true,"href":"https:\/\/poll-berlin.de\/galerie\/wp-json\/wp\/v2\/users\/1"}],"replies":[{"embeddable":true,"href":"https:\/\/poll-berlin.de\/galerie\/wp-json\/wp\/v2\/comments?post=1183"}],"version-history":[{"count":7,"href":"https:\/\/poll-berlin.de\/galerie\/wp-json\/wp\/v2\/pages\/1183\/revisions"}],"predecessor-version":[{"id":44267,"href":"https:\/\/poll-berlin.de\/galerie\/wp-json\/wp\/v2\/pages\/1183\/revisions\/44267"}],"up":[{"embeddable":true,"href":"https:\/\/poll-berlin.de\/galerie\/wp-json\/wp\/v2\/pages\/1084"}],"wp:attachment":[{"href":"https:\/\/poll-berlin.de\/galerie\/wp-json\/wp\/v2\/media?parent=1183"}],"curies":[{"name":"wp","href":"https:\/\/api.w.org\/{rel}","templated":true}]}}