{"id":1182,"date":"2021-07-20T17:37:25","date_gmt":"2021-07-20T15:37:25","guid":{"rendered":"https:\/\/poll-berlin.de\/galerie\/?page_id=1182"},"modified":"2025-07-29T13:38:06","modified_gmt":"2025-07-29T11:38:06","slug":"ausstellungen","status":"publish","type":"page","link":"https:\/\/poll-berlin.de\/galerie\/kuenstler-der-galerie\/joachim-schmettau\/ausstellungen\/","title":{"rendered":"Ausstellungen"},"content":{"rendered":"\n<p><strong>Einzelausstellungen (Auswahl)<\/strong><\/p>\n\n\n\n<div style=\"height:10px\" aria-hidden=\"true\" class=\"wp-block-spacer\"><\/div>\n\n\n\n<figure class=\"wp-block-table\"><table><tbody><tr><td>2022<\/td><td>Galerie Poll, Berlin<\/td><\/tr><tr><td>2007<\/td><td>Kunststiftung Poll, Berlin<\/td><\/tr><tr><td>2006<\/td><td>Emsdettener Kunstverein<\/td><\/tr><tr><td>2003<\/td><td>Kunstverein Wiligrad, L\u00fcbstorf<\/td><\/tr><tr><td>2002<\/td><td>Galerie Eva Poll, Berlin<\/td><\/tr><tr><td>2000<\/td><td>Schloss Wiligrad, L\u00fcbstorf<br>Kulturzentrum Englische Kirche, Galerie Artis, Darmstadt<br>Staatliche Porzellan-Manufaktur Meissen GmbH<br>Galerie Mitte, Berlin<\/td><\/tr><tr><td>1999<\/td><td>Kunstverein Wiligrad, L\u00fcbstorf<\/td><\/tr><tr><td>1995<\/td><td>Galleria Maggiore, Bologna<br>Palazzo del Ridotto, Cesena (Italien)<br>Il Vicolo, Cesena (Italien)<\/td><\/tr><tr><td>1993<\/td><td>Galerie Eva Poll, Berlin<\/td><\/tr><tr><td>1992<\/td><td>Kunstverein Neubrandenburg<br>Schloss Wiligrad, L\u00fcbstorf<\/td><\/tr><tr><td>1987<\/td><td>Neuer Berliner Kunstverein (NBK)<\/td><\/tr><tr><td>1985<\/td><td>Karl Hofer Gesellschaft, Berlin<\/td><\/tr><tr><td>1983<\/td><td>Staatliche Kunsthalle Berlin<\/td><\/tr><tr><td>1982<\/td><td>Galerie Eva Poll, Berlin<\/td><\/tr><tr><td>1981<\/td><td>St\u00e4dtische Museen Heilbronn<\/td><\/tr><tr><td>1980<\/td><td>Kunstverein Hannover<br>Galerie Lietzow, Berlin<\/td><\/tr><tr><td>1976<\/td><td>Galerie Hulsch-Eisbr\u00fcggen, Berlin<br>Galerie Kornfeld, Z\u00fcrich<br>Galerie Lietzow, Berlin<\/td><\/tr><tr><td>1975<\/td><td>Galerie Rothe, Heidelberg<\/td><\/tr><tr><td>1974<\/td><td>St\u00e4dtische Galerie Ravensburg<\/td><\/tr><tr><td>1972<\/td><td>Galerie Pels-Leusden, Berlin<br>Toninelli Arte Moderna, Mailand<br>Galleria Fant Cagni, Brescia (Italien)<\/td><\/tr><tr><td>1971<\/td><td>Villa Hammerschmidt, Bonn<br>Kunsthalle Mannheim<br>Galerie Marion Gri\u010di\u0107, Wuppertal<\/td><\/tr><tr><td>1970<\/td><td>Galerie Springer, Berlin<br>Galleria d\u2019Arte Renzo Botti, Cremona (Italien)<\/td><\/tr><\/tbody><\/table><\/figure>\n\n\n\n<div style=\"height:10px\" aria-hidden=\"true\" class=\"wp-block-spacer\"><\/div>\n\n\n\n<p><strong>Gruppenausstellungen (Auswahl)<\/strong><\/p>\n\n\n\n<div style=\"height:10px\" aria-hidden=\"true\" class=\"wp-block-spacer\"><\/div>\n\n\n\n<figure class=\"wp-block-table\"><table><tbody><tr><td>2016<\/td><td>Galerie Poll, Berlin<br>Kunststiftung Poll, Berlin<\/td><\/tr><tr><td>2012<\/td><td>Galerie Poll, Berlin<\/td><\/tr><tr><td>2011<\/td><td>Museum Bochum<\/td><\/tr><tr><td>2010<\/td><td>Forum Kunst Rottweil<\/td><\/tr><tr><td>2008<\/td><td>Spazio Olim, Bergamo (Italien)<br>Accademia di San Luca, Rom<\/td><\/tr><tr><td>2005<\/td><td>museum kunst palast, D\u00fcsseldorf<br>Universit\u00e4t der K\u00fcnste Berlin (UdK) &#8211; Fakult\u00e4t Bildende Kunst<br>Berlinische Galerie &#8211; Museum f\u00fcr Moderne Kunst<\/td><\/tr><tr><td>2003<\/td><td>Galleria d&#8217;Arte Moderna e Contemporanea, San Gimignano (Italien)<\/td><\/tr><tr><td>1996<\/td><td>Galleria Maggiore, Bologna<\/td><\/tr><tr><td>1995<\/td><td>Kulturamt D\u00fcsseldorf<br>Kunstverein Augsburg<\/td><\/tr><tr><td>1992<\/td><td>Kunstverein Wiligrad, L\u00fcbstorf<\/td><\/tr><tr><td>1987<\/td><td>Galerie Eva Poll, Berlin<\/td><\/tr><tr><td>1985<\/td><td>Kunsthalle, Mannheim<br>Neue Nationalgalerie der Staatlichen Mussen zu Berlin<br>Haus am L\u00fctzowplatz, Berlin<\/td><\/tr><tr><td>1980<\/td><td>Galerie Rothe, Heidelberg<\/td><\/tr><tr><td>1972<\/td><td>Museumspavillon Schloss Mirabel, Salzburg<br>Haus am Kleistpark, Berlin<\/td><\/tr><tr><td>1969<\/td><td>Galleria d\u2019Arte Renzo Botti, Cremona (Italien)<br>Galleria Fant Cagni, Brescia (Italien)<\/td><\/tr><\/tbody><\/table><\/figure>\n","protected":false},"excerpt":{"rendered":"<p>Einzelausstellungen (Auswahl) 2022 Galerie Poll, Berlin 2007 Kunststiftung Poll, Berlin 2006 Emsdettener Kunstverein 2003 Kunstverein Wiligrad, L\u00fcbstorf 2002 Galerie Eva Poll, Berlin 2000 Schloss Wiligrad, L\u00fcbstorfKulturzentrum Englische Kirche, Galerie Artis, DarmstadtStaatliche Porzellan-Manufaktur Meissen GmbHGalerie Mitte, Berlin 1999 Kunstverein Wiligrad, L\u00fcbstorf 1995 Galleria Maggiore, BolognaPalazzo del Ridotto, Cesena (Italien)Il Vicolo, Cesena (Italien) 1993 Galerie Eva Poll, [&hellip;]<\/p>\n","protected":false},"author":1,"featured_media":0,"parent":1084,"menu_order":1,"comment_status":"closed","ping_status":"closed","template":"kuenstler-text.php","meta":{"_acf_changed":false,"footnotes":""},"class_list":["post-1182","page","type-page","status-publish","hentry"],"acf":[],"_links":{"self":[{"href":"https:\/\/poll-berlin.de\/galerie\/wp-json\/wp\/v2\/pages\/1182","targetHints":{"allow":["GET"]}}],"collection":[{"href":"https:\/\/poll-berlin.de\/galerie\/wp-json\/wp\/v2\/pages"}],"about":[{"href":"https:\/\/poll-berlin.de\/galerie\/wp-json\/wp\/v2\/types\/page"}],"author":[{"embeddable":true,"href":"https:\/\/poll-berlin.de\/galerie\/wp-json\/wp\/v2\/users\/1"}],"replies":[{"embeddable":true,"href":"https:\/\/poll-berlin.de\/galerie\/wp-json\/wp\/v2\/comments?post=1182"}],"version-history":[{"count":11,"href":"https:\/\/poll-berlin.de\/galerie\/wp-json\/wp\/v2\/pages\/1182\/revisions"}],"predecessor-version":[{"id":43699,"href":"https:\/\/poll-berlin.de\/galerie\/wp-json\/wp\/v2\/pages\/1182\/revisions\/43699"}],"up":[{"embeddable":true,"href":"https:\/\/poll-berlin.de\/galerie\/wp-json\/wp\/v2\/pages\/1084"}],"wp:attachment":[{"href":"https:\/\/poll-berlin.de\/galerie\/wp-json\/wp\/v2\/media?parent=1182"}],"curies":[{"name":"wp","href":"https:\/\/api.w.org\/{rel}","templated":true}]}}