{"id":1181,"date":"2021-07-20T16:20:50","date_gmt":"2021-07-20T14:20:50","guid":{"rendered":"https:\/\/poll-berlin.de\/galerie\/?page_id=1181"},"modified":"2024-03-12T16:47:24","modified_gmt":"2024-03-12T15:47:24","slug":"biografie","status":"publish","type":"page","link":"https:\/\/poll-berlin.de\/galerie\/kuenstler-der-galerie\/joachim-schmettau\/biografie\/","title":{"rendered":"Biografie"},"content":{"rendered":"\n<p><strong>Biografie<\/strong><\/p>\n\n\n\n<div style=\"height:10px\" aria-hidden=\"true\" class=\"wp-block-spacer\"><\/div>\n\n\n\n<figure class=\"wp-block-table\"><table><tbody><tr><td>1937<\/td><td>geboren in Bad Doberan <\/td><\/tr><tr><td>1956-1960<\/td><td>Studium der Bildhauerei an der Hochschule f\u00fcr Bildende K\u00fcnste, Berlin bei Prof. Ludwig G. Schrieber<\/td><\/tr><tr><td>1961<\/td><td>Meistersch\u00fcler bei Prof. Ludwig G. Schrieber<\/td><\/tr><tr><td>seit 1967<\/td><td>Mitglied des Deutschen K\u00fcnstlerbundes<\/td><\/tr><tr><td>1971-2000<\/td><td>Professur f\u00fcr Bildhauerei an der Hochschule der K\u00fcnste, Berlin<\/td><\/tr><tr><td>1972<\/td><td>Mitbegr\u00fcnder der &#8222;Gruppe Aspekt&#8220; in West-Berlin<\/td><\/tr><\/tbody><\/table><\/figure>\n\n\n\n<p>Joachim Schmettau lebt und arbeitet in Berlin.<\/p>\n\n\n\n<div style=\"height:10px\" aria-hidden=\"true\" class=\"wp-block-spacer\"><\/div>\n\n\n\n<p><strong>Preise und Stipendien<\/strong><\/p>\n\n\n\n<div style=\"height:10px\" aria-hidden=\"true\" class=\"wp-block-spacer\"><\/div>\n\n\n\n<figure class=\"wp-block-table\"><table><tbody><tr><td>1980<\/td><td>D\u00fcsseldorfer Kunstpreis<\/td><\/tr><tr><td>1978<\/td><td>Fiorino-Preis, Florenz<\/td><\/tr><tr><td>1977<\/td><td>Gro\u00dfer Berliner Kunstpreis der Akademie der K\u00fcnste, Berlin<\/td><\/tr><tr><td>1971<\/td><td>Goldmedaille, Fiorino-Preis, Florenz<\/td><\/tr><tr><td>1970-1971<\/td><td>Rom-Preis der Deutschen Akademie Villa Massimo<\/td><\/tr><tr><td>1969<\/td><td>Villa-Romana-Preis, Florenz<\/td><\/tr><tr><td>1966<\/td><td>Preis f\u00fcr Plastik der Karl Hofer Gesellschaft<\/td><\/tr><\/tbody><\/table><\/figure>\n","protected":false},"excerpt":{"rendered":"<p>Biografie 1937 geboren in Bad Doberan 1956-1960 Studium der Bildhauerei an der Hochschule f\u00fcr Bildende K\u00fcnste, Berlin bei Prof. Ludwig G. Schrieber 1961 Meistersch\u00fcler bei Prof. Ludwig G. Schrieber seit 1967 Mitglied des Deutschen K\u00fcnstlerbundes 1971-2000 Professur f\u00fcr Bildhauerei an der Hochschule der K\u00fcnste, Berlin 1972 Mitbegr\u00fcnder der &#8222;Gruppe Aspekt&#8220; in West-Berlin Joachim Schmettau lebt [&hellip;]<\/p>\n","protected":false},"author":1,"featured_media":0,"parent":1084,"menu_order":0,"comment_status":"closed","ping_status":"closed","template":"kuenstler-text.php","meta":{"_acf_changed":false,"footnotes":""},"class_list":["post-1181","page","type-page","status-publish","hentry"],"acf":[],"_links":{"self":[{"href":"https:\/\/poll-berlin.de\/galerie\/wp-json\/wp\/v2\/pages\/1181","targetHints":{"allow":["GET"]}}],"collection":[{"href":"https:\/\/poll-berlin.de\/galerie\/wp-json\/wp\/v2\/pages"}],"about":[{"href":"https:\/\/poll-berlin.de\/galerie\/wp-json\/wp\/v2\/types\/page"}],"author":[{"embeddable":true,"href":"https:\/\/poll-berlin.de\/galerie\/wp-json\/wp\/v2\/users\/1"}],"replies":[{"embeddable":true,"href":"https:\/\/poll-berlin.de\/galerie\/wp-json\/wp\/v2\/comments?post=1181"}],"version-history":[{"count":6,"href":"https:\/\/poll-berlin.de\/galerie\/wp-json\/wp\/v2\/pages\/1181\/revisions"}],"predecessor-version":[{"id":36425,"href":"https:\/\/poll-berlin.de\/galerie\/wp-json\/wp\/v2\/pages\/1181\/revisions\/36425"}],"up":[{"embeddable":true,"href":"https:\/\/poll-berlin.de\/galerie\/wp-json\/wp\/v2\/pages\/1084"}],"wp:attachment":[{"href":"https:\/\/poll-berlin.de\/galerie\/wp-json\/wp\/v2\/media?parent=1181"}],"curies":[{"name":"wp","href":"https:\/\/api.w.org\/{rel}","templated":true}]}}