{"id":1174,"date":"2021-07-15T16:45:59","date_gmt":"2021-07-15T14:45:59","guid":{"rendered":"https:\/\/poll-berlin.de\/galerie\/?page_id=1174"},"modified":"2026-03-11T13:47:28","modified_gmt":"2026-03-11T12:47:28","slug":"ausstellungen","status":"publish","type":"page","link":"https:\/\/poll-berlin.de\/galerie\/kuenstler-der-galerie\/frank-schinski\/ausstellungen\/","title":{"rendered":"Ausstellungen"},"content":{"rendered":"\n<p><strong>Einzelausstellungen<\/strong><\/p>\n\n\n\n<div style=\"height:10px\" aria-hidden=\"true\" class=\"wp-block-spacer\"><\/div>\n\n\n\n<figure class=\"wp-block-table\"><table><tbody><tr><td>2025-2026<\/td><td>DASA, Dortmund<\/td><\/tr><tr><td>2023<\/td><td>Galerie Poll, Berlin<\/td><\/tr><tr><td> 2017<\/td><td>Galerie f\u00fcr Fotografie, Hannover<\/td><\/tr><tr><td> 2016<\/td><td>Kunststiftung Poll, Berlin<\/td><\/tr><\/tbody><\/table><\/figure>\n\n\n\n<div style=\"height:10px\" aria-hidden=\"true\" class=\"wp-block-spacer\"><\/div>\n\n\n\n<p><strong>Gruppenausstellungen (Auswahl)<\/strong><\/p>\n\n\n\n<div style=\"height:10px\" aria-hidden=\"true\" class=\"wp-block-spacer\"><\/div>\n\n\n\n<figure class=\"wp-block-table\"><table><tbody><tr><td>2023<\/td><td>Kunstverein Hannover<\/td><\/tr><tr><td>2021<\/td><td>Speicher Gramzow<\/td><\/tr><tr><td>2020<\/td><td>Akademie der K\u00fcnste, Berlin<\/td><\/tr><tr><td>2018<\/td><td>10. Darmst\u00e4dter Tage der Fotografie<\/td><\/tr><tr><td>2017<\/td><td>RAW Photofestival in Worpswede<\/td><\/tr><tr><td>2016<\/td><td>Schleswig-Holstein-Haus, Schwerin<\/td><\/tr><tr><td>2015<\/td><td>Passage du D\u00e9sir, Paris<\/td><\/tr><tr><td>2013<\/td><td>Deutsches Hygiene-Museum Dresden<br>Galerie Nord \u2013 Kunstverein Tiergarten, Berlin<\/td><\/tr><tr><td>2012<\/td><td>Haus der Kulturen der Welt, Berlin<\/td><\/tr><tr><td>2010<\/td><td>C\/O Berlin<\/td><\/tr><tr><td>2008<\/td><td>Lumix Festival f\u00fcr jungen Bildjournalismus, Hannover<\/td><\/tr><tr><td>2006<\/td><td>Haus der Photographie, Hamburg<br>Kestner Gesellschaft, Hannover<\/td><\/tr><tr><td>2003<\/td><td>Gruner + Jahr, Hamburg<\/td><\/tr><tr><td>2002<\/td><td>14. Festival f\u00fcr Fotojournalismus, Perpignan (Frankreich)<br>Haus der Fotografie, Hannover<\/td><\/tr><\/tbody><\/table><\/figure>\n","protected":false},"excerpt":{"rendered":"<p>Einzelausstellungen 2025-2026 DASA, Dortmund 2023 Galerie Poll, Berlin 2017 Galerie f\u00fcr Fotografie, Hannover 2016 Kunststiftung Poll, Berlin Gruppenausstellungen (Auswahl) 2023 Kunstverein Hannover 2021 Speicher Gramzow 2020 Akademie der K\u00fcnste, Berlin 2018 10. Darmst\u00e4dter Tage der Fotografie 2017 RAW Photofestival in Worpswede 2016 Schleswig-Holstein-Haus, Schwerin 2015 Passage du D\u00e9sir, Paris 2013 Deutsches Hygiene-Museum DresdenGalerie Nord \u2013 [&hellip;]<\/p>\n","protected":false},"author":1,"featured_media":0,"parent":1083,"menu_order":1,"comment_status":"closed","ping_status":"closed","template":"kuenstler-text.php","meta":{"_acf_changed":false,"footnotes":""},"class_list":["post-1174","page","type-page","status-publish","hentry"],"acf":[],"_links":{"self":[{"href":"https:\/\/poll-berlin.de\/galerie\/wp-json\/wp\/v2\/pages\/1174","targetHints":{"allow":["GET"]}}],"collection":[{"href":"https:\/\/poll-berlin.de\/galerie\/wp-json\/wp\/v2\/pages"}],"about":[{"href":"https:\/\/poll-berlin.de\/galerie\/wp-json\/wp\/v2\/types\/page"}],"author":[{"embeddable":true,"href":"https:\/\/poll-berlin.de\/galerie\/wp-json\/wp\/v2\/users\/1"}],"replies":[{"embeddable":true,"href":"https:\/\/poll-berlin.de\/galerie\/wp-json\/wp\/v2\/comments?post=1174"}],"version-history":[{"count":13,"href":"https:\/\/poll-berlin.de\/galerie\/wp-json\/wp\/v2\/pages\/1174\/revisions"}],"predecessor-version":[{"id":45446,"href":"https:\/\/poll-berlin.de\/galerie\/wp-json\/wp\/v2\/pages\/1174\/revisions\/45446"}],"up":[{"embeddable":true,"href":"https:\/\/poll-berlin.de\/galerie\/wp-json\/wp\/v2\/pages\/1083"}],"wp:attachment":[{"href":"https:\/\/poll-berlin.de\/galerie\/wp-json\/wp\/v2\/media?parent=1174"}],"curies":[{"name":"wp","href":"https:\/\/api.w.org\/{rel}","templated":true}]}}