{"id":1167,"date":"2021-07-20T08:40:00","date_gmt":"2021-07-20T06:40:00","guid":{"rendered":"https:\/\/poll-berlin.de\/galerie\/?page_id=1167"},"modified":"2025-12-08T22:26:21","modified_gmt":"2025-12-08T21:26:21","slug":"werke-in-sammlung","status":"publish","type":"page","link":"https:\/\/poll-berlin.de\/galerie\/kuenstler-der-galerie\/wolfgang-petrick\/werke-in-sammlung\/","title":{"rendered":"Werke in Sammlungen"},"content":{"rendered":"\n<p><strong>Werke in Sammlungen<\/strong><\/p>\n\n\n\n<p>Berlinische Galerie &#8211; Museum f\u00fcr Moderne Kunst<br>Kunststiftung Poll, Berlin<br>Kupferstichkabinett der Staatlichen Museen zu Berlin<br>Neue Nationalgalerie der Staatlichen Museen zu Berlin<br>Sammlung Ulla und Heiner Pietzsch, Berlin<br>Sammlung zeitgen\u00f6ssischer Kunst der Bundesrepublik Deutschland, Bonn<br>St\u00e4dtische Kunstsammlungen Bonn<br>Kunstmuseum G\u00f6teborg<br>Karl-Ernst-Osthaus-Museum, Hagen<br>Sprengel Museum Hannover<br>Hamburger Kunsthalle<br>Kunsthalle zu Kiel<br>St\u00e4dtische Kunstsammlung Ludwigshafen<br>Kunstsammlung Jutta und Manfred Heinrich, Maulbronn<br>Bayerische Staatsgem\u00e4ldesammlungen, M\u00fcnchen<br>Staatsgalerie Stuttgart<br>WAI Woods Art Institute, Wentorf bei Hamburg<br>Museum des 20. Jahrhunderts, Wien<br>St\u00e4dtisches Museum Wolfsburg<br><\/p>\n","protected":false},"excerpt":{"rendered":"<p>Werke in Sammlungen Berlinische Galerie &#8211; Museum f\u00fcr Moderne KunstKunststiftung Poll, BerlinKupferstichkabinett der Staatlichen Museen zu BerlinNeue Nationalgalerie der Staatlichen Museen zu BerlinSammlung Ulla und Heiner Pietzsch, BerlinSammlung zeitgen\u00f6ssischer Kunst der Bundesrepublik Deutschland, BonnSt\u00e4dtische Kunstsammlungen BonnKunstmuseum G\u00f6teborgKarl-Ernst-Osthaus-Museum, HagenSprengel Museum HannoverHamburger KunsthalleKunsthalle zu KielSt\u00e4dtische Kunstsammlung LudwigshafenKunstsammlung Jutta und Manfred Heinrich, MaulbronnBayerische Staatsgem\u00e4ldesammlungen, M\u00fcnchenStaatsgalerie StuttgartWAI Woods Art [&hellip;]<\/p>\n","protected":false},"author":1,"featured_media":0,"parent":1082,"menu_order":2,"comment_status":"closed","ping_status":"closed","template":"kuenstler-text.php","meta":{"_acf_changed":false,"footnotes":""},"class_list":["post-1167","page","type-page","status-publish","hentry"],"acf":[],"_links":{"self":[{"href":"https:\/\/poll-berlin.de\/galerie\/wp-json\/wp\/v2\/pages\/1167","targetHints":{"allow":["GET"]}}],"collection":[{"href":"https:\/\/poll-berlin.de\/galerie\/wp-json\/wp\/v2\/pages"}],"about":[{"href":"https:\/\/poll-berlin.de\/galerie\/wp-json\/wp\/v2\/types\/page"}],"author":[{"embeddable":true,"href":"https:\/\/poll-berlin.de\/galerie\/wp-json\/wp\/v2\/users\/1"}],"replies":[{"embeddable":true,"href":"https:\/\/poll-berlin.de\/galerie\/wp-json\/wp\/v2\/comments?post=1167"}],"version-history":[{"count":13,"href":"https:\/\/poll-berlin.de\/galerie\/wp-json\/wp\/v2\/pages\/1167\/revisions"}],"predecessor-version":[{"id":44889,"href":"https:\/\/poll-berlin.de\/galerie\/wp-json\/wp\/v2\/pages\/1167\/revisions\/44889"}],"up":[{"embeddable":true,"href":"https:\/\/poll-berlin.de\/galerie\/wp-json\/wp\/v2\/pages\/1082"}],"wp:attachment":[{"href":"https:\/\/poll-berlin.de\/galerie\/wp-json\/wp\/v2\/media?parent=1167"}],"curies":[{"name":"wp","href":"https:\/\/api.w.org\/{rel}","templated":true}]}}