{"id":1166,"date":"2021-07-20T08:39:16","date_gmt":"2021-07-20T06:39:16","guid":{"rendered":"https:\/\/poll-berlin.de\/galerie\/?page_id=1166"},"modified":"2025-12-10T12:56:45","modified_gmt":"2025-12-10T11:56:45","slug":"ausstellungen","status":"publish","type":"page","link":"https:\/\/poll-berlin.de\/galerie\/kuenstler-der-galerie\/wolfgang-petrick\/ausstellungen\/","title":{"rendered":"Ausstellungen"},"content":{"rendered":"\n<p><strong>Einzelausstellungen (Auswahl)<\/strong><\/p>\n\n\n\n<div style=\"height:10px\" aria-hidden=\"true\" class=\"wp-block-spacer\"><\/div>\n\n\n\n<figure class=\"wp-block-table\"><table><tbody><tr><td>2022-2023<\/td><td>WAI Woods Art Institute, Wentorf bei Hamburg<\/td><\/tr><tr><td>2017<\/td><td>Max-Liebermann-Haus, Berlin<\/td><\/tr><tr><td>2016<\/td><td>Kunstverein Buchholz<\/td><\/tr><tr><td>2015<\/td><td>Kunststiftung Poll, Berlin<\/td><\/tr><tr><td>2013<\/td><td>Museum der bildenden K\u00fcnste Leipzig<br>Galerie der Stadt Sindelfingen<\/td><\/tr><tr><td>2012<\/td><td>Kunsthalle Dominikanerkirche, Osnabr\u00fcck<\/td><\/tr><tr><td>2010<\/td><td>Sammlung Falckenberg, Hamburg-Harburg<\/td><\/tr><tr><td>2008<\/td><td>Sara Asperger Gallery, Berlin<br>Galerie Litera, Prag<\/td><\/tr><tr><td>2007<\/td><td>Galerie Eva Poll, Berlin (mit Sabina Grzimek)<\/td><\/tr><tr><td>2004<\/td><td>Akademie der K\u00fcnste, Berlin<br>pepperprojects, Berlin<\/td><\/tr><tr><td>2003<\/td><td>Literaturhaus Berlin (mit Hans Christoph Buch)<br>Druckwerkstatt im K\u00fcnstlerhaus Bethanien, Berlin<br>Galerie Art Bug &#8211; DIEDA, Bassano del Grappa (Italien)<\/td><\/tr><tr><td>2002<\/td><td>Farrel-Pollack Fine Art, New York City<\/td><\/tr><tr><td>1996<\/td><td>Vizivarosi Galeria, Budapest<\/td><\/tr><tr><td>1992<\/td><td>Galerie Asperger, Stra\u00dfburg<\/td><\/tr><tr><td>1990<\/td><td>Hamburger Kunsthalle<br>Kampnagel-Fabrik, Hamburg<\/td><\/tr><tr><td>1986<\/td><td>Galerie Asperger &amp; Bischoff, Chicago<\/td><\/tr><tr><td>1985<\/td><td>Galerie Eva Poll, Berlin<\/td><\/tr><tr><td>1984<\/td><td>Galerie Hermeyer, M\u00fcnchen<br>Kunstverein Pforzheim (mit Reinhard Lange)<\/td><\/tr><tr><td>1983<\/td><td>Kunstverein Wiesbaden<br>Galerie Niepel, D\u00fcsseldorf<\/td><\/tr><tr><td>1979<\/td><td>Staatliche Kunsthalle Berlin<\/td><\/tr><tr><td>1976<\/td><td>Kunsthalle Kiel<br>Galerie Brusberg, Hannover<\/td><\/tr><tr><td>1975<\/td><td>Neue Galerie &#8211; Sammlung Ludwig, Aachen<br>Kunsthalle G\u00f6teborg<\/td><\/tr><tr><td>1972<\/td><td>Galerie Eva Poll, Berlin<\/td><\/tr><tr><td>1971<\/td><td>Kunstverein f\u00fcr die Rheinlande und Westfalen e.V., D\u00fcsseldorf (mit Hans-J\u00fcrgen Diehl)<\/td><\/tr><tr><td>1969<\/td><td>Galerie Niepel, D\u00fcsseldorf<br>Galerie Poll, Berlin<br>Haus am Waldsee, Berlin<br>(mit Werner Berges, Hans-J\u00fcrgen Diehl und Peter Sorge)<\/td><\/tr><tr><td>1964<\/td><td>Gro\u00dfg\u00f6rschen 35, Berlin<\/td><\/tr><\/tbody><\/table><\/figure>\n\n\n\n<div style=\"height:10px\" aria-hidden=\"true\" class=\"wp-block-spacer\"><\/div>\n\n\n\n<p><strong>Gruppenausstellungen (Auswahl)<\/strong><\/p>\n\n\n\n<div style=\"height:10px\" aria-hidden=\"true\" class=\"wp-block-spacer\"><\/div>\n\n\n\n<figure class=\"wp-block-table\"><table><tbody><tr><td>2025<\/td><td>Sammlung Scharf-Gerstenberg, Berlin<\/td><\/tr><tr><td>2018<\/td><td>Ludwig Forum f\u00fcr Internationale Kunst, Aachen<br>Kunststiftung Poll, Berlin<\/td><\/tr><tr><td>2017<\/td><td>Lettisches Nationales Kunstmuseum, Riga<\/td><\/tr><tr><td>2016<\/td><td>Galerie Poll und Kunststiftung Poll, Berlin<\/td><\/tr><tr><td>2014<\/td><td>Stiftung Starke, Berlin<br>Haus am Kleistpark, Berlin (in Kooperation mit Kunststiftung Poll, Berlin)<\/td><\/tr><tr><td>2013<\/td><td>Weserburg Museum f\u00fcr moderne Kunst, Bremen<\/td><\/tr><tr><td>2012<\/td><td>St\u00e4dtische Museen Heilbronn<\/td><\/tr><tr><td>2011<\/td><td>Sammlung Prinzhorn, Heidelberg<\/td><\/tr><tr><td>2010<\/td><td>First Amendment Center, Nashville (USA)<br>The Aspen Institute, Aspen (USA)<br>Pepco\u2018s Edison Place Gallery, Washington D.C.<br>University of Texas San Antonio Art Gallery, San Antonio (USA)<br>Ludwig Museum, Koblenz<\/td><\/tr><tr><td>2009<\/td><td>Museum f\u00fcr zeitgen\u00f6ssische Kunst, Skopje (Mazedonien)<br>Akademie der K\u00fcnste, Berlin<\/td><\/tr><tr><td>2007<\/td><td>Villa Oppenheim, Berlin<br>Galerie Brusberg, Berlin<\/td><\/tr><tr><td>2005<\/td><td>Galerie Eva Poll, Berlin<br>Sprengel Museum Hannover<br>Georg Kolbe Museum, Berlin<br>Berlinische Galerie &#8211; Museum f\u00fcr Moderne Kunst<\/td><\/tr><tr><td>2004<\/td><td>M\u00e4rkisches Museum Witten (in Kooperation mit Galerie Eva Poll)<br>Klingspor Museum, Offenbach<br>San Antonio Public Library Foundation, San Antonio (USA)<\/td><\/tr><tr><td>2003<\/td><td>Adam Opel AG, Berlin und R\u00fcsselsheim<br>A-Space, New York City<br>Martin-Gropius-Bau, Berlin<\/td><\/tr><tr><td>1999<\/td><td>Kupferstichkabinett der Staatliche Museen zu Berlin<\/td><\/tr><tr><td>1998<\/td><td>Harvard University Museum, Cambridge<br>Galerie Eva Poll, Berlin<\/td><\/tr><tr><td>1989<\/td><td>High Museum of Art, Atlanta (USA)<br>Gulbenkian Stiftung, Lissabon<br>Galerie Eva Poll, Berlin<br>NGBK in der Staatlichen Kunsthalle Berlin<\/td><\/tr><tr><td>1988<\/td><td>Berlinische Galerie &#8211; Museum f\u00fcr Moderne Kunst<br>Neue Nationalgalerie der Staatlichen Museen zu Berlin<\/td><\/tr><tr><td>1985<\/td><td>Hirshhorn Museum, Washington D.C.<\/td><\/tr><tr><td>1983<\/td><td>Neue Nationalgalerie der Staatlichen Museen zu Berlin<\/td><\/tr><tr><td>1981<\/td><td>Kulturhuset, Stockholm<br>Galerie Brusberg, Berlin<\/td><\/tr><tr><td>1979<\/td><td>Berlinische Galerie &#8211; Museum f\u00fcr Moderne Kunst<\/td><\/tr><tr><td>1977-1978<\/td><td>\u201eAspekt Gro\u00dfstadt\u201c, Wanderausstellung<\/td><\/tr><tr><td>1976<\/td><td>documenta 6, Kassel<\/td><\/tr><tr><td>1974<\/td><td>Neue Galerie &#8211; Sammlung Ludwig, Aachen<br>Galerie Eva Poll, Berlin<\/td><\/tr><tr><td>1973<\/td><td>Kunsthalle Recklinghausen<br>Galerie Eva Poll, Berlin<\/td><\/tr><tr><td>1972<\/td><td>3. Internationale Grafikbiennale, Florenz<\/td><\/tr><tr><td>1972-1974<\/td><td>\u201ePrinzip Realismus\u201c, Wanderausstellung<\/td><\/tr><tr><td>1971<\/td><td>7. Biennale des Jeunes, Paris<br>\u201eZeitgen\u00f6ssische deutsche Kunst\u201c, Wanderausstellung<\/td><\/tr><tr><td>1970<\/td><td>Badischer Kunstverein, Karlsruhe<\/td><\/tr><tr><td>1969<\/td><td>Gro\u00dfg\u00f6rschen 35, Berlin<br>Kunsthalle Budapest<\/td><\/tr><tr><td>1967<\/td><td>Haus am Waldsee, Berlin<br>Kunstverein Hannover<\/td><\/tr><tr><td>1966<\/td><td>Kunsthalle Basel<br>M\u00e4rkisches Museum Witten<br>Museo Arte Moderno, Mexico-Stadt<br>Deutscher K\u00fcnstlerbund<\/td><\/tr><tr><td>1963-1968<\/td><td>Gro\u00dfe Kunstausstellung M\u00fcnchen<\/td><\/tr><tr><td>1963<\/td><td>Haus am Waldsee, Berlin<\/td><\/tr><\/tbody><\/table><\/figure>\n","protected":false},"excerpt":{"rendered":"<p>Einzelausstellungen (Auswahl) 2022-2023 WAI Woods Art Institute, Wentorf bei Hamburg 2017 Max-Liebermann-Haus, Berlin 2016 Kunstverein Buchholz 2015 Kunststiftung Poll, Berlin 2013 Museum der bildenden K\u00fcnste LeipzigGalerie der Stadt Sindelfingen 2012 Kunsthalle Dominikanerkirche, Osnabr\u00fcck 2010 Sammlung Falckenberg, Hamburg-Harburg 2008 Sara Asperger Gallery, BerlinGalerie Litera, Prag 2007 Galerie Eva Poll, Berlin (mit Sabina Grzimek) 2004 Akademie der [&hellip;]<\/p>\n","protected":false},"author":1,"featured_media":0,"parent":1082,"menu_order":1,"comment_status":"closed","ping_status":"closed","template":"kuenstler-text.php","meta":{"_acf_changed":false,"footnotes":""},"class_list":["post-1166","page","type-page","status-publish","hentry"],"acf":[],"_links":{"self":[{"href":"https:\/\/poll-berlin.de\/galerie\/wp-json\/wp\/v2\/pages\/1166","targetHints":{"allow":["GET"]}}],"collection":[{"href":"https:\/\/poll-berlin.de\/galerie\/wp-json\/wp\/v2\/pages"}],"about":[{"href":"https:\/\/poll-berlin.de\/galerie\/wp-json\/wp\/v2\/types\/page"}],"author":[{"embeddable":true,"href":"https:\/\/poll-berlin.de\/galerie\/wp-json\/wp\/v2\/users\/1"}],"replies":[{"embeddable":true,"href":"https:\/\/poll-berlin.de\/galerie\/wp-json\/wp\/v2\/comments?post=1166"}],"version-history":[{"count":20,"href":"https:\/\/poll-berlin.de\/galerie\/wp-json\/wp\/v2\/pages\/1166\/revisions"}],"predecessor-version":[{"id":44900,"href":"https:\/\/poll-berlin.de\/galerie\/wp-json\/wp\/v2\/pages\/1166\/revisions\/44900"}],"up":[{"embeddable":true,"href":"https:\/\/poll-berlin.de\/galerie\/wp-json\/wp\/v2\/pages\/1082"}],"wp:attachment":[{"href":"https:\/\/poll-berlin.de\/galerie\/wp-json\/wp\/v2\/media?parent=1166"}],"curies":[{"name":"wp","href":"https:\/\/api.w.org\/{rel}","templated":true}]}}