{"id":1159,"date":"2021-07-29T14:45:04","date_gmt":"2021-07-29T12:45:04","guid":{"rendered":"https:\/\/poll-berlin.de\/galerie\/?page_id=1159"},"modified":"2025-12-10T12:52:26","modified_gmt":"2025-12-10T11:52:26","slug":"werke-in-sammlungen","status":"publish","type":"page","link":"https:\/\/poll-berlin.de\/galerie\/kuenstler-der-galerie\/orlando\/werke-in-sammlungen\/","title":{"rendered":"Werke in Sammlungen"},"content":{"rendered":"\n<p><strong>Werke in Sammlungen<\/strong><\/p>\n\n\n\n<p>Berlinische Galerie &#8211; Museum f\u00fcr Moderne Kunst<br>Kupferstichkabinett der Staatlichen Museen zu Berlin<br>Neue S\u00e4chsische Galerie, Chemnitz<br>Kupferstich-Kabinett der Staatlichen Kunstsammlungen Dresden<br>S\u00e4chsische Landesbibliothek Dresden<br>St\u00e4dtische Galerie Dresden<br><\/p>\n","protected":false},"excerpt":{"rendered":"<p>Werke in Sammlungen Berlinische Galerie &#8211; Museum f\u00fcr Moderne KunstKupferstichkabinett der Staatlichen Museen zu BerlinNeue S\u00e4chsische Galerie, ChemnitzKupferstich-Kabinett der Staatlichen Kunstsammlungen DresdenS\u00e4chsische Landesbibliothek DresdenSt\u00e4dtische Galerie Dresden<\/p>\n","protected":false},"author":1,"featured_media":0,"parent":1081,"menu_order":2,"comment_status":"closed","ping_status":"closed","template":"kuenstler-text.php","meta":{"_acf_changed":false,"footnotes":""},"class_list":["post-1159","page","type-page","status-publish","hentry"],"acf":[],"_links":{"self":[{"href":"https:\/\/poll-berlin.de\/galerie\/wp-json\/wp\/v2\/pages\/1159","targetHints":{"allow":["GET"]}}],"collection":[{"href":"https:\/\/poll-berlin.de\/galerie\/wp-json\/wp\/v2\/pages"}],"about":[{"href":"https:\/\/poll-berlin.de\/galerie\/wp-json\/wp\/v2\/types\/page"}],"author":[{"embeddable":true,"href":"https:\/\/poll-berlin.de\/galerie\/wp-json\/wp\/v2\/users\/1"}],"replies":[{"embeddable":true,"href":"https:\/\/poll-berlin.de\/galerie\/wp-json\/wp\/v2\/comments?post=1159"}],"version-history":[{"count":8,"href":"https:\/\/poll-berlin.de\/galerie\/wp-json\/wp\/v2\/pages\/1159\/revisions"}],"predecessor-version":[{"id":44899,"href":"https:\/\/poll-berlin.de\/galerie\/wp-json\/wp\/v2\/pages\/1159\/revisions\/44899"}],"up":[{"embeddable":true,"href":"https:\/\/poll-berlin.de\/galerie\/wp-json\/wp\/v2\/pages\/1081"}],"wp:attachment":[{"href":"https:\/\/poll-berlin.de\/galerie\/wp-json\/wp\/v2\/media?parent=1159"}],"curies":[{"name":"wp","href":"https:\/\/api.w.org\/{rel}","templated":true}]}}