{"id":1158,"date":"2021-07-29T14:39:36","date_gmt":"2021-07-29T12:39:36","guid":{"rendered":"https:\/\/poll-berlin.de\/galerie\/?page_id=1158"},"modified":"2026-02-03T15:31:38","modified_gmt":"2026-02-03T14:31:38","slug":"ausstellungen","status":"publish","type":"page","link":"https:\/\/poll-berlin.de\/galerie\/kuenstler-der-galerie\/orlando\/ausstellungen\/","title":{"rendered":"Ausstellungen"},"content":{"rendered":"\n<p><strong>Einzel- und Gruppenausstellungen (Auswahl)<\/strong><\/p>\n\n\n\n<div style=\"height:10px\" aria-hidden=\"true\" class=\"wp-block-spacer\"><\/div>\n\n\n\n<figure class=\"wp-block-table\"><table><tbody><tr><td>2026<\/td><td>Kunsthaus Centre Bagatelle, Berlin<\/td><\/tr><tr><td>2024<\/td><td>Galerie der Sparkasse Plettenberg<br>Kulturzentrum St. Spiritus, Greifswald<\/td><\/tr><tr><td>2022-2023<\/td><td>Museum f\u00fcr Druckkunst Leipzig<\/td><\/tr><tr><td>2022<\/td><td>Neue S\u00e4chsische Galerie, Chemnitz<br>Galerie Poll, Berlin<\/td><\/tr><tr><td>2021<\/td><td>Museum f\u00fcr Druckkunst Leipzig<\/td><\/tr><tr><td>2020<\/td><td>Neue S\u00e4chsische Galerie, Chemnitz<\/td><\/tr><tr><td>2019<\/td><td>Galerie Poll, Berlin<br>China Printmaking Museum, Guanlan (China)<br>Frappant Galerie, Hamburg<\/td><\/tr><tr><td>2018<\/td><td>Oktogon der Hochschule f\u00fcr Bildende K\u00fcnste Dresden<br>Galerie Axel Obiger, Berlin<br>galerie drei, Dresden<br>Neue S\u00e4chsische Galerie, Chemnitz<br>Tapetenwerk, Leipzig<\/td><\/tr><tr><td>2017<\/td><td>COPYRIGHTberlin, Berlin<br>Galerie Malzhaus, Plauen<\/td><\/tr><tr><td>2016<\/td><td>Kunstfoyer im Kulturrathaus, Dresden<br>Neue S\u00e4chsische Galerie, Chemnitz<br>S\u00e4chsischer Landtag, Dresden<\/td><\/tr><tr><td>2015<\/td><td>Oktogon der Hochschule f\u00fcr Bildende K\u00fcnste Dresden<br>Martini-Kirche und St. Andreas-Kirche, Sankt Andreasberg<br>Ausstellungsraum der IG Metall, Berlin<\/td><\/tr><tr><td>2014<\/td><td>CHARTER-Projektgalerie, Leipzig<br>Bayer Kulturhaus, Leverkusen<\/td><\/tr><tr><td>2013<\/td><td>Galerie Villa B\u00f6senberg, Leipzig<br>S\u00e4chsischer Landtag, Dresden<\/td><\/tr><tr><td>2012<\/td><td>Galerie Amberg 13, Rostock<br>Neue S\u00e4chsische Galerie, Chemnitz<br>Galerie Villa B\u00f6senberg, Leipzig<br>Lessedra Gallery &amp; Contemporary Art Projects, Sofia<br>Oktogon der Hochschule f\u00fcr Bildende K\u00fcnste Dresden<\/td><\/tr><tr><td>2011<\/td><td>XVI. Deutsche Internationale Grafik-Triennale, Frechen<\/td><\/tr><tr><td>2010<\/td><td>Galerie Malzhaus, Plauen<\/td><\/tr><\/tbody><\/table><\/figure>\n","protected":false},"excerpt":{"rendered":"<p>Einzel- und Gruppenausstellungen (Auswahl) 2026 Kunsthaus Centre Bagatelle, Berlin 2024 Galerie der Sparkasse PlettenbergKulturzentrum St. Spiritus, Greifswald 2022-2023 Museum f\u00fcr Druckkunst Leipzig 2022 Neue S\u00e4chsische Galerie, ChemnitzGalerie Poll, Berlin 2021 Museum f\u00fcr Druckkunst Leipzig 2020 Neue S\u00e4chsische Galerie, Chemnitz 2019 Galerie Poll, BerlinChina Printmaking Museum, Guanlan (China)Frappant Galerie, Hamburg 2018 Oktogon der Hochschule f\u00fcr Bildende [&hellip;]<\/p>\n","protected":false},"author":1,"featured_media":0,"parent":1081,"menu_order":1,"comment_status":"closed","ping_status":"closed","template":"kuenstler-text.php","meta":{"_acf_changed":false,"footnotes":""},"class_list":["post-1158","page","type-page","status-publish","hentry"],"acf":[],"_links":{"self":[{"href":"https:\/\/poll-berlin.de\/galerie\/wp-json\/wp\/v2\/pages\/1158","targetHints":{"allow":["GET"]}}],"collection":[{"href":"https:\/\/poll-berlin.de\/galerie\/wp-json\/wp\/v2\/pages"}],"about":[{"href":"https:\/\/poll-berlin.de\/galerie\/wp-json\/wp\/v2\/types\/page"}],"author":[{"embeddable":true,"href":"https:\/\/poll-berlin.de\/galerie\/wp-json\/wp\/v2\/users\/1"}],"replies":[{"embeddable":true,"href":"https:\/\/poll-berlin.de\/galerie\/wp-json\/wp\/v2\/comments?post=1158"}],"version-history":[{"count":11,"href":"https:\/\/poll-berlin.de\/galerie\/wp-json\/wp\/v2\/pages\/1158\/revisions"}],"predecessor-version":[{"id":45163,"href":"https:\/\/poll-berlin.de\/galerie\/wp-json\/wp\/v2\/pages\/1158\/revisions\/45163"}],"up":[{"embeddable":true,"href":"https:\/\/poll-berlin.de\/galerie\/wp-json\/wp\/v2\/pages\/1081"}],"wp:attachment":[{"href":"https:\/\/poll-berlin.de\/galerie\/wp-json\/wp\/v2\/media?parent=1158"}],"curies":[{"name":"wp","href":"https:\/\/api.w.org\/{rel}","templated":true}]}}