{"id":1157,"date":"2021-07-29T13:48:47","date_gmt":"2021-07-29T11:48:47","guid":{"rendered":"https:\/\/poll-berlin.de\/galerie\/?page_id=1157"},"modified":"2025-07-29T14:09:15","modified_gmt":"2025-07-29T12:09:15","slug":"biografie","status":"publish","type":"page","link":"https:\/\/poll-berlin.de\/galerie\/kuenstler-der-galerie\/orlando\/biografie\/","title":{"rendered":"Biografie"},"content":{"rendered":"\n<p><strong>Biografie<\/strong><\/p>\n\n\n\n<div style=\"height:10px\" aria-hidden=\"true\" class=\"wp-block-spacer\"><\/div>\n\n\n\n<figure class=\"wp-block-table\"><table><tbody><tr><td>1984<\/td><td>geboren als Karla Neumeyer in Quedlinburg<\/td><\/tr><tr><td>2004-2013<\/td><td>Studium der Malerei und Grafik an der Hochschule f\u00fcr Bildende K\u00fcnste Dresden bei Prof. Peter B\u00f6mmels<\/td><\/tr><tr><td>2008<\/td><td>Auslandssemester an der Akademie der Bildenden K\u00fcnste Warschau<\/td><\/tr><tr><td>2008-2010<\/td><td>Gast- und Nebenstudium an der Hochschule f\u00fcr Grafik und Buchkunst Leipzig und der Universit\u00e4t der K\u00fcnste Berlin (UdK)<\/td><\/tr><tr><td>2010-2013<\/td><td>Meistersch\u00fclerin an der Hochschule f\u00fcr Bildende K\u00fcnste Dresden bei Prof. Peter B\u00f6mmels<\/td><\/tr><\/tbody><\/table><\/figure>\n\n\n\n<p>ORLANDO lebt und arbeitet in Berlin.<\/p>\n\n\n\n<div style=\"height:10px\" aria-hidden=\"true\" class=\"wp-block-spacer\"><\/div>\n\n\n\n<p><strong>Preise und Stipendien<\/strong><\/p>\n\n\n\n<div style=\"height:10px\" aria-hidden=\"true\" class=\"wp-block-spacer\"><\/div>\n\n\n\n<figure class=\"wp-block-table\"><table><tbody><tr><td>2024<\/td><td>Stipendium der Werkstatt Plettenberg<\/td><\/tr><tr><td>2020<\/td><td>Stipendium des Kulturgutes Quellenhof Garbisdorf<\/td><\/tr><tr><td>2018<\/td><td>Arbeitsaufenthalt im K\u00fcnstlerhaus Hohenossig<\/td><\/tr><tr><td>2016<\/td><td>Kunstpreis der Volksbank Chemnitz eG<\/td><\/tr><tr><td>2014<\/td><td>Preis im Druckgraphik-Wettbewerb der Leipziger Buchmesse<\/td><\/tr><tr><td>2011<\/td><td>2. Preis der XVI. Deutschen Internationalen Grafik-Triennale, Frechen<\/td><\/tr><\/tbody><\/table><\/figure>\n","protected":false},"excerpt":{"rendered":"<p>Biografie 1984 geboren als Karla Neumeyer in Quedlinburg 2004-2013 Studium der Malerei und Grafik an der Hochschule f\u00fcr Bildende K\u00fcnste Dresden bei Prof. Peter B\u00f6mmels 2008 Auslandssemester an der Akademie der Bildenden K\u00fcnste Warschau 2008-2010 Gast- und Nebenstudium an der Hochschule f\u00fcr Grafik und Buchkunst Leipzig und der Universit\u00e4t der K\u00fcnste Berlin (UdK) 2010-2013 Meistersch\u00fclerin [&hellip;]<\/p>\n","protected":false},"author":1,"featured_media":0,"parent":1081,"menu_order":0,"comment_status":"closed","ping_status":"closed","template":"kuenstler-text.php","meta":{"_acf_changed":false,"footnotes":""},"class_list":["post-1157","page","type-page","status-publish","hentry"],"acf":[],"_links":{"self":[{"href":"https:\/\/poll-berlin.de\/galerie\/wp-json\/wp\/v2\/pages\/1157","targetHints":{"allow":["GET"]}}],"collection":[{"href":"https:\/\/poll-berlin.de\/galerie\/wp-json\/wp\/v2\/pages"}],"about":[{"href":"https:\/\/poll-berlin.de\/galerie\/wp-json\/wp\/v2\/types\/page"}],"author":[{"embeddable":true,"href":"https:\/\/poll-berlin.de\/galerie\/wp-json\/wp\/v2\/users\/1"}],"replies":[{"embeddable":true,"href":"https:\/\/poll-berlin.de\/galerie\/wp-json\/wp\/v2\/comments?post=1157"}],"version-history":[{"count":10,"href":"https:\/\/poll-berlin.de\/galerie\/wp-json\/wp\/v2\/pages\/1157\/revisions"}],"predecessor-version":[{"id":43710,"href":"https:\/\/poll-berlin.de\/galerie\/wp-json\/wp\/v2\/pages\/1157\/revisions\/43710"}],"up":[{"embeddable":true,"href":"https:\/\/poll-berlin.de\/galerie\/wp-json\/wp\/v2\/pages\/1081"}],"wp:attachment":[{"href":"https:\/\/poll-berlin.de\/galerie\/wp-json\/wp\/v2\/media?parent=1157"}],"curies":[{"name":"wp","href":"https:\/\/api.w.org\/{rel}","templated":true}]}}