{"id":1151,"date":"2021-07-08T14:51:43","date_gmt":"2021-07-08T12:51:43","guid":{"rendered":"https:\/\/poll-berlin.de\/galerie\/?page_id=1151"},"modified":"2025-10-08T15:06:02","modified_gmt":"2025-10-08T13:06:02","slug":"werke-in-sammlungen","status":"publish","type":"page","link":"https:\/\/poll-berlin.de\/galerie\/kuenstler-der-galerie\/heike-negenborn\/werke-in-sammlungen\/","title":{"rendered":"Werke in Sammlungen"},"content":{"rendered":"\n<p><strong>Werke in Sammlungen<\/strong><\/p>\n\n\n\n<p>Sammlung zeitgen\u00f6ssischer Kunst der Bundesrepublik Deutschland, Bonn<br>Kunstsammlungen der Veste Coburg<br>Kunstsammlung Krohne, Duisburg<br>Museum Pfalzgalerie Kaiserslautern<br>Mittelrhein-Museum, Koblenz<br>Landeskunstsammlung Rheinland-Pfalz, Mainz<br>Stiftung Rheinland-Pfalz f\u00fcr Kultur, Mainz<br>Stadtmuseum Siegburg<br>Hokkaido Museum of Modern Art, Sapporo (Japan)<br>Museum Wilhelm Morgner, Soest<br>Mus\u00e9e Pierre-Boucher<em>, <\/em>Trois-Rivi\u00e8res (Kanada)<br>Purdue Permanent Collection, West Lafayette (USA)<\/p>\n","protected":false},"excerpt":{"rendered":"<p>Werke in Sammlungen Sammlung zeitgen\u00f6ssischer Kunst der Bundesrepublik Deutschland, BonnKunstsammlungen der Veste CoburgKunstsammlung Krohne, DuisburgMuseum Pfalzgalerie KaiserslauternMittelrhein-Museum, KoblenzLandeskunstsammlung Rheinland-Pfalz, MainzStiftung Rheinland-Pfalz f\u00fcr Kultur, MainzStadtmuseum SiegburgHokkaido Museum of Modern Art, Sapporo (Japan)Museum Wilhelm Morgner, SoestMus\u00e9e Pierre-Boucher, Trois-Rivi\u00e8res (Kanada)Purdue Permanent Collection, West Lafayette (USA)<\/p>\n","protected":false},"author":1,"featured_media":0,"parent":1080,"menu_order":2,"comment_status":"closed","ping_status":"closed","template":"kuenstler-text.php","meta":{"_acf_changed":false,"footnotes":""},"class_list":["post-1151","page","type-page","status-publish","hentry"],"acf":[],"_links":{"self":[{"href":"https:\/\/poll-berlin.de\/galerie\/wp-json\/wp\/v2\/pages\/1151","targetHints":{"allow":["GET"]}}],"collection":[{"href":"https:\/\/poll-berlin.de\/galerie\/wp-json\/wp\/v2\/pages"}],"about":[{"href":"https:\/\/poll-berlin.de\/galerie\/wp-json\/wp\/v2\/types\/page"}],"author":[{"embeddable":true,"href":"https:\/\/poll-berlin.de\/galerie\/wp-json\/wp\/v2\/users\/1"}],"replies":[{"embeddable":true,"href":"https:\/\/poll-berlin.de\/galerie\/wp-json\/wp\/v2\/comments?post=1151"}],"version-history":[{"count":11,"href":"https:\/\/poll-berlin.de\/galerie\/wp-json\/wp\/v2\/pages\/1151\/revisions"}],"predecessor-version":[{"id":44282,"href":"https:\/\/poll-berlin.de\/galerie\/wp-json\/wp\/v2\/pages\/1151\/revisions\/44282"}],"up":[{"embeddable":true,"href":"https:\/\/poll-berlin.de\/galerie\/wp-json\/wp\/v2\/pages\/1080"}],"wp:attachment":[{"href":"https:\/\/poll-berlin.de\/galerie\/wp-json\/wp\/v2\/media?parent=1151"}],"curies":[{"name":"wp","href":"https:\/\/api.w.org\/{rel}","templated":true}]}}