{"id":1150,"date":"2021-07-08T15:21:17","date_gmt":"2021-07-08T13:21:17","guid":{"rendered":"https:\/\/poll-berlin.de\/galerie\/?page_id=1150"},"modified":"2026-03-11T13:32:59","modified_gmt":"2026-03-11T12:32:59","slug":"ausstellungen","status":"publish","type":"page","link":"https:\/\/poll-berlin.de\/galerie\/kuenstler-der-galerie\/heike-negenborn\/ausstellungen\/","title":{"rendered":"Ausstellungen"},"content":{"rendered":"\n<p><strong>Einzelausstellungen (Auswahl)<\/strong><\/p>\n\n\n\n<div style=\"height:10px\" aria-hidden=\"true\" class=\"wp-block-spacer\"><\/div>\n\n\n\n<figure class=\"wp-block-table\"><table><tbody><tr><td>2026<\/td><td>Galerie Poll, Berlin<\/td><\/tr><tr><td>2025<\/td><td>St\u00e4dtische Galerie Eichenm\u00fcllerhaus, Lemgo<\/td><\/tr><tr><td>2024<\/td><td>Galerie Peter Zimmermann, Mannheim<\/td><\/tr><tr><td>2023<\/td><td>Galerie H\u00fcbner + H\u00fcbner, Frankfurt am Main<\/td><\/tr><tr><td>2022-2023<\/td><td>Galerie Poll, Berlin<\/td><\/tr><tr><td>2022<\/td><td>Kloster Bentlage, Rheine<br>Stadtmuseum Siegburg<\/td><\/tr><tr><td>2020-2021<\/td><td>Galerie Peter Zimmermann, Mannheim<\/td><\/tr><tr><td>2020<\/td><td>Museum Wilhelm Morgner, Soest<\/td><\/tr><tr><td>2019-2020<\/td><td>Galerie Poll, Berlin (mit Andreas Silbermann)<\/td><\/tr><tr><td>2019<\/td><td>Galerie H\u00fcbner + H\u00fcbner, Frankfurt am Main<br>Museum Pfalzgalerie Kaiserslautern<\/td><\/tr><tr><td>2018<\/td><td>UP ART Galerie, Neustadt an der Weinstra\u00dfe<br>Kunsthaus Frankenthal<\/td><\/tr><tr><td>2017<\/td><td>Galerie unterm Maulbeerbaum, Badenheim<br>K\u00fcnstlerbahnhof Ebernburg e.V., Bad Kreuznach (mit Michael Rausch)<\/td><\/tr><tr><td>2016<\/td><td>Galerie Ulrich Gering, Frankfurt am Main (mit Michael Rausch)<br>Kunststation Kleinsassen e.V., Hofbieber-Kleinsassen<\/td><\/tr><tr><td>2015<\/td><td>Atelier-Galerie J\u00fcrgen Schmitz, Siegburg<br>Kunsthalle Ingelheim<\/td><\/tr><tr><td>2013<\/td><td>Junger Kunstkreis H\u00fcnfeld e.V. (mit Peter L\u00f6rincz,)<br>Museum Pachen, Rockenhausen (mit Michael Rausch)<\/td><\/tr><tr><td>2012<\/td><td>Franz\u00f6sische Botschaft in Madrid<\/td><\/tr><tr><td>2011<\/td><td>Maison de Heidelberg, Montpellier<\/td><\/tr><tr><td>2010<\/td><td>Galerie de l\u2019Ancien Courrier, Montpellier<\/td><\/tr><tr><td>2006<\/td><td>Galerie Palais Walderdorff, Trier<br>Museum Kronberger Malerkolonie, Kronberg im Taunus<\/td><\/tr><tr><td>2004<\/td><td>Schlossparkmuseum Bad Kreuznach<\/td><\/tr><tr><td>2000<\/td><td>K\u00fcnstlerbahnhof Ebernburg e.V., Bad Kreuznach<\/td><\/tr><tr><td>1999<\/td><td>Art Galerie Armand Gaasch (Luxemburg)<br>Kunstverein Essenheim e.V.<\/td><\/tr><\/tbody><\/table><\/figure>\n\n\n\n<div style=\"height:10px\" aria-hidden=\"true\" class=\"wp-block-spacer\"><\/div>\n\n\n\n<p><strong>Gruppenausstellungen (Auswahl)<\/strong><\/p>\n\n\n\n<div style=\"height:10px\" aria-hidden=\"true\" class=\"wp-block-spacer\"><\/div>\n\n\n\n<figure class=\"wp-block-table\"><table><tbody><tr><td>2024<\/td><td>Mittelrhein-Museum, Koblenz<\/td><\/tr><tr><td>2023<\/td><td>Burg Vischering, L\u00fcdinghausen<\/td><\/tr><tr><td>2022-2023<\/td><td>Museum f\u00fcr Kunst, Rockenhausen<\/td><\/tr><tr><td>2021<\/td><td>Kunstverein Kreis G\u00fctersloh e.V.<br>Galerie Michael W. Schmalfuss, Marburg<\/td><\/tr><tr><td>2020<\/td><td>St\u00e4dtische Galerie Speyer<\/td><\/tr><tr><td>2019<\/td><td>Kunstbezirk &#8211; Galerie im Gustav-Siegle-Haus, Stuttgart<\/td><\/tr><tr><td>2018<\/td><td>Museum Pfalzgalerie Kaiserslautern<br>Kunstverein Germersheim<br>Bund Bildender K\u00fcnstler Leipzig e.V.<br>Galerie Moderne, Bad Zwischenahn<br>Pf\u00e4lzische Sezession, Herrenhof Mu\u00dfbach<\/td><\/tr><tr><td>2017<\/td><td>Wilhelm Morgner Museum, Soest<br>Regie\u00adrungs\u00adpr\u00e4\u00adsi\u00addium Karlsruhe am Rondell\u00adplatz<br>10. Internationale Biennale zeitgen\u00f6ssischer Druckgrafik Trois-Rivi\u00e8res<br>Stewart Center Gallery in der Purdue University, West Lafayette (USA)<br>Museum Kunstpalast, D\u00fcsseldorf<\/td><\/tr><tr><td>2016<\/td><td>Museum Boppard, Boppard am Rhein<br>Kunsthaus Frankenthal<br>Kunstverein Essenheim<br>6. Realismus-Biennale<em>, <\/em>Berlin<br>Kunstverein Eisenturm Mainz e.V.<br>Rheinland-Pf\u00e4lzische Landesvertretung, Berlin<\/td><\/tr><tr><td>2015<\/td><td>St\u00e4dtische Galerie Mennonitenkirche, Neuwied<br>Galerie Mainzer Kunst!, Mainz<br>Forum des Arts, St. Gely du Fesc (Frankreich)<br>Galerie Ulrich Gering, Frankfurt am Main<br>St\u00e4dtische Galerie Speyer<br>Bergbau- und Stadtmuseum Weilburg an der Lahn<br>Museum Kunstpalast, D\u00fcsseldorf<\/td><\/tr><tr><td>2014<\/td><td>Uferhallen, Berlin<br>Stadtmuseum Langenfeld<\/td><\/tr><tr><td>2013<\/td><td>Kunstsalon im Staatlichen Museum \u00c4gyptischer Kunst<br>Contemporary Art Gallery, Opeln (Polen)<br>Central Michigan University Art Gallery, Mount Pleasant (USA)<br>The Art Museum at SUNY Potsdam, New York<\/td><\/tr><tr><td>2012<\/td><td>Robert und Elaine Stein Galleries, Dayton (USA)<br>Uferhallen, Berlin<br>Purdue University Galleries, West Lafayette (USA)<\/td><\/tr><tr><td>2005<\/td><td>4. Internationale Biennale zeitgen\u00f6ssischer Druckgrafik Trois-Rivi\u00e8res<br>St\u00e4dtische Galerie Speyer<\/td><\/tr><tr><td>2003<\/td><td>Galerie Michael W. Schmalfuss, Marburg<\/td><\/tr><tr><td>2002<\/td><td>VIII. Deutsche Internationale Grafik-Triennale, Frechen<\/td><\/tr><tr><td>2001<\/td><td>Internationale Graphikbiennale f\u00fcr Kaltnadelgrafik, Uzi\u00e7e (Jugoslawien)<br>John Bloxham Gallery, London<\/td><\/tr><tr><td>1998<\/td><td>Hokkaido Museum of Modern Art, Sapporo (Japan)<\/td><\/tr><tr><td>1992<\/td><td>Kunsthalle Darmstadt<\/td><\/tr><\/tbody><\/table><\/figure>\n","protected":false},"excerpt":{"rendered":"<p>Einzelausstellungen (Auswahl) 2026 Galerie Poll, Berlin 2025 St\u00e4dtische Galerie Eichenm\u00fcllerhaus, Lemgo 2024 Galerie Peter Zimmermann, Mannheim 2023 Galerie H\u00fcbner + H\u00fcbner, Frankfurt am Main 2022-2023 Galerie Poll, Berlin 2022 Kloster Bentlage, RheineStadtmuseum Siegburg 2020-2021 Galerie Peter Zimmermann, Mannheim 2020 Museum Wilhelm Morgner, Soest 2019-2020 Galerie Poll, Berlin (mit Andreas Silbermann) 2019 Galerie H\u00fcbner + H\u00fcbner, [&hellip;]<\/p>\n","protected":false},"author":1,"featured_media":0,"parent":1080,"menu_order":1,"comment_status":"closed","ping_status":"closed","template":"kuenstler-text.php","meta":{"_acf_changed":false,"footnotes":""},"class_list":["post-1150","page","type-page","status-publish","hentry"],"acf":[],"_links":{"self":[{"href":"https:\/\/poll-berlin.de\/galerie\/wp-json\/wp\/v2\/pages\/1150","targetHints":{"allow":["GET"]}}],"collection":[{"href":"https:\/\/poll-berlin.de\/galerie\/wp-json\/wp\/v2\/pages"}],"about":[{"href":"https:\/\/poll-berlin.de\/galerie\/wp-json\/wp\/v2\/types\/page"}],"author":[{"embeddable":true,"href":"https:\/\/poll-berlin.de\/galerie\/wp-json\/wp\/v2\/users\/1"}],"replies":[{"embeddable":true,"href":"https:\/\/poll-berlin.de\/galerie\/wp-json\/wp\/v2\/comments?post=1150"}],"version-history":[{"count":20,"href":"https:\/\/poll-berlin.de\/galerie\/wp-json\/wp\/v2\/pages\/1150\/revisions"}],"predecessor-version":[{"id":45436,"href":"https:\/\/poll-berlin.de\/galerie\/wp-json\/wp\/v2\/pages\/1150\/revisions\/45436"}],"up":[{"embeddable":true,"href":"https:\/\/poll-berlin.de\/galerie\/wp-json\/wp\/v2\/pages\/1080"}],"wp:attachment":[{"href":"https:\/\/poll-berlin.de\/galerie\/wp-json\/wp\/v2\/media?parent=1150"}],"curies":[{"name":"wp","href":"https:\/\/api.w.org\/{rel}","templated":true}]}}