{"id":1149,"date":"2021-07-08T14:44:00","date_gmt":"2021-07-08T12:44:00","guid":{"rendered":"https:\/\/poll-berlin.de\/galerie\/?page_id=1149"},"modified":"2024-09-03T00:27:31","modified_gmt":"2024-09-02T22:27:31","slug":"biografie","status":"publish","type":"page","link":"https:\/\/poll-berlin.de\/galerie\/kuenstler-der-galerie\/heike-negenborn\/biografie\/","title":{"rendered":"Biografie"},"content":{"rendered":"\n<p><strong>Biografie<\/strong><\/p>\n\n\n\n<div style=\"height:10px\" aria-hidden=\"true\" class=\"wp-block-spacer\"><\/div>\n\n\n\n<figure class=\"wp-block-table\"><table><tbody><tr><td>1964<\/td><td>geboren in Bad Neuenahr-Ahrweiler<\/td><\/tr><tr><td>1983-1985<\/td><td>Studium der Fachgebiete Malerei, Design und Keramik am Washington College, Chestertown (USA)<\/td><\/tr><tr><td>1988<\/td><td>Bachelor of Fine Arts in Malerei und Fotografie am Austin College, Sherman (USA)<\/td><\/tr><tr><td>1994<\/td><td>Staatsexamen f\u00fcr Lehramt Kunsterziehung und Englisch, Johannes-Gutenberg-Universit\u00e4t Mainz<\/td><\/tr><tr><td>2001<\/td><td>Studium der Malerei und Druckgrafik an der Akademie f\u00fcr Bildende K\u00fcnste Mainz (Diplom) bei Prof. Peter L\u00f6rincz<\/td><\/tr><tr><td>2009-2013<\/td><td>Gemeinschaftsatelier mit Prof. Peter L\u00f6rincz in Saint-Jean-de-Fos (Frankreich)<\/td><\/tr><tr><td>seit 2011<\/td><td>Mitglied im K\u00fcnstlersonderbund<\/td><\/tr><\/tbody><\/table><\/figure>\n\n\n\n<p>Heike Negenborn lebt und arbeitet in Windesheim.<\/p>\n\n\n\n<div style=\"height:10px\" aria-hidden=\"true\" class=\"wp-block-spacer\"><\/div>\n\n\n\n<p><strong>Preise und Stipendien (Auswahl)<\/strong><\/p>\n\n\n\n<div style=\"height:10px\" aria-hidden=\"true\" class=\"wp-block-spacer\"><\/div>\n\n\n\n<figure class=\"wp-block-table\"><table><tbody><tr><td>2024<\/td><td>Kunstpreis der Ike und Berthold Roland-Stiftung, Mannheim<\/td><\/tr><tr><td>2022<\/td><td>NEUSTART Arbeitsstipendium der Stiftung Kunstfonds, Bonn<\/td><\/tr><tr><td>2021<\/td><td>Arbeitsstipendium der Stiftung Kunstfonds, Bonn<\/td><\/tr><tr><td>2020<\/td><td>Projektstipendien der Stiftung Rheinland-Pfalz f\u00fcr Kultur<\/td><\/tr><tr><td>2018<\/td><td>Arbeitsstipendium der Association Les Vend\u00e9miaires in Saint-Mathieu-de-Tr\u00e9viers (Frankreich)<br>Pfalzpreis f\u00fcr Bildende Kunst<\/td><\/tr><tr><td>2016<\/td><td>Wilhelm-Morgner-Preis, Soest<\/td><\/tr><tr><td>2015<\/td><td>Mainzer Kunstpreis des Kunstvereins Eisenturm Mainz e.V.<\/td><\/tr><tr><td>2014<\/td><td>Andreas-Kunstpreis des Nationalparks Harz<\/td><\/tr><tr><td>2013<\/td><td>Kunstpreis Landkreis Germersheim \u2013 Albert Haueisen-Preis<\/td><\/tr><tr><td>2004<\/td><td>Preis f\u00fcr Malerei der Stadt Dierdorf<\/td><\/tr><tr><td>2000<\/td><td>Arbeitsstipendium der Stadt Bad M\u00fcnster am Stein-Ebernburg<\/td><\/tr><tr><td>1998-1999<\/td><td>Stadtdruckerpreis der Stadt Mainz<\/td><\/tr><tr><td>1993<\/td><td>F\u00f6rderstipendium der Johannes-Gutenberg-Universit\u00e4t Mainz<\/td><\/tr><tr><td>1987-1988<\/td><td>Kunststipendium des Austin College, Sherman (USA)<\/td><\/tr><\/tbody><\/table><\/figure>\n","protected":false},"excerpt":{"rendered":"<p>Biografie 1964 geboren in Bad Neuenahr-Ahrweiler 1983-1985 Studium der Fachgebiete Malerei, Design und Keramik am Washington College, Chestertown (USA) 1988 Bachelor of Fine Arts in Malerei und Fotografie am Austin College, Sherman (USA) 1994 Staatsexamen f\u00fcr Lehramt Kunsterziehung und Englisch, Johannes-Gutenberg-Universit\u00e4t Mainz 2001 Studium der Malerei und Druckgrafik an der Akademie f\u00fcr Bildende K\u00fcnste Mainz [&hellip;]<\/p>\n","protected":false},"author":1,"featured_media":0,"parent":1080,"menu_order":0,"comment_status":"closed","ping_status":"closed","template":"kuenstler-text.php","meta":{"_acf_changed":false,"footnotes":""},"class_list":["post-1149","page","type-page","status-publish","hentry"],"acf":[],"_links":{"self":[{"href":"https:\/\/poll-berlin.de\/galerie\/wp-json\/wp\/v2\/pages\/1149","targetHints":{"allow":["GET"]}}],"collection":[{"href":"https:\/\/poll-berlin.de\/galerie\/wp-json\/wp\/v2\/pages"}],"about":[{"href":"https:\/\/poll-berlin.de\/galerie\/wp-json\/wp\/v2\/types\/page"}],"author":[{"embeddable":true,"href":"https:\/\/poll-berlin.de\/galerie\/wp-json\/wp\/v2\/users\/1"}],"replies":[{"embeddable":true,"href":"https:\/\/poll-berlin.de\/galerie\/wp-json\/wp\/v2\/comments?post=1149"}],"version-history":[{"count":6,"href":"https:\/\/poll-berlin.de\/galerie\/wp-json\/wp\/v2\/pages\/1149\/revisions"}],"predecessor-version":[{"id":38142,"href":"https:\/\/poll-berlin.de\/galerie\/wp-json\/wp\/v2\/pages\/1149\/revisions\/38142"}],"up":[{"embeddable":true,"href":"https:\/\/poll-berlin.de\/galerie\/wp-json\/wp\/v2\/pages\/1080"}],"wp:attachment":[{"href":"https:\/\/poll-berlin.de\/galerie\/wp-json\/wp\/v2\/media?parent=1149"}],"curies":[{"name":"wp","href":"https:\/\/api.w.org\/{rel}","templated":true}]}}