{"id":1143,"date":"2021-06-15T14:02:40","date_gmt":"2021-06-15T12:02:40","guid":{"rendered":"https:\/\/poll-berlin.de\/galerie\/?page_id=1143"},"modified":"2025-12-10T12:49:52","modified_gmt":"2025-12-10T11:49:52","slug":"werke-in-sammlungen","status":"publish","type":"page","link":"https:\/\/poll-berlin.de\/galerie\/kuenstler-der-galerie\/maina-miriam-munsky\/werke-in-sammlungen\/","title":{"rendered":"Werke in Sammlungen"},"content":{"rendered":"\n<p><strong>Werke in Sammlungen<\/strong><\/p>\n\n\n\n<p>Berlinische Galerie &#8211; Museum f\u00fcr Moderne Kunst<br>Kunststiftung Poll, Berlin<br>Kupferstichkabinett der Staatlichen Museen zu Berlin<br>Kunstmuseum D\u00fcsseldorf<br>St\u00e4del Museum, Frankfurt am Main<br>Kunstmuseum G\u00f6teborg<br>Museum of Modern Art, New York City<br>M\u00e4rkisches Museum Witten<\/p>\n","protected":false},"excerpt":{"rendered":"<p>Werke in Sammlungen Berlinische Galerie &#8211; Museum f\u00fcr Moderne KunstKunststiftung Poll, BerlinKupferstichkabinett der Staatlichen Museen zu BerlinKunstmuseum D\u00fcsseldorfSt\u00e4del Museum, Frankfurt am MainKunstmuseum G\u00f6teborgMuseum of Modern Art, New York CityM\u00e4rkisches Museum Witten<\/p>\n","protected":false},"author":1,"featured_media":0,"parent":1079,"menu_order":2,"comment_status":"closed","ping_status":"closed","template":"kuenstler-text.php","meta":{"_acf_changed":false,"footnotes":""},"class_list":["post-1143","page","type-page","status-publish","hentry"],"acf":[],"_links":{"self":[{"href":"https:\/\/poll-berlin.de\/galerie\/wp-json\/wp\/v2\/pages\/1143","targetHints":{"allow":["GET"]}}],"collection":[{"href":"https:\/\/poll-berlin.de\/galerie\/wp-json\/wp\/v2\/pages"}],"about":[{"href":"https:\/\/poll-berlin.de\/galerie\/wp-json\/wp\/v2\/types\/page"}],"author":[{"embeddable":true,"href":"https:\/\/poll-berlin.de\/galerie\/wp-json\/wp\/v2\/users\/1"}],"replies":[{"embeddable":true,"href":"https:\/\/poll-berlin.de\/galerie\/wp-json\/wp\/v2\/comments?post=1143"}],"version-history":[{"count":12,"href":"https:\/\/poll-berlin.de\/galerie\/wp-json\/wp\/v2\/pages\/1143\/revisions"}],"predecessor-version":[{"id":44898,"href":"https:\/\/poll-berlin.de\/galerie\/wp-json\/wp\/v2\/pages\/1143\/revisions\/44898"}],"up":[{"embeddable":true,"href":"https:\/\/poll-berlin.de\/galerie\/wp-json\/wp\/v2\/pages\/1079"}],"wp:attachment":[{"href":"https:\/\/poll-berlin.de\/galerie\/wp-json\/wp\/v2\/media?parent=1143"}],"curies":[{"name":"wp","href":"https:\/\/api.w.org\/{rel}","templated":true}]}}