{"id":1142,"date":"2021-06-15T13:27:05","date_gmt":"2021-06-15T11:27:05","guid":{"rendered":"https:\/\/poll-berlin.de\/galerie\/?page_id=1142"},"modified":"2026-03-11T13:43:27","modified_gmt":"2026-03-11T12:43:27","slug":"ausstellungen","status":"publish","type":"page","link":"https:\/\/poll-berlin.de\/galerie\/kuenstler-der-galerie\/maina-miriam-munsky\/ausstellungen\/","title":{"rendered":"Ausstellungen"},"content":{"rendered":"\n<p><strong>Einzelausstellungen (Auswahl)<\/strong><\/p>\n\n\n\n<div style=\"height:10px\" aria-hidden=\"true\" class=\"wp-block-spacer\"><\/div>\n\n\n\n<figure class=\"wp-block-table\"><table><tbody><tr><td>2023<\/td><td>Wilhelm-Fabry-Museum, Hilden<\/td><\/tr><tr><td>2021<\/td><td>Galerie Poll, Berlin<\/td><\/tr><tr><td>2014<\/td><td>Frauenmuseum, Bonn<\/td><\/tr><tr><td>2013<\/td><td>Galerie Poll, Berlin<\/td><\/tr><tr><td>2007<\/td><td>Galerie Eva Poll, Berlin<\/td><\/tr><tr><td>1995<\/td><td>8. Langenhagener Frauenkulturtage<\/td><\/tr><tr><td>1991<\/td><td>Galerie Niepel, D\u00fcsseldorf<\/td><\/tr><tr><td>1990<\/td><td>Galerie Nawrocky, K\u00f6ln<\/td><\/tr><tr><td>1987<\/td><td>Galerie Bischoff, Chicago<br>Galerie Gering-Kulenkampff, Frankfurt<\/td><\/tr><tr><td>1982<\/td><td>K\u00fcnstlergalerie Braunschweig<br>Hamburger Kunstverein (mit Frida Kahlo)<\/td><\/tr><tr><td>1981<\/td><td>Neuer Berliner Kunstverein (NBK)<\/td><\/tr><tr><td>1979<\/td><td>Galerie Apex, G\u00f6ttingen<\/td><\/tr><tr><td>1978<\/td><td>Institut f\u00fcr moderne Kunst, N\u00fcrnberg<\/td><\/tr><tr><td>1977<\/td><td>St\u00e4dtische Galerie, Villingen-Schwenningen<\/td><\/tr><tr><td>1976<\/td><td>M\u00e4rkisches Museum Witten<\/td><\/tr><tr><td>1973<\/td><td>Galerie Niepel, D\u00fcsseldorf<\/td><\/tr><tr><td>1972<\/td><td>Galerie Wendelin Niedlich, Stuttgart<br>Galerie Centro, Oldenburg (mit Peter Sorge)<\/td><\/tr><tr><td>1971<\/td><td>Galerie Eva Poll, Berlin<br>4. Kongress f\u00fcr perinatale Medizin, Kongresshalle Berlin<\/td><\/tr><tr><td>1970<\/td><td>Galerie Ostentor, Dortmund<br>Galerie Center, G\u00f6ttingen<\/td><\/tr><tr><td>1968<\/td><td>Galerie Gro\u00dfg\u00f6rschen 35<br>Berlin Galerie Hiepe, M\u00fcnchen<\/td><\/tr><\/tbody><\/table><\/figure>\n\n\n\n<div style=\"height:10px\" aria-hidden=\"true\" class=\"wp-block-spacer\"><\/div>\n\n\n\n<p><strong>Gruppenausstellungen (Auswahl)<\/strong><\/p>\n\n\n\n<div style=\"height:10px\" aria-hidden=\"true\" class=\"wp-block-spacer\"><\/div>\n\n\n\n<figure class=\"wp-block-table\"><table><tbody><tr><td>2026<\/td><td>New Museum, New York City<\/td><\/tr><tr><td>2025<\/td><td>Wilhelm-Hack-Museum, Ludwigshafen am Rhein<\/td><\/tr><tr><td>2024<\/td><td>Kupferstichkabinett der Staatlichen Museen zu Berlin<\/td><\/tr><tr><td>2023-2024<\/td><td>Neuer Berliner Kunstverein (NBK)<\/td><\/tr><tr><td>2023<\/td><td>DAAD Galerie, Berlin<br>Galerie im K\u00f6rnerpark, Berlin<\/td><\/tr><tr><td>2020<\/td><td>Kraupa-Tuskany-Zeidler, Berlin<\/td><\/tr><tr><td>2017<\/td><td>Lettisches Nationales Kunstmuseum, Riga<\/td><\/tr><tr><td>2016<\/td><td>Galerie Poll und Kunststiftung Poll, Berlin<\/td><\/tr><tr><td>2015<\/td><td>Stiftung Haus der Geschichte der Bundesrepublik Deutschland, Berlin<\/td><\/tr><tr><td>2012<\/td><td>St\u00e4dtische Museen Heilbronn<\/td><\/tr><tr><td>2010<\/td><td>Wilhelm-Fabry-Museum, Hilden<\/td><\/tr><tr><td>2006<\/td><td>Stadtarchiv Dresden<\/td><\/tr><tr><td>2005<\/td><td>Galerie Eva Poll, Berlin<\/td><\/tr><tr><td>2004<\/td><td>M\u00e4rkisches Museum Witten (in Kooperation mit Galerie Eva Poll, Berlin)<\/td><\/tr><tr><td>2000<\/td><td>Heimatmuseum Neuk\u00f6lln, Berlin<br>Galerie der Stadt Aschaffenburg<\/td><\/tr><tr><td>1993<\/td><td>Deutsches Hygiene-Museum, Dresden<\/td><\/tr><tr><td>1992<\/td><td>Landesmuseum f\u00fcr Kunst und Kulturgeschichte Oldenburg<\/td><\/tr><tr><td>1991<\/td><td>Volkshochschule, Bremerhaven<\/td><\/tr><tr><td>1989<\/td><td>St\u00e4dtische Galerie Oberhausen<\/td><\/tr><tr><td>1987<\/td><td>Galerie Bischoff, Chicago<\/td><\/tr><tr><td>1986<\/td><td>Hamburger Kunsthalle<br>Museu de Arte de S\u00e3o Paulo<\/td><\/tr><tr><td>1980<\/td><td>\u201eHommage \u00e0 Goya\u201c, Wanderausstellung<\/td><\/tr><tr><td>1979<\/td><td>\u201eWestberliner Realisten\u201c, Wanderausstellung<br>Staatliche Kunsthalle Berlin<\/td><\/tr><tr><td>1978<\/td><td>Institute of Contemporary Art, London<\/td><\/tr><tr><td>1977<\/td><td>\u201eAspekt Gro\u00dfstadt\u201c, Wanderausstellung<br>Haus am L\u00fctzowplatz, Berlin<br>Mathildenh\u00f6he, Darmstadt<br>Kunsthalle Recklinghausen<br>\u201eBerlin Now\u201c, New York City<\/td><\/tr><tr><td>1974<\/td><td>25. Salon de la jeune Peinture, Paris<br>\u201e11 Berliner\u201c, Wanderausstellung<\/td><\/tr><tr><td>1973<\/td><td>\u201ePrinzip Realismus\u201c, Wanderausstellung<\/td><\/tr><tr><td>1971<\/td><td>Galerie Eva Poll, Berlin<\/td><\/tr><tr><td>1970<\/td><td>Deutscher K\u00fcnstlerbund<br>Internationale Triennale f\u00fcr Druckgrafik, Grenchen<\/td><\/tr><tr><td>1968<\/td><td>Gro\u00dfe Berliner Kunstausstellung<br>Kunstverein D\u00fcsseldorf<\/td><\/tr><tr><td>1967<\/td><td>Galleria Gai, Florenz<br>Palazzo Strozzi, Florenz<\/td><\/tr><\/tbody><\/table><\/figure>\n","protected":false},"excerpt":{"rendered":"<p>Einzelausstellungen (Auswahl) 2023 Wilhelm-Fabry-Museum, Hilden 2021 Galerie Poll, Berlin 2014 Frauenmuseum, Bonn 2013 Galerie Poll, Berlin 2007 Galerie Eva Poll, Berlin 1995 8. Langenhagener Frauenkulturtage 1991 Galerie Niepel, D\u00fcsseldorf 1990 Galerie Nawrocky, K\u00f6ln 1987 Galerie Bischoff, ChicagoGalerie Gering-Kulenkampff, Frankfurt 1982 K\u00fcnstlergalerie BraunschweigHamburger Kunstverein (mit Frida Kahlo) 1981 Neuer Berliner Kunstverein (NBK) 1979 Galerie Apex, G\u00f6ttingen [&hellip;]<\/p>\n","protected":false},"author":1,"featured_media":0,"parent":1079,"menu_order":1,"comment_status":"closed","ping_status":"closed","template":"kuenstler-text.php","meta":{"_acf_changed":false,"footnotes":""},"class_list":["post-1142","page","type-page","status-publish","hentry"],"acf":[],"_links":{"self":[{"href":"https:\/\/poll-berlin.de\/galerie\/wp-json\/wp\/v2\/pages\/1142","targetHints":{"allow":["GET"]}}],"collection":[{"href":"https:\/\/poll-berlin.de\/galerie\/wp-json\/wp\/v2\/pages"}],"about":[{"href":"https:\/\/poll-berlin.de\/galerie\/wp-json\/wp\/v2\/types\/page"}],"author":[{"embeddable":true,"href":"https:\/\/poll-berlin.de\/galerie\/wp-json\/wp\/v2\/users\/1"}],"replies":[{"embeddable":true,"href":"https:\/\/poll-berlin.de\/galerie\/wp-json\/wp\/v2\/comments?post=1142"}],"version-history":[{"count":23,"href":"https:\/\/poll-berlin.de\/galerie\/wp-json\/wp\/v2\/pages\/1142\/revisions"}],"predecessor-version":[{"id":45443,"href":"https:\/\/poll-berlin.de\/galerie\/wp-json\/wp\/v2\/pages\/1142\/revisions\/45443"}],"up":[{"embeddable":true,"href":"https:\/\/poll-berlin.de\/galerie\/wp-json\/wp\/v2\/pages\/1079"}],"wp:attachment":[{"href":"https:\/\/poll-berlin.de\/galerie\/wp-json\/wp\/v2\/media?parent=1142"}],"curies":[{"name":"wp","href":"https:\/\/api.w.org\/{rel}","templated":true}]}}