{"id":1135,"date":"2021-07-06T19:04:29","date_gmt":"2021-07-06T17:04:29","guid":{"rendered":"https:\/\/poll-berlin.de\/galerie\/?page_id=1135"},"modified":"2025-12-10T12:47:16","modified_gmt":"2025-12-10T11:47:16","slug":"werke-in-sammlungen","status":"publish","type":"page","link":"https:\/\/poll-berlin.de\/galerie\/kuenstler-der-galerie\/thomas-lange\/werke-in-sammlungen\/","title":{"rendered":"Werke in Sammlungen"},"content":{"rendered":"\n<p><strong>Werke in Sammlungen<\/strong><\/p>\n\n\n\n<p>Artothek des Neuen Berliner Kunstvereins (NBK)<br>Berlinische Galerie &#8211; Museum f\u00fcr Moderne Kunst<br>Kunstsammlung des Deutschen Bundestages, Berlin<br>Kunststiftung Poll, Berlin<br>Kupferstichkabinett der Staatlichen Museen zu Berlin<br>Schwules Museum, Berlin<br>Sammlung zeitgen\u00f6ssischer Kunst der Bundesrepublik Deutschland, Bonn<br>Goethe-Institut Br\u00fcssel<br>Museo della Seta, Como (Italien)<br>Stiftung Museum Kunstpalast, D\u00fcsseldorf<br>Sammlung Deutsche Bank, Frankfurt am Main<br>Gustav-L\u00fcbcke-Museum, Hamm<br>Handwerkerhaus und Handelshaus, Karlstadt<br>Sammlung W\u00fcrth, K\u00fcnzelsau<br>Fondazione Mudima, Mailand<br>Kunsthalle Mannheim<br>Phillips-Universit\u00e4t Marburg<br>Sammlung Jutta und Manfred Heinrich, Maulbronn<br>Museum Burg Miltenberg<br>Bayerische Staatsgem\u00e4ldesammlungen, M\u00fcnchen<br>Di\u00f6zesanmuseum St. Ulrich, Regensburg<br>Fondazione Volume!, Rom<br>Palazzo Collicola Arti Visive, Spoleto (Italien)<br>Museum am Dom, W\u00fcrzburg<br>Von-der-Heydt-Museum, Wuppertal<\/p>\n","protected":false},"excerpt":{"rendered":"<p>Werke in Sammlungen Artothek des Neuen Berliner Kunstvereins (NBK)Berlinische Galerie &#8211; Museum f\u00fcr Moderne KunstKunstsammlung des Deutschen Bundestages, BerlinKunststiftung Poll, BerlinKupferstichkabinett der Staatlichen Museen zu BerlinSchwules Museum, BerlinSammlung zeitgen\u00f6ssischer Kunst der Bundesrepublik Deutschland, BonnGoethe-Institut Br\u00fcsselMuseo della Seta, Como (Italien)Stiftung Museum Kunstpalast, D\u00fcsseldorfSammlung Deutsche Bank, Frankfurt am MainGustav-L\u00fcbcke-Museum, HammHandwerkerhaus und Handelshaus, KarlstadtSammlung W\u00fcrth, K\u00fcnzelsauFondazione Mudima, MailandKunsthalle [&hellip;]<\/p>\n","protected":false},"author":1,"featured_media":0,"parent":1078,"menu_order":2,"comment_status":"closed","ping_status":"closed","template":"kuenstler-text.php","meta":{"_acf_changed":false,"footnotes":""},"class_list":["post-1135","page","type-page","status-publish","hentry"],"acf":[],"_links":{"self":[{"href":"https:\/\/poll-berlin.de\/galerie\/wp-json\/wp\/v2\/pages\/1135","targetHints":{"allow":["GET"]}}],"collection":[{"href":"https:\/\/poll-berlin.de\/galerie\/wp-json\/wp\/v2\/pages"}],"about":[{"href":"https:\/\/poll-berlin.de\/galerie\/wp-json\/wp\/v2\/types\/page"}],"author":[{"embeddable":true,"href":"https:\/\/poll-berlin.de\/galerie\/wp-json\/wp\/v2\/users\/1"}],"replies":[{"embeddable":true,"href":"https:\/\/poll-berlin.de\/galerie\/wp-json\/wp\/v2\/comments?post=1135"}],"version-history":[{"count":15,"href":"https:\/\/poll-berlin.de\/galerie\/wp-json\/wp\/v2\/pages\/1135\/revisions"}],"predecessor-version":[{"id":44896,"href":"https:\/\/poll-berlin.de\/galerie\/wp-json\/wp\/v2\/pages\/1135\/revisions\/44896"}],"up":[{"embeddable":true,"href":"https:\/\/poll-berlin.de\/galerie\/wp-json\/wp\/v2\/pages\/1078"}],"wp:attachment":[{"href":"https:\/\/poll-berlin.de\/galerie\/wp-json\/wp\/v2\/media?parent=1135"}],"curies":[{"name":"wp","href":"https:\/\/api.w.org\/{rel}","templated":true}]}}