{"id":1133,"date":"2021-07-06T16:16:42","date_gmt":"2021-07-06T14:16:42","guid":{"rendered":"https:\/\/poll-berlin.de\/galerie\/?page_id=1133"},"modified":"2025-05-14T13:17:09","modified_gmt":"2025-05-14T11:17:09","slug":"biografie","status":"publish","type":"page","link":"https:\/\/poll-berlin.de\/galerie\/kuenstler-der-galerie\/thomas-lange\/biografie\/","title":{"rendered":"Biografie"},"content":{"rendered":"\n<p><strong>Biografie<\/strong><\/p>\n\n\n\n<div style=\"height:10px\" aria-hidden=\"true\" class=\"wp-block-spacer\"><\/div>\n\n\n\n<figure class=\"wp-block-table\"><table><tbody><tr><td>1957<\/td><td>geboren in Berlin<\/td><\/tr><tr><td>1976<\/td><td>Studium der Malerei an der Hochschule der K\u00fcnste Berlin bei Prof. Wolfgang Petrick und Prof. Herbert Kaufmann<\/td><\/tr><tr><td>1982<\/td><td>Meistersch\u00fcler bei Prof. Herbert Kaufmann<\/td><\/tr><tr><td>1986<\/td><td>Lehrauftrag an der Universit\u00e4t Marburg<\/td><\/tr><tr><td>1988-1989<\/td><td>Gastprofessur an der Hochschule der K\u00fcnste Berlin<\/td><\/tr><tr><td>2001\/2002<\/td><td>Dozent f\u00fcr die Sommerakademie \u201eSchw\u00e4bischer Kunstsommer\u201c im Kloster Irsee bei Kaufbeuren<\/td><\/tr><tr><td>2003<\/td><td>Realisierung des Altar-Triptychons \u201ePiet\u00e1 und Auferstehung\u201c im St. Paulus-Dom zu M\u00fcnster<\/td><\/tr><tr><td>seit 2004<\/td><td>Lehrauftr\u00e4ge u.a. an der P\u00e4pstliche Universit\u00e4t Gregoriana in Rom, der Accademia di Belle Arti di Brera in Mailand, der Ostbayerischen Technischen Hochschule Regensburg, der Kunstakademie Bad Reichenhall und der Akademie der Bildenden K\u00fcnste Kolbermoor<\/td><\/tr><\/tbody><\/table><\/figure>\n\n\n\n<p>Thomas Lange lebt und arbeitet in Berlin und Torre Alfina (Italien).<\/p>\n\n\n\n<div style=\"height:10px\" aria-hidden=\"true\" class=\"wp-block-spacer\"><\/div>\n\n\n\n<p><strong>Preise und Stipendien<\/strong><\/p>\n\n\n\n<div style=\"height:10px\" aria-hidden=\"true\" class=\"wp-block-spacer\"><\/div>\n\n\n\n<figure class=\"wp-block-table\"><table><tbody><tr><td>2001<\/td><td>Gewinner des Kunstpreises \u201ePrimo Premio Suzzara\u201c, Mantua (Italien)<\/td><\/tr><tr><td>1983<\/td><td>Stipendiat der Karl-Schmidt-Rottluff-Stiftung<\/td><\/tr><\/tbody><\/table><\/figure>\n","protected":false},"excerpt":{"rendered":"<p>Biografie 1957 geboren in Berlin 1976 Studium der Malerei an der Hochschule der K\u00fcnste Berlin bei Prof. Wolfgang Petrick und Prof. Herbert Kaufmann 1982 Meistersch\u00fcler bei Prof. Herbert Kaufmann 1986 Lehrauftrag an der Universit\u00e4t Marburg 1988-1989 Gastprofessur an der Hochschule der K\u00fcnste Berlin 2001\/2002 Dozent f\u00fcr die Sommerakademie \u201eSchw\u00e4bischer Kunstsommer\u201c im Kloster Irsee bei Kaufbeuren [&hellip;]<\/p>\n","protected":false},"author":1,"featured_media":0,"parent":1078,"menu_order":0,"comment_status":"closed","ping_status":"closed","template":"kuenstler-text.php","meta":{"_acf_changed":false,"footnotes":""},"class_list":["post-1133","page","type-page","status-publish","hentry"],"acf":[],"_links":{"self":[{"href":"https:\/\/poll-berlin.de\/galerie\/wp-json\/wp\/v2\/pages\/1133","targetHints":{"allow":["GET"]}}],"collection":[{"href":"https:\/\/poll-berlin.de\/galerie\/wp-json\/wp\/v2\/pages"}],"about":[{"href":"https:\/\/poll-berlin.de\/galerie\/wp-json\/wp\/v2\/types\/page"}],"author":[{"embeddable":true,"href":"https:\/\/poll-berlin.de\/galerie\/wp-json\/wp\/v2\/users\/1"}],"replies":[{"embeddable":true,"href":"https:\/\/poll-berlin.de\/galerie\/wp-json\/wp\/v2\/comments?post=1133"}],"version-history":[{"count":6,"href":"https:\/\/poll-berlin.de\/galerie\/wp-json\/wp\/v2\/pages\/1133\/revisions"}],"predecessor-version":[{"id":42658,"href":"https:\/\/poll-berlin.de\/galerie\/wp-json\/wp\/v2\/pages\/1133\/revisions\/42658"}],"up":[{"embeddable":true,"href":"https:\/\/poll-berlin.de\/galerie\/wp-json\/wp\/v2\/pages\/1078"}],"wp:attachment":[{"href":"https:\/\/poll-berlin.de\/galerie\/wp-json\/wp\/v2\/media?parent=1133"}],"curies":[{"name":"wp","href":"https:\/\/api.w.org\/{rel}","templated":true}]}}