{"id":1127,"date":"2021-07-15T15:27:29","date_gmt":"2021-07-15T13:27:29","guid":{"rendered":"https:\/\/poll-berlin.de\/galerie\/?page_id=1127"},"modified":"2025-10-08T14:17:41","modified_gmt":"2025-10-08T12:17:41","slug":"werke-in-sammlungen","status":"publish","type":"page","link":"https:\/\/poll-berlin.de\/galerie\/kuenstler-der-galerie\/dieter-kraemer\/werke-in-sammlungen\/","title":{"rendered":"Werke in Sammlungen"},"content":{"rendered":"\n<p><strong>Werke in Sammlungen<\/strong><\/p>\n\n\n\n<p>Berlinische Galerie &#8211; Museum f\u00fcr Moderne Kunst<br>Kunststiftung Poll, Berlin<br>Friedrich-Ebert-Stiftung, Bonn<br>LVR-LandesMuseum, Bonn<br>Sammlung zeitgen\u00f6ssischer Kunst der Bundesrepublik Deutschland, Bonn<br>Museum No Hero, Delden (Niederlande)<br>Zeche Zollern der LWL-Museen f\u00fcr Industriekultur, Dortmund<br>Stadtmuseum D\u00fcsseldorf<br>Karl-Ernst-Osthaus-Museum, Hagen<br>Hamburger Kunsthalle<br>Sprengel Museum Hannover<br>Landesmuseum Mainz<br>Kunsthalle Mannheim<br>Bayerische Staatsgem\u00e4ldesammlungen, M\u00fcnchen<br>Kunstsammlung des ADAC, M\u00fcnchen<br>Clemens Sels Museum Neuss<br>Landesmuseum f\u00fcr Kunst und Kulturgeschichte Oldenburg<br>Europ\u00e4isches Spargelmuseum, Schrobenhausen<br>Museum Brot und Kunst, Ulm<br>M\u00e4rkisches Museum Witten<\/p>\n","protected":false},"excerpt":{"rendered":"<p>Werke in Sammlungen Berlinische Galerie &#8211; Museum f\u00fcr Moderne KunstKunststiftung Poll, BerlinFriedrich-Ebert-Stiftung, BonnLVR-LandesMuseum, BonnSammlung zeitgen\u00f6ssischer Kunst der Bundesrepublik Deutschland, BonnMuseum No Hero, Delden (Niederlande)Zeche Zollern der LWL-Museen f\u00fcr Industriekultur, DortmundStadtmuseum D\u00fcsseldorfKarl-Ernst-Osthaus-Museum, HagenHamburger KunsthalleSprengel Museum HannoverLandesmuseum MainzKunsthalle MannheimBayerische Staatsgem\u00e4ldesammlungen, M\u00fcnchenKunstsammlung des ADAC, M\u00fcnchenClemens Sels Museum NeussLandesmuseum f\u00fcr Kunst und Kulturgeschichte OldenburgEurop\u00e4isches Spargelmuseum, SchrobenhausenMuseum Brot und Kunst, [&hellip;]<\/p>\n","protected":false},"author":1,"featured_media":0,"parent":1077,"menu_order":2,"comment_status":"closed","ping_status":"closed","template":"kuenstler-text.php","meta":{"_acf_changed":false,"footnotes":""},"class_list":["post-1127","page","type-page","status-publish","hentry"],"acf":[],"_links":{"self":[{"href":"https:\/\/poll-berlin.de\/galerie\/wp-json\/wp\/v2\/pages\/1127","targetHints":{"allow":["GET"]}}],"collection":[{"href":"https:\/\/poll-berlin.de\/galerie\/wp-json\/wp\/v2\/pages"}],"about":[{"href":"https:\/\/poll-berlin.de\/galerie\/wp-json\/wp\/v2\/types\/page"}],"author":[{"embeddable":true,"href":"https:\/\/poll-berlin.de\/galerie\/wp-json\/wp\/v2\/users\/1"}],"replies":[{"embeddable":true,"href":"https:\/\/poll-berlin.de\/galerie\/wp-json\/wp\/v2\/comments?post=1127"}],"version-history":[{"count":14,"href":"https:\/\/poll-berlin.de\/galerie\/wp-json\/wp\/v2\/pages\/1127\/revisions"}],"predecessor-version":[{"id":44257,"href":"https:\/\/poll-berlin.de\/galerie\/wp-json\/wp\/v2\/pages\/1127\/revisions\/44257"}],"up":[{"embeddable":true,"href":"https:\/\/poll-berlin.de\/galerie\/wp-json\/wp\/v2\/pages\/1077"}],"wp:attachment":[{"href":"https:\/\/poll-berlin.de\/galerie\/wp-json\/wp\/v2\/media?parent=1127"}],"curies":[{"name":"wp","href":"https:\/\/api.w.org\/{rel}","templated":true}]}}