{"id":1126,"date":"2021-07-15T15:15:43","date_gmt":"2021-07-15T13:15:43","guid":{"rendered":"https:\/\/poll-berlin.de\/galerie\/?page_id=1126"},"modified":"2025-07-29T14:47:02","modified_gmt":"2025-07-29T12:47:02","slug":"ausstellungen","status":"publish","type":"page","link":"https:\/\/poll-berlin.de\/galerie\/kuenstler-der-galerie\/dieter-kraemer\/ausstellungen\/","title":{"rendered":"Ausstellungen"},"content":{"rendered":"\n<p><strong>Einzelausstellungen (Auswahl)<\/strong><\/p>\n\n\n\n<div style=\"height:10px\" aria-hidden=\"true\" class=\"wp-block-spacer\"><\/div>\n\n\n\n<figure class=\"wp-block-table\"><table><tbody><tr><td>2023<\/td><td>Kunstverein f\u00fcr den Rhein-Sieg-Kreis, Siegburg<\/td><\/tr><tr><td>2022-2023<\/td><td>Stadtmuseum Langenfeld<\/td><\/tr><tr><td>2021<\/td><td>Galerie Timm Gierig, Frankfurt am Main<\/td><\/tr><tr><td>2017-2018<\/td><td>LVR-LandesMuseum Bonn<\/td><\/tr><tr><td>2017<\/td><td>Galerie Poll, Berlin<\/td><\/tr><tr><td>2014<\/td><td>Kunstforum St. Clemens, K\u00f6ln<\/td><\/tr><tr><td>2010<\/td><td>Galerie Poll, Berlin<\/td><\/tr><tr><td>2002<\/td><td>Galerie Ehrler bei Pfl\u00fcger, Frankfurt am Main<\/td><\/tr><tr><td>2001<\/td><td>Galerie Bengelstr\u00e4ter, Iserlohn<br>M\u00e4rkisches Museum Witten<br>Galerie Frye &amp; Sohn, M\u00fcnster<\/td><\/tr><tr><td>2000<\/td><td>Galerie Ricarda Fox, Essen<\/td><\/tr><tr><td>1995<\/td><td>Galerie Schloss Neuhaus, Salzburg<\/td><\/tr><tr><td>1994<\/td><td>St\u00e4dtische Galerie Mennonitenkirche, Neuwied<\/td><\/tr><tr><td>1991<\/td><td>Galerie Schloss Neuhaus, Salzburg<br>Haus der Kunst, M\u00fcnchen<\/td><\/tr><tr><td>1988<\/td><td>Orangerie Galerie am Dobach, W\u00fcrselen<\/td><\/tr><tr><td>1985<\/td><td>Galerie Frye &amp; Sohn, M\u00fcnster<\/td><\/tr><tr><td>1981<\/td><td>Artothek, K\u00f6ln<\/td><\/tr><tr><td>1976<\/td><td>Galerie Eva Poll, Berlin<\/td><\/tr><tr><td>1975<\/td><td>Galerie Niepel, D\u00fcsseldorf<br>Galerie Brusberg, Hannover<br>Villa Hammerschmidt, Bonn<\/td><\/tr><tr><td>1973<\/td><td>Kunstverein Konstanz<\/td><\/tr><tr><td>1971<\/td><td>Kunstverein Kassel<\/td><\/tr><tr><td>1968<\/td><td>Baukunst Galerie, K\u00f6ln<br>Galerie Daberkow, Frankfurt am Main<br>St\u00e4dtische Galerie Oberhausen<\/td><\/tr><tr><td>1967<\/td><td>Hamburger Kunstverein<\/td><\/tr><tr><td>1965<\/td><td>Karstadt Hamburg<br>Hamburger Kunsthalle<\/td><\/tr><tr><td>1964<\/td><td>Berliner Kunstkabinett Karl Berthold<br>K\u00f6lner Werkschulen<\/td><\/tr><tr><td>1961<\/td><td>Galerie Sch\u00fcler, Berlin<br>Studio der Kunsthalle Hamburg<\/td><\/tr><\/tbody><\/table><\/figure>\n\n\n\n<div style=\"height:10px\" aria-hidden=\"true\" class=\"wp-block-spacer\"><\/div>\n\n\n\n<p><strong>Gruppenausstellungen (Auswahl)<\/strong><\/p>\n\n\n\n<div style=\"height:10px\" aria-hidden=\"true\" class=\"wp-block-spacer\"><\/div>\n\n\n\n<figure class=\"wp-block-table\"><table><tbody><tr><td>2016<\/td><td>Galerie Poll und Kunststiftung Poll, Berlin<\/td><\/tr><tr><td>2012<\/td><td>St\u00e4dtische Museen Heilbronn<br>K\u00fcnstlersonderbund, Berlin<\/td><\/tr><tr><td>2011<\/td><td>Haus der Kunst, M\u00fcnchen<\/td><\/tr><tr><td>2009<\/td><td>Gro\u00dfe Kunstausstellung M\u00fcnchen<br>Galerie Poll, Berlin<\/td><\/tr><tr><td>2005<\/td><td>Museum Kunstpalast, D\u00fcsseldorf<br>K\u00fcnstlersonderbund, Berlin<br>Kunststation Kleinsassen<\/td><\/tr><tr><td>2000<\/td><td>Deutsches Sport- und Olympia Museum, K\u00f6ln<\/td><\/tr><tr><td>1998<\/td><td>Museum Z\u00fcndorfer Wehrturm, K\u00f6ln<br>St\u00e4dtisches Museum Rheydt<\/td><\/tr><tr><td>1995<\/td><td>DuMont Kunsthalle, K\u00f6ln<br>Gro\u00dfe Kunstausstellung M\u00fcnchen<\/td><\/tr><tr><td>1990<\/td><td>Bundesministerium f\u00fcr Arbeit und Soziales, K\u00f6nigswinter<br>Museum Kunstpalast, D\u00fcsseldorf<br>Kunsthalle Darmstadt<\/td><\/tr><tr><td>1988<\/td><td>Martin-Gropius-Bau, Berlin<\/td><\/tr><tr><td>1985<\/td><td>Kunsthalle Recklinghausen<\/td><\/tr><tr><td>1983<\/td><td>St\u00e4dtische Galerie im Lenbachhaus, M\u00fcnchen<br>Frankfurter Kunstverein<br>Lehmbruck-Museum, Duisburg<\/td><\/tr><tr><td>1982<\/td><td>Karl-Ernst-Osthaus-Museum Hagen<br>Badischer Kunstverein Karlsruhe<br>Lehmbruck-Museum Duisburg<br>Museum Kunstpalast D\u00fcsseldorf<br>Gro\u00dfe Kunstausstellung M\u00fcnchen<\/td><\/tr><tr><td>1981<\/td><td>Museum Kunstpalast D\u00fcsseldorf<br>Galerie Brusberg, Hannover<br>Gro\u00dfe Kunstausstellung M\u00fcnchen<br>Germanisches Nationalmuseum, N\u00fcrnberg<br>Kunstmuseum Bonn<br>Technische Fachhochschule Berlin<\/td><\/tr><tr><td>1979<\/td><td>Stadthalle Wiesbaden<br>Kunstverein Hannover<br>Kunstverein Oldenburg<\/td><\/tr><tr><td>1978<\/td><td>Gro\u00dfe Kunstausstellung M\u00fcnchen<br>Kunstverein Hannover<br>\u201e1. Mai-Salon\u201c, Wolgograd (UDSSR)<br>Kunstverein Heidelberg<br>Galerie Eva Poll, Berlin<br>Kunsthalle Karlsruhe<br>Kunsthalle Darmstadt<br>Neuer Berliner Kunstverein (NBK)<br>Grafik-Triennale \u201eIntergrafik\u201c, Ost-Berlin<br>Kunstverein Hannover<\/td><\/tr><tr><td>1976<\/td><td>Goethe-Institut Lille (Frankreich)<br>\u201e1. Mai-Salon\u201c, Haus am L\u00fctzowplatz, Berlin<br>Galerie Eva Poll, Berlin<br>Lehmbruck-Museum, Duisburg<br>Kunsthalle N\u00fcrnberg<br>Gro\u00dfe Kunstausstellung M\u00fcnchen<br>Kunsthalle Bochum<\/td><\/tr><tr><td>1975<\/td><td>Museum Ostwall, Dortmund<br>Galerie Eva Poll, Berlin<br>Gro\u00dfe Kunstausstellung M\u00fcnchen<\/td><\/tr><tr><td>1974<\/td><td>Landesmuseum Mainz<br>W\u00fcrttembergischer Kunstverein Stuttgart<br>Gro\u00dfe Kunstausstellung M\u00fcnchen<br>\u201e1. Mai-Salon\u201c, Haus am L\u00fctzowplatz, Berlin<br>Nicholas Treadwell Gallery, London<br>St\u00e4dtisches Museum Wiesbaden<\/td><\/tr><tr><td>1973<\/td><td>Biennale Premio del Fiorino, Florenz<br>Galerie Eva Poll, Berlin<br>Kunsthalle Baden-Baden<br>Neue Nationalgalerie der Staatlichen Museen zu Berlin<br>Gro\u00dfe Kunstausstellung M\u00fcnchen<\/td><\/tr><tr><td>1972<\/td><td>Galerie am Sch\u00f6nwasserpark, Krefeld<br>Westdeutscher K\u00fcnstlerbund, Hagen<br>Gruga Messehalle Essen<br>Gro\u00dfe Kunstausstellung M\u00fcnchen<\/td><\/tr><tr><td>1971<\/td><td>Haus der Kunst, M\u00fcnchen<br>W\u00fcrttembergischer Kunstverein, Stuttgart<br>Gro\u00dfe Kunstausstellung M\u00fcnchen<\/td><\/tr><tr><td>1967<\/td><td>Baukunst Galerie, K\u00f6ln<\/td><\/tr><tr><td>1965<\/td><td>Bundesverband der deutschen Industrie, K\u00f6ln<br>Landesmuseum f\u00fcr Kunst- und Kulturgeschichte, Schleswig<br>Palazzo delle Esposizioni, Rom<\/td><\/tr><tr><td>1963<\/td><td>St\u00e4dtisches Museum Braunschweig<\/td><\/tr><tr><td>1962<\/td><td>Ausstellungshallen am Funkturm, Berlin<\/td><\/tr><tr><td>1961<\/td><td>Darmst\u00e4dter Sezession<\/td><\/tr><\/tbody><\/table><\/figure>\n","protected":false},"excerpt":{"rendered":"<p>Einzelausstellungen (Auswahl) 2023 Kunstverein f\u00fcr den Rhein-Sieg-Kreis, Siegburg 2022-2023 Stadtmuseum Langenfeld 2021 Galerie Timm Gierig, Frankfurt am Main 2017-2018 LVR-LandesMuseum Bonn 2017 Galerie Poll, Berlin 2014 Kunstforum St. Clemens, K\u00f6ln 2010 Galerie Poll, Berlin 2002 Galerie Ehrler bei Pfl\u00fcger, Frankfurt am Main 2001 Galerie Bengelstr\u00e4ter, IserlohnM\u00e4rkisches Museum WittenGalerie Frye &amp; Sohn, M\u00fcnster 2000 Galerie Ricarda [&hellip;]<\/p>\n","protected":false},"author":1,"featured_media":0,"parent":1077,"menu_order":1,"comment_status":"closed","ping_status":"closed","template":"kuenstler-text.php","meta":{"_acf_changed":false,"footnotes":""},"class_list":["post-1126","page","type-page","status-publish","hentry"],"acf":[],"_links":{"self":[{"href":"https:\/\/poll-berlin.de\/galerie\/wp-json\/wp\/v2\/pages\/1126","targetHints":{"allow":["GET"]}}],"collection":[{"href":"https:\/\/poll-berlin.de\/galerie\/wp-json\/wp\/v2\/pages"}],"about":[{"href":"https:\/\/poll-berlin.de\/galerie\/wp-json\/wp\/v2\/types\/page"}],"author":[{"embeddable":true,"href":"https:\/\/poll-berlin.de\/galerie\/wp-json\/wp\/v2\/users\/1"}],"replies":[{"embeddable":true,"href":"https:\/\/poll-berlin.de\/galerie\/wp-json\/wp\/v2\/comments?post=1126"}],"version-history":[{"count":10,"href":"https:\/\/poll-berlin.de\/galerie\/wp-json\/wp\/v2\/pages\/1126\/revisions"}],"predecessor-version":[{"id":43720,"href":"https:\/\/poll-berlin.de\/galerie\/wp-json\/wp\/v2\/pages\/1126\/revisions\/43720"}],"up":[{"embeddable":true,"href":"https:\/\/poll-berlin.de\/galerie\/wp-json\/wp\/v2\/pages\/1077"}],"wp:attachment":[{"href":"https:\/\/poll-berlin.de\/galerie\/wp-json\/wp\/v2\/media?parent=1126"}],"curies":[{"name":"wp","href":"https:\/\/api.w.org\/{rel}","templated":true}]}}