{"id":1122,"date":"2021-08-12T18:31:34","date_gmt":"2021-08-12T16:31:34","guid":{"rendered":"https:\/\/poll-berlin.de\/galerie\/?page_id=1122"},"modified":"2024-10-08T11:35:40","modified_gmt":"2024-10-08T09:35:40","slug":"katalog-1-kaufm","status":"publish","type":"page","link":"https:\/\/poll-berlin.de\/galerie\/kuenstler-der-galerie\/herbert-kaufmann\/kataloge\/katalog-1-kaufm\/","title":{"rendered":"Katalog 1 &#8211; Kaufmann"},"content":{"rendered":"\n<p><strong>Herbert Kaufmann \u2013 Collagen Bilder Litfa\u00dfs\u00e4ulen<\/strong><br>Lothar C. Poll (Hrsg.), Texte von Eberhard Roters, Pierre Restany und Anthony Thwaites, Katalog anl\u00e4sslich der gleichnamigen Ausstellung in der Galerie Poll, Berlin (10.1.-6.2.1972), Berlin 1972, 20 x 20 cm, 40 Seiten, 28 S\/W-Abbildungen<br>10 Euro<\/p>\n","protected":false},"excerpt":{"rendered":"<p>Herbert Kaufmann \u2013 Collagen Bilder Litfa\u00dfs\u00e4ulenLothar C. Poll (Hrsg.), Texte von Eberhard Roters, Pierre Restany und Anthony Thwaites, Katalog anl\u00e4sslich der gleichnamigen Ausstellung in der Galerie Poll, Berlin (10.1.-6.2.1972), Berlin 1972, 20 x 20 cm, 40 Seiten, 28 S\/W-Abbildungen10 Euro<\/p>\n","protected":false},"author":1,"featured_media":3470,"parent":1121,"menu_order":0,"comment_status":"closed","ping_status":"closed","template":"kuenstler-katalog.php","meta":{"_acf_changed":false,"footnotes":""},"class_list":["post-1122","page","type-page","status-publish","has-post-thumbnail","hentry"],"acf":{"photo_gallery":{"bilder":[[]]}},"_links":{"self":[{"href":"https:\/\/poll-berlin.de\/galerie\/wp-json\/wp\/v2\/pages\/1122","targetHints":{"allow":["GET"]}}],"collection":[{"href":"https:\/\/poll-berlin.de\/galerie\/wp-json\/wp\/v2\/pages"}],"about":[{"href":"https:\/\/poll-berlin.de\/galerie\/wp-json\/wp\/v2\/types\/page"}],"author":[{"embeddable":true,"href":"https:\/\/poll-berlin.de\/galerie\/wp-json\/wp\/v2\/users\/1"}],"replies":[{"embeddable":true,"href":"https:\/\/poll-berlin.de\/galerie\/wp-json\/wp\/v2\/comments?post=1122"}],"version-history":[{"count":6,"href":"https:\/\/poll-berlin.de\/galerie\/wp-json\/wp\/v2\/pages\/1122\/revisions"}],"predecessor-version":[{"id":38842,"href":"https:\/\/poll-berlin.de\/galerie\/wp-json\/wp\/v2\/pages\/1122\/revisions\/38842"}],"up":[{"embeddable":true,"href":"https:\/\/poll-berlin.de\/galerie\/wp-json\/wp\/v2\/pages\/1121"}],"wp:featuredmedia":[{"embeddable":true,"href":"https:\/\/poll-berlin.de\/galerie\/wp-json\/wp\/v2\/media\/3470"}],"wp:attachment":[{"href":"https:\/\/poll-berlin.de\/galerie\/wp-json\/wp\/v2\/media?parent=1122"}],"curies":[{"name":"wp","href":"https:\/\/api.w.org\/{rel}","templated":true}]}}