{"id":1111,"date":"2021-06-17T17:46:14","date_gmt":"2021-06-17T15:46:14","guid":{"rendered":"https:\/\/poll-berlin.de\/galerie\/?page_id=1111"},"modified":"2025-10-08T14:14:31","modified_gmt":"2025-10-08T12:14:31","slug":"werke-in-sammlungen","status":"publish","type":"page","link":"https:\/\/poll-berlin.de\/galerie\/kuenstler-der-galerie\/peter-herrmann\/werke-in-sammlungen\/","title":{"rendered":"Werke in Sammlungen"},"content":{"rendered":"\n<p><strong>Werke in Sammlungen<\/strong><\/p>\n\n\n\n<p>Sammlung Ludwig, Aachen<br>Berlinische Galerie &#8211; Museum f\u00fcr Moderne Kunst<br>Neue Nationalgalerie der Staatlichen Museen zu Berlin<br>Stiftung Stadtmuseum Berlin<br>Sammlung zeitgen\u00f6ssischer Kunst der Bundesrepublik Deutschland, Bonn<br>dkw. Kunstmuseum Dieselkraftwerk Cottbus<br>Museum No Hero, Delden (Niederlande)<br>Albertinum der Staatlichen Kunstsammlungen, Dresden<br>Kupferstich-Kabinett der Staatlichen Kunstsammlungen, Dresden<br>Milit\u00e4rhistorisches Museum Dresden<br>K\u00fcnstlerhaus Villa Romana, Florenz<br>Kunstsammlung der Deutschen Bundesbank, Frankfurt am Main<br>Museum Ludwig, K\u00f6ln<br>Museum der bildenden K\u00fcnste Leipzig<br>Kloster Unser Lieben Frauen, Magdeburg<\/p>\n\n\n\n<div style=\"height:10px\" aria-hidden=\"true\" class=\"wp-block-spacer\"><\/div>\n","protected":false},"excerpt":{"rendered":"<p>Werke in Sammlungen Sammlung Ludwig, AachenBerlinische Galerie &#8211; Museum f\u00fcr Moderne KunstNeue Nationalgalerie der Staatlichen Museen zu BerlinStiftung Stadtmuseum BerlinSammlung zeitgen\u00f6ssischer Kunst der Bundesrepublik Deutschland, Bonndkw. Kunstmuseum Dieselkraftwerk CottbusMuseum No Hero, Delden (Niederlande)Albertinum der Staatlichen Kunstsammlungen, DresdenKupferstich-Kabinett der Staatlichen Kunstsammlungen, DresdenMilit\u00e4rhistorisches Museum DresdenK\u00fcnstlerhaus Villa Romana, FlorenzKunstsammlung der Deutschen Bundesbank, Frankfurt am MainMuseum Ludwig, K\u00f6lnMuseum der [&hellip;]<\/p>\n","protected":false},"author":1,"featured_media":0,"parent":1075,"menu_order":2,"comment_status":"closed","ping_status":"closed","template":"kuenstler-text.php","meta":{"_acf_changed":false,"footnotes":""},"class_list":["post-1111","page","type-page","status-publish","hentry"],"acf":[],"_links":{"self":[{"href":"https:\/\/poll-berlin.de\/galerie\/wp-json\/wp\/v2\/pages\/1111","targetHints":{"allow":["GET"]}}],"collection":[{"href":"https:\/\/poll-berlin.de\/galerie\/wp-json\/wp\/v2\/pages"}],"about":[{"href":"https:\/\/poll-berlin.de\/galerie\/wp-json\/wp\/v2\/types\/page"}],"author":[{"embeddable":true,"href":"https:\/\/poll-berlin.de\/galerie\/wp-json\/wp\/v2\/users\/1"}],"replies":[{"embeddable":true,"href":"https:\/\/poll-berlin.de\/galerie\/wp-json\/wp\/v2\/comments?post=1111"}],"version-history":[{"count":14,"href":"https:\/\/poll-berlin.de\/galerie\/wp-json\/wp\/v2\/pages\/1111\/revisions"}],"predecessor-version":[{"id":44253,"href":"https:\/\/poll-berlin.de\/galerie\/wp-json\/wp\/v2\/pages\/1111\/revisions\/44253"}],"up":[{"embeddable":true,"href":"https:\/\/poll-berlin.de\/galerie\/wp-json\/wp\/v2\/pages\/1075"}],"wp:attachment":[{"href":"https:\/\/poll-berlin.de\/galerie\/wp-json\/wp\/v2\/media?parent=1111"}],"curies":[{"name":"wp","href":"https:\/\/api.w.org\/{rel}","templated":true}]}}