{"id":1102,"date":"2021-06-24T14:32:35","date_gmt":"2021-06-24T12:32:35","guid":{"rendered":"https:\/\/poll-berlin.de\/galerie\/?page_id=1102"},"modified":"2026-03-11T13:05:13","modified_gmt":"2026-03-11T12:05:13","slug":"ausstellungen","status":"publish","type":"page","link":"https:\/\/poll-berlin.de\/galerie\/kuenstler-der-galerie\/sarah-haffner\/ausstellungen\/","title":{"rendered":"Ausstellungen"},"content":{"rendered":"\n<p><strong>Einzelausstellungen (Auswahl)<\/strong><\/p>\n\n\n\n<div style=\"height:10px\" aria-hidden=\"true\" class=\"wp-block-spacer\"><\/div>\n\n\n\n<figure class=\"wp-block-table\"><table><tbody><tr><td>2020<\/td><td>Galerie Poll, Berlin<\/td><\/tr><tr><td>2015<\/td><td>Kunststiftung Poll, Berlin<br>Museum Pankow, Berlin<\/td><\/tr><tr><td>2010<\/td><td>Galerie Tammen, Berlin<\/td><\/tr><tr><td>2007<\/td><td>Literaturforum im Brechthaus Berlin<\/td><\/tr><tr><td>2005-2006<\/td><td>Literaturhaus, Berlin<\/td><\/tr><tr><td>2004<\/td><td>Galerie Forum Amalienpark, Berlin<\/td><\/tr><tr><td>2002<\/td><td>Literaturforum im Brechthaus Berlin<\/td><\/tr><tr><td>2000<\/td><td>Galerie Poll und Kunststiftung Poll, Berlin<\/td><\/tr><tr><td>1994\u20131995<\/td><td>Kunstraum St. Virgil, Salzburg<\/td><\/tr><tr><td>1992<\/td><td>Akademie der K\u00fcnste zu Berlin<\/td><\/tr><tr><td>1991\u20131992<\/td><td>Biuro Wystaw Artystycznych, Szczecin (Polen)<\/td><\/tr><tr><td>1990<\/td><td>BAWAG Foundation, Wien<br>Berliner Landesvertretung, Bonn<\/td><\/tr><tr><td>1989<\/td><td>Kunstverein Freiburg<br>Galerie im Schillerhaus, Bremerhaven<\/td><\/tr><tr><td>1988<\/td><td>Haus der jungen Talente, Berlin<br>Galerie des Mansfeld-Kombinats, Eisleben<br>Galerie am Chamissoplatz, Berlin<\/td><\/tr><tr><td>1987<\/td><td>Galerie Rose, Hamburg<br>Kommunale Galerie, Bremen (mit Evelyn Kuwertz)<\/td><\/tr><tr><td>1986<\/td><td>Haus am L\u00fctzowplatz, Berlin<\/td><\/tr><tr><td>1985<\/td><td>Kunstverein Schering, Berlin<br>Galerie Apex, G\u00f6ttingen<\/td><\/tr><tr><td>1980<\/td><td>Galerie am Savignyplatz, Berlin<\/td><\/tr><tr><td>1970<\/td><td>Watford School of Art, London<\/td><\/tr><tr><td>1965<\/td><td>Galerie Benjamin Katz, Berlin<\/td><\/tr><\/tbody><\/table><\/figure>\n\n\n\n<div style=\"height:10px\" aria-hidden=\"true\" class=\"wp-block-spacer\"><\/div>\n\n\n\n<p><strong>Gruppenausstellungen (Auswahl)<\/strong><\/p>\n\n\n\n<div style=\"height:10px\" aria-hidden=\"true\" class=\"wp-block-spacer\"><\/div>\n\n\n\n<figure class=\"wp-block-table\"><table><tbody><tr><td>2025-2026<\/td><td>Galerie Poll, Berlin<\/td><\/tr><tr><td>2014-2015<\/td><td>Ephraim-Palais, Berlin<\/td><\/tr><tr><td>2013<\/td><td>AM Museum Denver (USA)<\/td><\/tr><tr><td>2012<\/td><td>Ephraim-Palais, Berlin<\/td><\/tr><tr><td>2008<\/td><td>Ephraim-Palais, Berlin<br>Europ\u00e4ische Akademie Berlin<\/td><\/tr><tr><td>seit 2006<\/td><td>st\u00e4ndige Ausstellung im Deutschen Historischen Museum, Berlin<\/td><\/tr><tr><td>2005<\/td><td>KUBUS, Hannover<\/td><\/tr><tr><td>2001<\/td><td>Kurpf\u00e4lzisches Museum, Heidelberg<\/td><\/tr><tr><td>1989<\/td><td>St\u00e4dtische Galerie Oberhausen <\/td><\/tr><tr><td>1987-1988<\/td><td>Akademie der K\u00fcnste, Berlin und St\u00e4dtische Galerie Oberhausen<\/td><\/tr><tr><td>1986<\/td><td>Staatliche Kunsthalle Berlin<br>Galerie Rose, Hamburg<\/td><\/tr><tr><td>1983<\/td><td>\u201e1933 \u2013 Wege zur Diktatur\u201c, Wanderausstellung<\/td><\/tr><tr><td>1978<\/td><td>Haus am L\u00fctzowplatz, Berlin<br>Gro\u00dfe M\u00fcnchener Kunstausstellung, Neue Gruppe<\/td><\/tr><tr><td>1976<\/td><td>Kunsthaus Hamburg<\/td><\/tr><tr><td>1970<\/td><td>Watford School of Art, London<\/td><\/tr><tr><td>1967<\/td><td>Deutscher K\u00fcnstlerbund, Karlsruhe<\/td><\/tr><tr><td>1966<\/td><td>Galerie Benjamin Katz<\/td><\/tr><tr><td>1962<\/td><td>Gro\u00dfe Berliner Kunstausstellung<\/td><\/tr><\/tbody><\/table><\/figure>\n","protected":false},"excerpt":{"rendered":"<p>Einzelausstellungen (Auswahl) 2020 Galerie Poll, Berlin 2015 Kunststiftung Poll, BerlinMuseum Pankow, Berlin 2010 Galerie Tammen, Berlin 2007 Literaturforum im Brechthaus Berlin 2005-2006 Literaturhaus, Berlin 2004 Galerie Forum Amalienpark, Berlin 2002 Literaturforum im Brechthaus Berlin 2000 Galerie Poll und Kunststiftung Poll, Berlin 1994\u20131995 Kunstraum St. Virgil, Salzburg 1992 Akademie der K\u00fcnste zu Berlin 1991\u20131992 Biuro Wystaw [&hellip;]<\/p>\n","protected":false},"author":1,"featured_media":0,"parent":1074,"menu_order":1,"comment_status":"closed","ping_status":"closed","template":"kuenstler-text.php","meta":{"_acf_changed":false,"footnotes":""},"class_list":["post-1102","page","type-page","status-publish","hentry"],"acf":[],"_links":{"self":[{"href":"https:\/\/poll-berlin.de\/galerie\/wp-json\/wp\/v2\/pages\/1102","targetHints":{"allow":["GET"]}}],"collection":[{"href":"https:\/\/poll-berlin.de\/galerie\/wp-json\/wp\/v2\/pages"}],"about":[{"href":"https:\/\/poll-berlin.de\/galerie\/wp-json\/wp\/v2\/types\/page"}],"author":[{"embeddable":true,"href":"https:\/\/poll-berlin.de\/galerie\/wp-json\/wp\/v2\/users\/1"}],"replies":[{"embeddable":true,"href":"https:\/\/poll-berlin.de\/galerie\/wp-json\/wp\/v2\/comments?post=1102"}],"version-history":[{"count":8,"href":"https:\/\/poll-berlin.de\/galerie\/wp-json\/wp\/v2\/pages\/1102\/revisions"}],"predecessor-version":[{"id":45420,"href":"https:\/\/poll-berlin.de\/galerie\/wp-json\/wp\/v2\/pages\/1102\/revisions\/45420"}],"up":[{"embeddable":true,"href":"https:\/\/poll-berlin.de\/galerie\/wp-json\/wp\/v2\/pages\/1074"}],"wp:attachment":[{"href":"https:\/\/poll-berlin.de\/galerie\/wp-json\/wp\/v2\/media?parent=1102"}],"curies":[{"name":"wp","href":"https:\/\/api.w.org\/{rel}","templated":true}]}}