{"id":1101,"date":"2021-06-24T13:11:47","date_gmt":"2021-06-24T11:11:47","guid":{"rendered":"https:\/\/poll-berlin.de\/galerie\/?page_id=1101"},"modified":"2024-03-12T15:54:31","modified_gmt":"2024-03-12T14:54:31","slug":"biografie","status":"publish","type":"page","link":"https:\/\/poll-berlin.de\/galerie\/kuenstler-der-galerie\/sarah-haffner\/biografie\/","title":{"rendered":"Biografie"},"content":{"rendered":"\n<p><strong>Biografie<\/strong><\/p>\n\n\n\n<div style=\"height:10px\" aria-hidden=\"true\" class=\"wp-block-spacer\"><\/div>\n\n\n\n<figure class=\"wp-block-table\"><table><tbody><tr><td>1940<\/td><td>geboren in Cambridge, aufgewachsen in London<\/td><\/tr><tr><td>1954<\/td><td>Umzug nach West-Berlin<\/td><\/tr><tr><td>1956-1957<\/td><td>Meisterschule f\u00fcr das Kunsthandwerk, Berlin<\/td><\/tr><tr><td>1957-1960<\/td><td>Studium der Malerei an der Hochschule f\u00fcr Bildende K\u00fcnste Berlin bei Prof. Ernst Schumacher<\/td><\/tr><tr><td>1960<\/td><td>Geburt des Sohnes David<\/td><\/tr><tr><td>1964<\/td><td>sechsmonatiger Aufenthalt in Paris<\/td><\/tr><tr><td>1969-1970<\/td><td>Lehrauftrag f\u00fcr Farbe an der Watford School of Art, London<\/td><\/tr><tr><td>1971-1981<\/td><td>Lehrauftrag f\u00fcr Spiel an der 1. Staatlichen Fachschule f\u00fcr Erzieher, Berlin<\/td><\/tr><tr><td>1973<\/td><td>Meistersch\u00fclerin an der Hochschule f\u00fcr bildende K\u00fcnste Berlin<\/td><\/tr><tr><td>1975-1976<\/td><td>Autorin eines Fernsehberichtes und Herausgeberin eines Buches \u00fcber Frauenmisshandlung<\/td><\/tr><tr><td>1976-1977<\/td><td>sechsmonatige ehrenamtliche Mitarbeit im 1. Berliner Frauenhaus<\/td><\/tr><tr><td>1980-1986<\/td><td>Lehrauftrag f\u00fcr Farbe an der Hochschule der K\u00fcnste, Berlin<\/td><\/tr><tr><td>2018<\/td><td>gestorben in Dresden<\/td><\/tr><\/tbody><\/table><\/figure>\n","protected":false},"excerpt":{"rendered":"<p>Biografie 1940 geboren in Cambridge, aufgewachsen in London 1954 Umzug nach West-Berlin 1956-1957 Meisterschule f\u00fcr das Kunsthandwerk, Berlin 1957-1960 Studium der Malerei an der Hochschule f\u00fcr Bildende K\u00fcnste Berlin bei Prof. Ernst Schumacher 1960 Geburt des Sohnes David 1964 sechsmonatiger Aufenthalt in Paris 1969-1970 Lehrauftrag f\u00fcr Farbe an der Watford School of Art, London 1971-1981 [&hellip;]<\/p>\n","protected":false},"author":1,"featured_media":0,"parent":1074,"menu_order":0,"comment_status":"closed","ping_status":"closed","template":"kuenstler-text.php","meta":{"_acf_changed":false,"footnotes":""},"class_list":["post-1101","page","type-page","status-publish","hentry"],"acf":[],"_links":{"self":[{"href":"https:\/\/poll-berlin.de\/galerie\/wp-json\/wp\/v2\/pages\/1101","targetHints":{"allow":["GET"]}}],"collection":[{"href":"https:\/\/poll-berlin.de\/galerie\/wp-json\/wp\/v2\/pages"}],"about":[{"href":"https:\/\/poll-berlin.de\/galerie\/wp-json\/wp\/v2\/types\/page"}],"author":[{"embeddable":true,"href":"https:\/\/poll-berlin.de\/galerie\/wp-json\/wp\/v2\/users\/1"}],"replies":[{"embeddable":true,"href":"https:\/\/poll-berlin.de\/galerie\/wp-json\/wp\/v2\/comments?post=1101"}],"version-history":[{"count":11,"href":"https:\/\/poll-berlin.de\/galerie\/wp-json\/wp\/v2\/pages\/1101\/revisions"}],"predecessor-version":[{"id":36403,"href":"https:\/\/poll-berlin.de\/galerie\/wp-json\/wp\/v2\/pages\/1101\/revisions\/36403"}],"up":[{"embeddable":true,"href":"https:\/\/poll-berlin.de\/galerie\/wp-json\/wp\/v2\/pages\/1074"}],"wp:attachment":[{"href":"https:\/\/poll-berlin.de\/galerie\/wp-json\/wp\/v2\/media?parent=1101"}],"curies":[{"name":"wp","href":"https:\/\/api.w.org\/{rel}","templated":true}]}}