{"id":1094,"date":"2021-08-03T12:26:17","date_gmt":"2021-08-03T10:26:17","guid":{"rendered":"https:\/\/poll-berlin.de\/galerie\/?page_id=1094"},"modified":"2025-07-29T15:15:19","modified_gmt":"2025-07-29T13:15:19","slug":"ausstellungen","status":"publish","type":"page","link":"https:\/\/poll-berlin.de\/galerie\/kuenstler-der-galerie\/waldemar-grzimek\/ausstellungen\/","title":{"rendered":"Ausstellungen"},"content":{"rendered":"\n<p><strong>Einzel- und Gruppenausstellungen (Auswahl)<\/strong><\/p>\n\n\n\n<div style=\"height:10px\" aria-hidden=\"true\" class=\"wp-block-spacer\"><\/div>\n\n\n\n<figure class=\"wp-block-table\"><table><tbody><tr><td>2011<\/td><td>Galerie Poll, Berlin<\/td><\/tr><tr><td>2009<\/td><td>Galerie Parterre, Berlin<\/td><\/tr><tr><td>2008-2009<\/td><td>Galerie Eva Poll, Berlin<\/td><\/tr><tr><td>2006<\/td><td>Gerhard-Marcks-Haus, Bremen<\/td><\/tr><tr><td>2005<\/td><td>Klostergalerie Zehdenick<\/td><\/tr><tr><td>2004<\/td><td>Galerie Eva Poll, Berlin<br>Plastikgalerie Schlosskirche Neustrelitz<\/td><\/tr><tr><td>2003<\/td><td>Neue Nationalgalerie der Staatlichen Museen zu Berlin<br>Galerie Beelte-Preyer, M\u00fcnster<\/td><\/tr><tr><td>2002<\/td><td>Plastikgalerie Schlosskirche Neustrelitz<br>Aufstellung des 2. Heine-Denkmals, Berlin<br>Bilderhaus Kr\u00e4merbr\u00fccke, Erfurt<\/td><\/tr><tr><td>2001<\/td><td>Galerie am Wasserturm, Berlin<br>Galerie LEO COPPI, Berlin<br>Bilderhaus Kr\u00e4merbr\u00fccke, Erfurt<\/td><\/tr><tr><td>2000<\/td><td>Kunstverein Wiligrad e.V.<br>Schlossgalerie L\u00fcbstorf<br>Galerie Schwind, Frankfurt am Main (mit Gerhard Moll)<\/td><\/tr><tr><td>1999-2001<\/td><td>Galerie am Wasserturm, Berlin<br>Galerie Himmelreich, Magdeburg<\/td><\/tr><tr><td>1999<\/td><td>Galerie am Wasserturm, Berlin<br>Galerie Eva Poll, Berlin<\/td><\/tr><tr><td>1998<\/td><td>Galerie Eva Poll, Berlin<\/td><\/tr><tr><td>1989<\/td><td>Kloster Unser Lieben Frauen, Magdeburg<\/td><\/tr><tr><td>1984<\/td><td>Einweihung der Brunnenanlage auf dem Wittenbergplatz in Berlin<\/td><\/tr><tr><td>1974<\/td><td>Kunsthalle Bremen<\/td><\/tr><tr><td>1964<\/td><td>documenta III, Kassel<\/td><\/tr><tr><td>1960<\/td><td>Landschaftsgestaltung f\u00fcr die Insel Riema<\/td><\/tr><tr><td>1958<\/td><td>Vierte Deutsche Kunstausstellung im Albertinum, Dresden<\/td><\/tr><tr><td>1956<\/td><td>Maison de la Paix, Paris<br>Badischer Kunstverein, Karlsruhe<\/td><\/tr><tr><td>1955<\/td><td>Pr\u00e4sentation des Flensburger Heine-Denkmals<br>Fr\u00fchjahrsausstellung der Deutschen Akademie der K\u00fcnste, Berlin<\/td><\/tr><tr><td>1953<\/td><td>Dritte Deutsche Kunstausstellung im Albertinum, Dresden<\/td><\/tr><tr><td>1951<\/td><td>Pergamon-Museum, Berlin<\/td><\/tr><tr><td>1949<\/td><td>2. Deutsche Kunstausstellung, Dresden<\/td><\/tr><tr><td>1941-1942<\/td><td>Galerie Buchholz, Berlin<br>Preu\u00dfische Akademie der K\u00fcnste, Berlin<\/td><\/tr><tr><td>1940<\/td><td>Galerie Buchholz, Berlin<\/td><\/tr><\/tbody><\/table><\/figure>\n","protected":false},"excerpt":{"rendered":"<p>Einzel- und Gruppenausstellungen (Auswahl) 2011 Galerie Poll, Berlin 2009 Galerie Parterre, Berlin 2008-2009 Galerie Eva Poll, Berlin 2006 Gerhard-Marcks-Haus, Bremen 2005 Klostergalerie Zehdenick 2004 Galerie Eva Poll, BerlinPlastikgalerie Schlosskirche Neustrelitz 2003 Neue Nationalgalerie der Staatlichen Museen zu BerlinGalerie Beelte-Preyer, M\u00fcnster 2002 Plastikgalerie Schlosskirche NeustrelitzAufstellung des 2. Heine-Denkmals, BerlinBilderhaus Kr\u00e4merbr\u00fccke, Erfurt 2001 Galerie am Wasserturm, BerlinGalerie [&hellip;]<\/p>\n","protected":false},"author":1,"featured_media":0,"parent":1073,"menu_order":1,"comment_status":"closed","ping_status":"closed","template":"kuenstler-text.php","meta":{"_acf_changed":false,"footnotes":""},"class_list":["post-1094","page","type-page","status-publish","hentry"],"acf":[],"_links":{"self":[{"href":"https:\/\/poll-berlin.de\/galerie\/wp-json\/wp\/v2\/pages\/1094","targetHints":{"allow":["GET"]}}],"collection":[{"href":"https:\/\/poll-berlin.de\/galerie\/wp-json\/wp\/v2\/pages"}],"about":[{"href":"https:\/\/poll-berlin.de\/galerie\/wp-json\/wp\/v2\/types\/page"}],"author":[{"embeddable":true,"href":"https:\/\/poll-berlin.de\/galerie\/wp-json\/wp\/v2\/users\/1"}],"replies":[{"embeddable":true,"href":"https:\/\/poll-berlin.de\/galerie\/wp-json\/wp\/v2\/comments?post=1094"}],"version-history":[{"count":10,"href":"https:\/\/poll-berlin.de\/galerie\/wp-json\/wp\/v2\/pages\/1094\/revisions"}],"predecessor-version":[{"id":43733,"href":"https:\/\/poll-berlin.de\/galerie\/wp-json\/wp\/v2\/pages\/1094\/revisions\/43733"}],"up":[{"embeddable":true,"href":"https:\/\/poll-berlin.de\/galerie\/wp-json\/wp\/v2\/pages\/1073"}],"wp:attachment":[{"href":"https:\/\/poll-berlin.de\/galerie\/wp-json\/wp\/v2\/media?parent=1094"}],"curies":[{"name":"wp","href":"https:\/\/api.w.org\/{rel}","templated":true}]}}