{"id":1089,"date":"2021-06-02T10:38:49","date_gmt":"2021-06-02T08:38:49","guid":{"rendered":"https:\/\/poll-berlin.de\/galerie\/kuenstler-der-galerie\/norbert-wagenbrett\/"},"modified":"2025-03-27T16:57:56","modified_gmt":"2025-03-27T15:57:56","slug":"norbert-wagenbrett","status":"publish","type":"page","link":"https:\/\/poll-berlin.de\/galerie\/kuenstler-der-galerie\/norbert-wagenbrett\/","title":{"rendered":"Norbert Wagenbrett"},"content":{"rendered":"","protected":false},"excerpt":{"rendered":"","protected":false},"author":2,"featured_media":0,"parent":45,"menu_order":30,"comment_status":"closed","ping_status":"closed","template":"kuenstler.php","meta":{"_acf_changed":false,"footnotes":""},"class_list":["post-1089","page","type-page","status-publish","hentry"],"acf":{"photo_gallery":{"bilder":[[{"id":37288,"title":"NW_M\u00e4dchen mit goldener Kugel_2023_web","caption":"Norbert Wagenbrett, M\u00e4dchen mit goldener Kugel, 2023, \u00d6l\/Acryl auf Leinwand, 150 x 100 cm","full_image_url":"https:\/\/poll-berlin.de\/galerie\/wp-content\/uploads\/NW_Maedchen-mit-goldener-Kugel_2023_web.jpg","thumbnail_image_url":"https:\/\/poll-berlin.de\/galerie\/wp-content\/uploads\/NW_Maedchen-mit-goldener-Kugel_2023_web-150x150.jpg","large_srcset":"https:\/\/poll-berlin.de\/galerie\/wp-content\/uploads\/NW_Maedchen-mit-goldener-Kugel_2023_web-800x1200.jpg 800w, https:\/\/poll-berlin.de\/galerie\/wp-content\/uploads\/NW_Maedchen-mit-goldener-Kugel_2023_web-200x300.jpg 200w, https:\/\/poll-berlin.de\/galerie\/wp-content\/uploads\/NW_Maedchen-mit-goldener-Kugel_2023_web-1023x1536.jpg 1023w, https:\/\/poll-berlin.de\/galerie\/wp-content\/uploads\/NW_Maedchen-mit-goldener-Kugel_2023_web-1364x2048.jpg 1364w","medium_srcset":"https:\/\/poll-berlin.de\/galerie\/wp-content\/uploads\/NW_Maedchen-mit-goldener-Kugel_2023_web-200x300.jpg 200w, https:\/\/poll-berlin.de\/galerie\/wp-content\/uploads\/NW_Maedchen-mit-goldener-Kugel_2023_web-800x1200.jpg 800w, https:\/\/poll-berlin.de\/galerie\/wp-content\/uploads\/NW_Maedchen-mit-goldener-Kugel_2023_web-768x1154.jpg 768w, https:\/\/poll-berlin.de\/galerie\/wp-content\/uploads\/NW_Maedchen-mit-goldener-Kugel_2023_web-1023x1536.jpg 1023w, https:\/\/poll-berlin.de\/galerie\/wp-content\/uploads\/NW_Maedchen-mit-goldener-Kugel_2023_web-1364x2048.jpg 1364w, https:\/\/poll-berlin.de\/galerie\/wp-content\/uploads\/NW_Maedchen-mit-goldener-Kugel_2023_web.jpg 1500w","media_details":{"width":1500,"height":2253,"sizes":{"medium":{"file":"NW_Maedchen-mit-goldener-Kugel_2023_web-200x300.jpg","width":200,"height":300,"mime-type":"image\/jpeg","filesize":18159,"source_url":"https:\/\/poll-berlin.de\/galerie\/wp-content\/uploads\/NW_Maedchen-mit-goldener-Kugel_2023_web-200x300.jpg"},"large":{"file":"NW_Maedchen-mit-goldener-Kugel_2023_web-800x1200.jpg","width":800,"height":1200,"mime-type":"image\/jpeg","filesize":177850,"source_url":"https:\/\/poll-berlin.de\/galerie\/wp-content\/uploads\/NW_Maedchen-mit-goldener-Kugel_2023_web-800x1200.jpg"},"thumbnail":{"file":"NW_Maedchen-mit-goldener-Kugel_2023_web-150x150.jpg","width":150,"height":150,"mime-type":"image\/jpeg","filesize":8755,"source_url":"https:\/\/poll-berlin.de\/galerie\/wp-content\/uploads\/NW_Maedchen-mit-goldener-Kugel_2023_web-150x150.jpg"},"medium_large":{"file":"NW_Maedchen-mit-goldener-Kugel_2023_web-768x1154.jpg","width":768,"height":1154,"mime-type":"image\/jpeg","filesize":166373,"source_url":"https:\/\/poll-berlin.de\/galerie\/wp-content\/uploads\/NW_Maedchen-mit-goldener-Kugel_2023_web-768x1154.jpg"},"1536x1536":{"file":"NW_Maedchen-mit-goldener-Kugel_2023_web-1023x1536.jpg","width":1023,"height":1536,"mime-type":"image\/jpeg","filesize":274727,"source_url":"https:\/\/poll-berlin.de\/galerie\/wp-content\/uploads\/NW_Maedchen-mit-goldener-Kugel_2023_web-1023x1536.jpg"},"2048x2048":{"file":"NW_Maedchen-mit-goldener-Kugel_2023_web-1364x2048.jpg","width":1364,"height":2048,"mime-type":"image\/jpeg","filesize":453807,"source_url":"https:\/\/poll-berlin.de\/galerie\/wp-content\/uploads\/NW_Maedchen-mit-goldener-Kugel_2023_web-1364x2048.jpg"}}},"alt_text":"","url":"","target":""},{"id":1759,"title":"","caption":"Norbert Wagenbrett, Sale, 2011, \u00d6l auf Leinwand, 150 x 100 cm","full_image_url":"https:\/\/poll-berlin.de\/galerie\/wp-content\/uploads\/NW_Sale_2011_1500Px.jpg","thumbnail_image_url":"https:\/\/poll-berlin.de\/galerie\/wp-content\/uploads\/NW_Sale_2011_1500Px-150x150.jpg","large_srcset":"https:\/\/poll-berlin.de\/galerie\/wp-content\/uploads\/NW_Sale_2011_1500Px-790x1200.jpg 790w, https:\/\/poll-berlin.de\/galerie\/wp-content\/uploads\/NW_Sale_2011_1500Px-197x300.jpg 197w, https:\/\/poll-berlin.de\/galerie\/wp-content\/uploads\/NW_Sale_2011_1500Px-768x1167.jpg 768w, https:\/\/poll-berlin.de\/galerie\/wp-content\/uploads\/NW_Sale_2011_1500Px.jpg 987w","medium_srcset":"https:\/\/poll-berlin.de\/galerie\/wp-content\/uploads\/NW_Sale_2011_1500Px-197x300.jpg 197w, https:\/\/poll-berlin.de\/galerie\/wp-content\/uploads\/NW_Sale_2011_1500Px-790x1200.jpg 790w, https:\/\/poll-berlin.de\/galerie\/wp-content\/uploads\/NW_Sale_2011_1500Px-768x1167.jpg 768w, https:\/\/poll-berlin.de\/galerie\/wp-content\/uploads\/NW_Sale_2011_1500Px.jpg 987w","media_details":{"width":987,"height":1500,"sizes":{"medium":{"file":"NW_Sale_2011_1500Px-197x300.jpg","width":197,"height":300,"mime-type":"image\/jpeg","source_url":"https:\/\/poll-berlin.de\/galerie\/wp-content\/uploads\/NW_Sale_2011_1500Px-197x300.jpg"},"large":{"file":"NW_Sale_2011_1500Px-790x1200.jpg","width":790,"height":1200,"mime-type":"image\/jpeg","source_url":"https:\/\/poll-berlin.de\/galerie\/wp-content\/uploads\/NW_Sale_2011_1500Px-790x1200.jpg"},"thumbnail":{"file":"NW_Sale_2011_1500Px-150x150.jpg","width":150,"height":150,"mime-type":"image\/jpeg","source_url":"https:\/\/poll-berlin.de\/galerie\/wp-content\/uploads\/NW_Sale_2011_1500Px-150x150.jpg"},"medium_large":{"file":"NW_Sale_2011_1500Px-768x1167.jpg","width":768,"height":1167,"mime-type":"image\/jpeg","source_url":"https:\/\/poll-berlin.de\/galerie\/wp-content\/uploads\/NW_Sale_2011_1500Px-768x1167.jpg"}}},"alt_text":"","url":"","target":""},{"id":1750,"title":"","caption":"Norbert Wagenbrett, Die wei\u00dfe Stadt, 2010, \u00d6l auf Leinwand, 150 x 100 cm","full_image_url":"https:\/\/poll-berlin.de\/galerie\/wp-content\/uploads\/NW_Die-weisse-Stadt_2010_1500Px.jpg","thumbnail_image_url":"https:\/\/poll-berlin.de\/galerie\/wp-content\/uploads\/NW_Die-weisse-Stadt_2010_1500Px-150x150.jpg","large_srcset":"https:\/\/poll-berlin.de\/galerie\/wp-content\/uploads\/NW_Die-weisse-Stadt_2010_1500Px-794x1200.jpg 794w, https:\/\/poll-berlin.de\/galerie\/wp-content\/uploads\/NW_Die-weisse-Stadt_2010_1500Px-199x300.jpg 199w, https:\/\/poll-berlin.de\/galerie\/wp-content\/uploads\/NW_Die-weisse-Stadt_2010_1500Px-768x1160.jpg 768w, https:\/\/poll-berlin.de\/galerie\/wp-content\/uploads\/NW_Die-weisse-Stadt_2010_1500Px.jpg 993w","medium_srcset":"https:\/\/poll-berlin.de\/galerie\/wp-content\/uploads\/NW_Die-weisse-Stadt_2010_1500Px-199x300.jpg 199w, https:\/\/poll-berlin.de\/galerie\/wp-content\/uploads\/NW_Die-weisse-Stadt_2010_1500Px-794x1200.jpg 794w, https:\/\/poll-berlin.de\/galerie\/wp-content\/uploads\/NW_Die-weisse-Stadt_2010_1500Px-768x1160.jpg 768w, https:\/\/poll-berlin.de\/galerie\/wp-content\/uploads\/NW_Die-weisse-Stadt_2010_1500Px.jpg 993w","media_details":{"width":993,"height":1500,"sizes":{"medium":{"file":"NW_Die-weisse-Stadt_2010_1500Px-199x300.jpg","width":199,"height":300,"mime-type":"image\/jpeg","source_url":"https:\/\/poll-berlin.de\/galerie\/wp-content\/uploads\/NW_Die-weisse-Stadt_2010_1500Px-199x300.jpg"},"large":{"file":"NW_Die-weisse-Stadt_2010_1500Px-794x1200.jpg","width":794,"height":1200,"mime-type":"image\/jpeg","source_url":"https:\/\/poll-berlin.de\/galerie\/wp-content\/uploads\/NW_Die-weisse-Stadt_2010_1500Px-794x1200.jpg"},"thumbnail":{"file":"NW_Die-weisse-Stadt_2010_1500Px-150x150.jpg","width":150,"height":150,"mime-type":"image\/jpeg","source_url":"https:\/\/poll-berlin.de\/galerie\/wp-content\/uploads\/NW_Die-weisse-Stadt_2010_1500Px-150x150.jpg"},"medium_large":{"file":"NW_Die-weisse-Stadt_2010_1500Px-768x1160.jpg","width":768,"height":1160,"mime-type":"image\/jpeg","source_url":"https:\/\/poll-berlin.de\/galerie\/wp-content\/uploads\/NW_Die-weisse-Stadt_2010_1500Px-768x1160.jpg"}}},"alt_text":"","url":"","target":""},{"id":1753,"title":"","caption":"Norbert Wagenbrett, Im Cinestar, 2006, \u00d6l auf Leinwand, 150 x 100 cm","full_image_url":"https:\/\/poll-berlin.de\/galerie\/wp-content\/uploads\/NW_Im-Cinestar_2006_1500Px.jpg","thumbnail_image_url":"https:\/\/poll-berlin.de\/galerie\/wp-content\/uploads\/NW_Im-Cinestar_2006_1500Px-150x150.jpg","large_srcset":"https:\/\/poll-berlin.de\/galerie\/wp-content\/uploads\/NW_Im-Cinestar_2006_1500Px-796x1200.jpg 796w, https:\/\/poll-berlin.de\/galerie\/wp-content\/uploads\/NW_Im-Cinestar_2006_1500Px-199x300.jpg 199w, https:\/\/poll-berlin.de\/galerie\/wp-content\/uploads\/NW_Im-Cinestar_2006_1500Px-768x1158.jpg 768w, https:\/\/poll-berlin.de\/galerie\/wp-content\/uploads\/NW_Im-Cinestar_2006_1500Px.jpg 995w","medium_srcset":"https:\/\/poll-berlin.de\/galerie\/wp-content\/uploads\/NW_Im-Cinestar_2006_1500Px-199x300.jpg 199w, https:\/\/poll-berlin.de\/galerie\/wp-content\/uploads\/NW_Im-Cinestar_2006_1500Px-796x1200.jpg 796w, https:\/\/poll-berlin.de\/galerie\/wp-content\/uploads\/NW_Im-Cinestar_2006_1500Px-768x1158.jpg 768w, https:\/\/poll-berlin.de\/galerie\/wp-content\/uploads\/NW_Im-Cinestar_2006_1500Px.jpg 995w","media_details":{"width":995,"height":1500,"sizes":{"medium":{"file":"NW_Im-Cinestar_2006_1500Px-199x300.jpg","width":199,"height":300,"mime-type":"image\/jpeg","source_url":"https:\/\/poll-berlin.de\/galerie\/wp-content\/uploads\/NW_Im-Cinestar_2006_1500Px-199x300.jpg"},"large":{"file":"NW_Im-Cinestar_2006_1500Px-796x1200.jpg","width":796,"height":1200,"mime-type":"image\/jpeg","source_url":"https:\/\/poll-berlin.de\/galerie\/wp-content\/uploads\/NW_Im-Cinestar_2006_1500Px-796x1200.jpg"},"thumbnail":{"file":"NW_Im-Cinestar_2006_1500Px-150x150.jpg","width":150,"height":150,"mime-type":"image\/jpeg","source_url":"https:\/\/poll-berlin.de\/galerie\/wp-content\/uploads\/NW_Im-Cinestar_2006_1500Px-150x150.jpg"},"medium_large":{"file":"NW_Im-Cinestar_2006_1500Px-768x1158.jpg","width":768,"height":1158,"mime-type":"image\/jpeg","source_url":"https:\/\/poll-berlin.de\/galerie\/wp-content\/uploads\/NW_Im-Cinestar_2006_1500Px-768x1158.jpg"}}},"alt_text":"","url":"","target":""},{"id":1757,"title":"","caption":"Norbert Wagenbrett, Paar mit Tulpe, 2002, \u00d6l auf Leinwand, 150 x 100 cm","full_image_url":"https:\/\/poll-berlin.de\/galerie\/wp-content\/uploads\/NW_Paar-mit-Tulpe_2002_1500Px.jpg","thumbnail_image_url":"https:\/\/poll-berlin.de\/galerie\/wp-content\/uploads\/NW_Paar-mit-Tulpe_2002_1500Px-150x150.jpg","large_srcset":"https:\/\/poll-berlin.de\/galerie\/wp-content\/uploads\/NW_Paar-mit-Tulpe_2002_1500Px-786x1200.jpg 786w, https:\/\/poll-berlin.de\/galerie\/wp-content\/uploads\/NW_Paar-mit-Tulpe_2002_1500Px-196x300.jpg 196w, https:\/\/poll-berlin.de\/galerie\/wp-content\/uploads\/NW_Paar-mit-Tulpe_2002_1500Px-768x1173.jpg 768w, https:\/\/poll-berlin.de\/galerie\/wp-content\/uploads\/NW_Paar-mit-Tulpe_2002_1500Px.jpg 982w","medium_srcset":"https:\/\/poll-berlin.de\/galerie\/wp-content\/uploads\/NW_Paar-mit-Tulpe_2002_1500Px-196x300.jpg 196w, https:\/\/poll-berlin.de\/galerie\/wp-content\/uploads\/NW_Paar-mit-Tulpe_2002_1500Px-786x1200.jpg 786w, https:\/\/poll-berlin.de\/galerie\/wp-content\/uploads\/NW_Paar-mit-Tulpe_2002_1500Px-768x1173.jpg 768w, https:\/\/poll-berlin.de\/galerie\/wp-content\/uploads\/NW_Paar-mit-Tulpe_2002_1500Px.jpg 982w","media_details":{"width":982,"height":1500,"sizes":{"medium":{"file":"NW_Paar-mit-Tulpe_2002_1500Px-196x300.jpg","width":196,"height":300,"mime-type":"image\/jpeg","source_url":"https:\/\/poll-berlin.de\/galerie\/wp-content\/uploads\/NW_Paar-mit-Tulpe_2002_1500Px-196x300.jpg"},"large":{"file":"NW_Paar-mit-Tulpe_2002_1500Px-786x1200.jpg","width":786,"height":1200,"mime-type":"image\/jpeg","source_url":"https:\/\/poll-berlin.de\/galerie\/wp-content\/uploads\/NW_Paar-mit-Tulpe_2002_1500Px-786x1200.jpg"},"thumbnail":{"file":"NW_Paar-mit-Tulpe_2002_1500Px-150x150.jpg","width":150,"height":150,"mime-type":"image\/jpeg","source_url":"https:\/\/poll-berlin.de\/galerie\/wp-content\/uploads\/NW_Paar-mit-Tulpe_2002_1500Px-150x150.jpg"},"medium_large":{"file":"NW_Paar-mit-Tulpe_2002_1500Px-768x1173.jpg","width":768,"height":1173,"mime-type":"image\/jpeg","source_url":"https:\/\/poll-berlin.de\/galerie\/wp-content\/uploads\/NW_Paar-mit-Tulpe_2002_1500Px-768x1173.jpg"}}},"alt_text":"","url":"","target":""},{"id":1758,"title":"","caption":"Norbert Wagenbrett, Paar, 1999, \u00d6l auf Leinwand, 150 x 100 cm","full_image_url":"https:\/\/poll-berlin.de\/galerie\/wp-content\/uploads\/NW_Paar_1999_1500Px.jpg","thumbnail_image_url":"https:\/\/poll-berlin.de\/galerie\/wp-content\/uploads\/NW_Paar_1999_1500Px-150x150.jpg","large_srcset":"https:\/\/poll-berlin.de\/galerie\/wp-content\/uploads\/NW_Paar_1999_1500Px-800x1186.jpg 800w, https:\/\/poll-berlin.de\/galerie\/wp-content\/uploads\/NW_Paar_1999_1500Px-202x300.jpg 202w, https:\/\/poll-berlin.de\/galerie\/wp-content\/uploads\/NW_Paar_1999_1500Px-768x1138.jpg 768w, https:\/\/poll-berlin.de\/galerie\/wp-content\/uploads\/NW_Paar_1999_1500Px.jpg 1012w","medium_srcset":"https:\/\/poll-berlin.de\/galerie\/wp-content\/uploads\/NW_Paar_1999_1500Px-202x300.jpg 202w, https:\/\/poll-berlin.de\/galerie\/wp-content\/uploads\/NW_Paar_1999_1500Px-800x1186.jpg 800w, https:\/\/poll-berlin.de\/galerie\/wp-content\/uploads\/NW_Paar_1999_1500Px-768x1138.jpg 768w, https:\/\/poll-berlin.de\/galerie\/wp-content\/uploads\/NW_Paar_1999_1500Px.jpg 1012w","media_details":{"width":1012,"height":1500,"sizes":{"medium":{"file":"NW_Paar_1999_1500Px-202x300.jpg","width":202,"height":300,"mime-type":"image\/jpeg","source_url":"https:\/\/poll-berlin.de\/galerie\/wp-content\/uploads\/NW_Paar_1999_1500Px-202x300.jpg"},"large":{"file":"NW_Paar_1999_1500Px-800x1186.jpg","width":800,"height":1186,"mime-type":"image\/jpeg","source_url":"https:\/\/poll-berlin.de\/galerie\/wp-content\/uploads\/NW_Paar_1999_1500Px-800x1186.jpg"},"thumbnail":{"file":"NW_Paar_1999_1500Px-150x150.jpg","width":150,"height":150,"mime-type":"image\/jpeg","source_url":"https:\/\/poll-berlin.de\/galerie\/wp-content\/uploads\/NW_Paar_1999_1500Px-150x150.jpg"},"medium_large":{"file":"NW_Paar_1999_1500Px-768x1138.jpg","width":768,"height":1138,"mime-type":"image\/jpeg","source_url":"https:\/\/poll-berlin.de\/galerie\/wp-content\/uploads\/NW_Paar_1999_1500Px-768x1138.jpg"}}},"alt_text":"","url":"","target":""},{"id":1748,"title":"","caption":"Norbert Wagenbrett, Das Spiel, 1998, \u00d6l auf Leinwand, 150 x 100 cm","full_image_url":"https:\/\/poll-berlin.de\/galerie\/wp-content\/uploads\/NW_Das-Spiel_1998_1500Px.jpg","thumbnail_image_url":"https:\/\/poll-berlin.de\/galerie\/wp-content\/uploads\/NW_Das-Spiel_1998_1500Px-150x150.jpg","large_srcset":"https:\/\/poll-berlin.de\/galerie\/wp-content\/uploads\/NW_Das-Spiel_1998_1500Px-800x1200.jpg 800w, https:\/\/poll-berlin.de\/galerie\/wp-content\/uploads\/NW_Das-Spiel_1998_1500Px-200x300.jpg 200w, https:\/\/poll-berlin.de\/galerie\/wp-content\/uploads\/NW_Das-Spiel_1998_1500Px-768x1152.jpg 768w, https:\/\/poll-berlin.de\/galerie\/wp-content\/uploads\/NW_Das-Spiel_1998_1500Px.jpg 1000w","medium_srcset":"https:\/\/poll-berlin.de\/galerie\/wp-content\/uploads\/NW_Das-Spiel_1998_1500Px-200x300.jpg 200w, https:\/\/poll-berlin.de\/galerie\/wp-content\/uploads\/NW_Das-Spiel_1998_1500Px-800x1200.jpg 800w, https:\/\/poll-berlin.de\/galerie\/wp-content\/uploads\/NW_Das-Spiel_1998_1500Px-768x1152.jpg 768w, https:\/\/poll-berlin.de\/galerie\/wp-content\/uploads\/NW_Das-Spiel_1998_1500Px.jpg 1000w","media_details":{"width":1000,"height":1500,"sizes":{"medium":{"file":"NW_Das-Spiel_1998_1500Px-200x300.jpg","width":200,"height":300,"mime-type":"image\/jpeg","source_url":"https:\/\/poll-berlin.de\/galerie\/wp-content\/uploads\/NW_Das-Spiel_1998_1500Px-200x300.jpg"},"large":{"file":"NW_Das-Spiel_1998_1500Px-800x1200.jpg","width":800,"height":1200,"mime-type":"image\/jpeg","source_url":"https:\/\/poll-berlin.de\/galerie\/wp-content\/uploads\/NW_Das-Spiel_1998_1500Px-800x1200.jpg"},"thumbnail":{"file":"NW_Das-Spiel_1998_1500Px-150x150.jpg","width":150,"height":150,"mime-type":"image\/jpeg","source_url":"https:\/\/poll-berlin.de\/galerie\/wp-content\/uploads\/NW_Das-Spiel_1998_1500Px-150x150.jpg"},"medium_large":{"file":"NW_Das-Spiel_1998_1500Px-768x1152.jpg","width":768,"height":1152,"mime-type":"image\/jpeg","source_url":"https:\/\/poll-berlin.de\/galerie\/wp-content\/uploads\/NW_Das-Spiel_1998_1500Px-768x1152.jpg"}}},"alt_text":"","url":"","target":""},{"id":1755,"title":"","caption":"Norbert Wagenbrett, Im Rosa, 1998, \u00d6l auf Leinwand, 150 x 100 cm","full_image_url":"https:\/\/poll-berlin.de\/galerie\/wp-content\/uploads\/NW_Im-Rosa_1998_1500Px.jpg","thumbnail_image_url":"https:\/\/poll-berlin.de\/galerie\/wp-content\/uploads\/NW_Im-Rosa_1998_1500Px-150x150.jpg","large_srcset":"https:\/\/poll-berlin.de\/galerie\/wp-content\/uploads\/NW_Im-Rosa_1998_1500Px-794x1200.jpg 794w, https:\/\/poll-berlin.de\/galerie\/wp-content\/uploads\/NW_Im-Rosa_1998_1500Px-199x300.jpg 199w, https:\/\/poll-berlin.de\/galerie\/wp-content\/uploads\/NW_Im-Rosa_1998_1500Px-768x1160.jpg 768w, https:\/\/poll-berlin.de\/galerie\/wp-content\/uploads\/NW_Im-Rosa_1998_1500Px.jpg 993w","medium_srcset":"https:\/\/poll-berlin.de\/galerie\/wp-content\/uploads\/NW_Im-Rosa_1998_1500Px-199x300.jpg 199w, https:\/\/poll-berlin.de\/galerie\/wp-content\/uploads\/NW_Im-Rosa_1998_1500Px-794x1200.jpg 794w, https:\/\/poll-berlin.de\/galerie\/wp-content\/uploads\/NW_Im-Rosa_1998_1500Px-768x1160.jpg 768w, https:\/\/poll-berlin.de\/galerie\/wp-content\/uploads\/NW_Im-Rosa_1998_1500Px.jpg 993w","media_details":{"width":993,"height":1500,"sizes":{"medium":{"file":"NW_Im-Rosa_1998_1500Px-199x300.jpg","width":199,"height":300,"mime-type":"image\/jpeg","source_url":"https:\/\/poll-berlin.de\/galerie\/wp-content\/uploads\/NW_Im-Rosa_1998_1500Px-199x300.jpg"},"large":{"file":"NW_Im-Rosa_1998_1500Px-794x1200.jpg","width":794,"height":1200,"mime-type":"image\/jpeg","source_url":"https:\/\/poll-berlin.de\/galerie\/wp-content\/uploads\/NW_Im-Rosa_1998_1500Px-794x1200.jpg"},"thumbnail":{"file":"NW_Im-Rosa_1998_1500Px-150x150.jpg","width":150,"height":150,"mime-type":"image\/jpeg","source_url":"https:\/\/poll-berlin.de\/galerie\/wp-content\/uploads\/NW_Im-Rosa_1998_1500Px-150x150.jpg"},"medium_large":{"file":"NW_Im-Rosa_1998_1500Px-768x1160.jpg","width":768,"height":1160,"mime-type":"image\/jpeg","source_url":"https:\/\/poll-berlin.de\/galerie\/wp-content\/uploads\/NW_Im-Rosa_1998_1500Px-768x1160.jpg"}}},"alt_text":"","url":"","target":""},{"id":1746,"title":"","caption":"Norbert Wagenbrett, Am Tigerk\u00e4fig, 1996, \u00d6l auf Leinwand, 140 x 120 cm","full_image_url":"https:\/\/poll-berlin.de\/galerie\/wp-content\/uploads\/NW_Am-Tigerkaefig_1996_1500Px.jpg","thumbnail_image_url":"https:\/\/poll-berlin.de\/galerie\/wp-content\/uploads\/NW_Am-Tigerkaefig_1996_1500Px-150x150.jpg","large_srcset":"https:\/\/poll-berlin.de\/galerie\/wp-content\/uploads\/NW_Am-Tigerkaefig_1996_1500Px-800x935.jpg 800w, https:\/\/poll-berlin.de\/galerie\/wp-content\/uploads\/NW_Am-Tigerkaefig_1996_1500Px-257x300.jpg 257w, https:\/\/poll-berlin.de\/galerie\/wp-content\/uploads\/NW_Am-Tigerkaefig_1996_1500Px-768x898.jpg 768w, https:\/\/poll-berlin.de\/galerie\/wp-content\/uploads\/NW_Am-Tigerkaefig_1996_1500Px.jpg 1283w","medium_srcset":"https:\/\/poll-berlin.de\/galerie\/wp-content\/uploads\/NW_Am-Tigerkaefig_1996_1500Px-257x300.jpg 257w, https:\/\/poll-berlin.de\/galerie\/wp-content\/uploads\/NW_Am-Tigerkaefig_1996_1500Px-800x935.jpg 800w, https:\/\/poll-berlin.de\/galerie\/wp-content\/uploads\/NW_Am-Tigerkaefig_1996_1500Px-768x898.jpg 768w, https:\/\/poll-berlin.de\/galerie\/wp-content\/uploads\/NW_Am-Tigerkaefig_1996_1500Px.jpg 1283w","media_details":{"width":1283,"height":1500,"sizes":{"medium":{"file":"NW_Am-Tigerkaefig_1996_1500Px-257x300.jpg","width":257,"height":300,"mime-type":"image\/jpeg","source_url":"https:\/\/poll-berlin.de\/galerie\/wp-content\/uploads\/NW_Am-Tigerkaefig_1996_1500Px-257x300.jpg"},"large":{"file":"NW_Am-Tigerkaefig_1996_1500Px-800x935.jpg","width":800,"height":935,"mime-type":"image\/jpeg","source_url":"https:\/\/poll-berlin.de\/galerie\/wp-content\/uploads\/NW_Am-Tigerkaefig_1996_1500Px-800x935.jpg"},"thumbnail":{"file":"NW_Am-Tigerkaefig_1996_1500Px-150x150.jpg","width":150,"height":150,"mime-type":"image\/jpeg","source_url":"https:\/\/poll-berlin.de\/galerie\/wp-content\/uploads\/NW_Am-Tigerkaefig_1996_1500Px-150x150.jpg"},"medium_large":{"file":"NW_Am-Tigerkaefig_1996_1500Px-768x898.jpg","width":768,"height":898,"mime-type":"image\/jpeg","source_url":"https:\/\/poll-berlin.de\/galerie\/wp-content\/uploads\/NW_Am-Tigerkaefig_1996_1500Px-768x898.jpg"}}},"alt_text":"","url":"","target":""},{"id":1751,"title":"","caption":"Norbert Wagenbrett, Frau im wei\u00dfen Kleid, 1993, \u00d6l auf Leinwand, 140 x 90 cm","full_image_url":"https:\/\/poll-berlin.de\/galerie\/wp-content\/uploads\/NW_Frau-in-weissem-Kleid_1993_1500Px.jpg","thumbnail_image_url":"https:\/\/poll-berlin.de\/galerie\/wp-content\/uploads\/NW_Frau-in-weissem-Kleid_1993_1500Px-150x150.jpg","large_srcset":"https:\/\/poll-berlin.de\/galerie\/wp-content\/uploads\/NW_Frau-in-weissem-Kleid_1993_1500Px-778x1200.jpg 778w, https:\/\/poll-berlin.de\/galerie\/wp-content\/uploads\/NW_Frau-in-weissem-Kleid_1993_1500Px-194x300.jpg 194w, https:\/\/poll-berlin.de\/galerie\/wp-content\/uploads\/NW_Frau-in-weissem-Kleid_1993_1500Px-768x1185.jpg 768w, https:\/\/poll-berlin.de\/galerie\/wp-content\/uploads\/NW_Frau-in-weissem-Kleid_1993_1500Px.jpg 972w","medium_srcset":"https:\/\/poll-berlin.de\/galerie\/wp-content\/uploads\/NW_Frau-in-weissem-Kleid_1993_1500Px-194x300.jpg 194w, https:\/\/poll-berlin.de\/galerie\/wp-content\/uploads\/NW_Frau-in-weissem-Kleid_1993_1500Px-778x1200.jpg 778w, https:\/\/poll-berlin.de\/galerie\/wp-content\/uploads\/NW_Frau-in-weissem-Kleid_1993_1500Px-768x1185.jpg 768w, https:\/\/poll-berlin.de\/galerie\/wp-content\/uploads\/NW_Frau-in-weissem-Kleid_1993_1500Px.jpg 972w","media_details":{"width":972,"height":1500,"sizes":{"medium":{"file":"NW_Frau-in-weissem-Kleid_1993_1500Px-194x300.jpg","width":194,"height":300,"mime-type":"image\/jpeg","source_url":"https:\/\/poll-berlin.de\/galerie\/wp-content\/uploads\/NW_Frau-in-weissem-Kleid_1993_1500Px-194x300.jpg"},"large":{"file":"NW_Frau-in-weissem-Kleid_1993_1500Px-778x1200.jpg","width":778,"height":1200,"mime-type":"image\/jpeg","source_url":"https:\/\/poll-berlin.de\/galerie\/wp-content\/uploads\/NW_Frau-in-weissem-Kleid_1993_1500Px-778x1200.jpg"},"thumbnail":{"file":"NW_Frau-in-weissem-Kleid_1993_1500Px-150x150.jpg","width":150,"height":150,"mime-type":"image\/jpeg","source_url":"https:\/\/poll-berlin.de\/galerie\/wp-content\/uploads\/NW_Frau-in-weissem-Kleid_1993_1500Px-150x150.jpg"},"medium_large":{"file":"NW_Frau-in-weissem-Kleid_1993_1500Px-768x1185.jpg","width":768,"height":1185,"mime-type":"image\/jpeg","source_url":"https:\/\/poll-berlin.de\/galerie\/wp-content\/uploads\/NW_Frau-in-weissem-Kleid_1993_1500Px-768x1185.jpg"}}},"alt_text":"","url":"","target":""}]]}},"_links":{"self":[{"href":"https:\/\/poll-berlin.de\/galerie\/wp-json\/wp\/v2\/pages\/1089","targetHints":{"allow":["GET"]}}],"collection":[{"href":"https:\/\/poll-berlin.de\/galerie\/wp-json\/wp\/v2\/pages"}],"about":[{"href":"https:\/\/poll-berlin.de\/galerie\/wp-json\/wp\/v2\/types\/page"}],"author":[{"embeddable":true,"href":"https:\/\/poll-berlin.de\/galerie\/wp-json\/wp\/v2\/users\/2"}],"replies":[{"embeddable":true,"href":"https:\/\/poll-berlin.de\/galerie\/wp-json\/wp\/v2\/comments?post=1089"}],"version-history":[{"count":5,"href":"https:\/\/poll-berlin.de\/galerie\/wp-json\/wp\/v2\/pages\/1089\/revisions"}],"predecessor-version":[{"id":37293,"href":"https:\/\/poll-berlin.de\/galerie\/wp-json\/wp\/v2\/pages\/1089\/revisions\/37293"}],"up":[{"embeddable":true,"href":"https:\/\/poll-berlin.de\/galerie\/wp-json\/wp\/v2\/pages\/45"}],"wp:attachment":[{"href":"https:\/\/poll-berlin.de\/galerie\/wp-json\/wp\/v2\/media?parent=1089"}],"curies":[{"name":"wp","href":"https:\/\/api.w.org\/{rel}","templated":true}]}}