{"id":1068,"date":"2021-07-29T18:04:21","date_gmt":"2021-07-29T16:04:21","guid":{"rendered":"https:\/\/poll-berlin.de\/galerie\/?page_id=1068"},"modified":"2025-12-10T12:35:29","modified_gmt":"2025-12-10T11:35:29","slug":"werke-in-sammlungen","status":"publish","type":"page","link":"https:\/\/poll-berlin.de\/galerie\/kuenstler-der-galerie\/sabina-grzimek\/werke-in-sammlungen\/","title":{"rendered":"Werke in Sammlungen"},"content":{"rendered":"\n<p><strong>Werke in Sammlungen<\/strong><\/p>\n\n\n\n<p>Sammlung Ludwig, Aachen<br>Lindenau-Museum Altenburg<br>Burg-Galerie Beeskow<br>Akademie der K\u00fcnste, Berlin<br>Berlinische Galerie &#8211; Museum f\u00fcr Moderne Kunst<br>Humboldt-Universit\u00e4t zu Berlin<br>Kunstsammlung der Berliner Volksbank<br>Kupferstichkabinett der Staatlichen Museen zu Berlin<br>M\u00e4rkisches Museum, Berlin<br>Neue Nationalgalerie der Staatlichen Museen zu Berlin<br>Senat von Berlin<br>Brandenburgische Kunstsammlungen Cottbus<br>Rat der Stadt Erfurt<br>Galerie Junge Kunst, Frankfurt (Oder)<br>Staatliche Galerie Moritzburg, Halle-Saale<br>St\u00e4dtische Museen Heilbronn<br>Kloster Unser Lieben Frauen, Magdeburg<br>Rat der Stadt Potsdam<br>Kunsthalle Rostock<br>Staatliches Museum, Schwerin<\/p>\n","protected":false},"excerpt":{"rendered":"<p>Werke in Sammlungen Sammlung Ludwig, AachenLindenau-Museum AltenburgBurg-Galerie BeeskowAkademie der K\u00fcnste, BerlinBerlinische Galerie &#8211; Museum f\u00fcr Moderne KunstHumboldt-Universit\u00e4t zu BerlinKunstsammlung der Berliner VolksbankKupferstichkabinett der Staatlichen Museen zu BerlinM\u00e4rkisches Museum, BerlinNeue Nationalgalerie der Staatlichen Museen zu BerlinSenat von BerlinBrandenburgische Kunstsammlungen CottbusRat der Stadt ErfurtGalerie Junge Kunst, Frankfurt (Oder)Staatliche Galerie Moritzburg, Halle-SaaleSt\u00e4dtische Museen HeilbronnKloster Unser Lieben Frauen, MagdeburgRat [&hellip;]<\/p>\n","protected":false},"author":1,"featured_media":0,"parent":1064,"menu_order":2,"comment_status":"closed","ping_status":"closed","template":"kuenstler-text.php","meta":{"_acf_changed":false,"footnotes":""},"class_list":["post-1068","page","type-page","status-publish","hentry"],"acf":[],"_links":{"self":[{"href":"https:\/\/poll-berlin.de\/galerie\/wp-json\/wp\/v2\/pages\/1068","targetHints":{"allow":["GET"]}}],"collection":[{"href":"https:\/\/poll-berlin.de\/galerie\/wp-json\/wp\/v2\/pages"}],"about":[{"href":"https:\/\/poll-berlin.de\/galerie\/wp-json\/wp\/v2\/types\/page"}],"author":[{"embeddable":true,"href":"https:\/\/poll-berlin.de\/galerie\/wp-json\/wp\/v2\/users\/1"}],"replies":[{"embeddable":true,"href":"https:\/\/poll-berlin.de\/galerie\/wp-json\/wp\/v2\/comments?post=1068"}],"version-history":[{"count":6,"href":"https:\/\/poll-berlin.de\/galerie\/wp-json\/wp\/v2\/pages\/1068\/revisions"}],"predecessor-version":[{"id":44894,"href":"https:\/\/poll-berlin.de\/galerie\/wp-json\/wp\/v2\/pages\/1068\/revisions\/44894"}],"up":[{"embeddable":true,"href":"https:\/\/poll-berlin.de\/galerie\/wp-json\/wp\/v2\/pages\/1064"}],"wp:attachment":[{"href":"https:\/\/poll-berlin.de\/galerie\/wp-json\/wp\/v2\/media?parent=1068"}],"curies":[{"name":"wp","href":"https:\/\/api.w.org\/{rel}","templated":true}]}}