{"id":1066,"date":"2021-07-29T15:41:06","date_gmt":"2021-07-29T13:41:06","guid":{"rendered":"https:\/\/poll-berlin.de\/galerie\/?page_id=1066"},"modified":"2024-03-12T15:35:09","modified_gmt":"2024-03-12T14:35:09","slug":"biografie","status":"publish","type":"page","link":"https:\/\/poll-berlin.de\/galerie\/kuenstler-der-galerie\/sabina-grzimek\/biografie\/","title":{"rendered":"Biografie"},"content":{"rendered":"\n<p><strong>Biografie<\/strong><\/p>\n\n\n\n<div style=\"height:10px\" aria-hidden=\"true\" class=\"wp-block-spacer\"><\/div>\n\n\n\n<figure class=\"wp-block-table\"><table><tbody><tr><td>1942<\/td><td>geboren in Rom, aufgewachsen in West- und Ost-Berlin<\/td><\/tr><tr><td>1961-1962<\/td><td>Praktisches Jahr an der Porzellan-Manufaktur Meissen<\/td><\/tr><tr><td>1962-1967<\/td><td>Studium der Bildhauerei an der Hochschule f\u00fcr bildende und angewandte Kunst, Berlin-Weissensee<\/td><\/tr><tr><td>1967-1969<\/td><td>freischaffend t\u00e4tig als Bildhauerin in Ost-Berlin<\/td><\/tr><tr><td>1969-1972<\/td><td>Meistersch\u00fclerin an der Akademie der K\u00fcnste, Berlin<\/td><\/tr><tr><td>1975<\/td><td>Geburt des Sohnes Anton<\/td><\/tr><tr><td>1979<\/td><td>Geburt der Tochter Anna<\/td><\/tr><tr><td>1997-2002<\/td><td>Lehrauftrag an der Grafik+Design-Schule in Anklam<\/td><\/tr><tr><td>2010<\/td><td>Aufstellung der Bronze-Skulptur von Dr. Mildred Scheel f\u00fcr das Nationale Centrum f\u00fcr Tumorerkrankungen (NCT), Heidelberg<\/td><\/tr><\/tbody><\/table><\/figure>\n\n\n\n<p>Sabina Grzimek lebt und arbeitet in Berlin und Erkner.<\/p>\n\n\n\n<div style=\"height:10px\" aria-hidden=\"true\" class=\"wp-block-spacer\"><\/div>\n\n\n\n<p><strong>Preise und Stipendien<\/strong><\/p>\n\n\n\n<div style=\"height:10px\" aria-hidden=\"true\" class=\"wp-block-spacer\"><\/div>\n\n\n\n<figure class=\"wp-block-table\"><table><tbody><tr><td>2011<\/td><td>Ehrenpreis im Rahmen der Vergabe des Brandenburgischen Kunstpreises<\/td><\/tr><tr><td>2002<\/td><td>Preis im Wettbewerb f\u00fcr ein Denkmal gegen Krieg und Zerst\u00f6rung in Heilbronn<\/td><\/tr><tr><td>1996<\/td><td>Ernst-Rietschel-Kunstpreis der Stadt Pulsnitz<\/td><\/tr><tr><td>1994<\/td><td>Kunstpreis des Kunstf\u00f6rdervereins Weinheim<\/td><\/tr><tr><td>1983<\/td><td>K\u00e4the-Kollwitz-Preis der Akademie der K\u00fcnste, Berlin<\/td><\/tr><tr><td>1979<\/td><td>Gustav-Weidanz-Preis der Burg Giebichenstein, Halle<\/td><\/tr><\/tbody><\/table><\/figure>\n","protected":false},"excerpt":{"rendered":"<p>Biografie 1942 geboren in Rom, aufgewachsen in West- und Ost-Berlin 1961-1962 Praktisches Jahr an der Porzellan-Manufaktur Meissen 1962-1967 Studium der Bildhauerei an der Hochschule f\u00fcr bildende und angewandte Kunst, Berlin-Weissensee 1967-1969 freischaffend t\u00e4tig als Bildhauerin in Ost-Berlin 1969-1972 Meistersch\u00fclerin an der Akademie der K\u00fcnste, Berlin 1975 Geburt des Sohnes Anton 1979 Geburt der Tochter Anna [&hellip;]<\/p>\n","protected":false},"author":1,"featured_media":0,"parent":1064,"menu_order":0,"comment_status":"closed","ping_status":"closed","template":"kuenstler-text.php","meta":{"_acf_changed":false,"footnotes":""},"class_list":["post-1066","page","type-page","status-publish","hentry"],"acf":[],"_links":{"self":[{"href":"https:\/\/poll-berlin.de\/galerie\/wp-json\/wp\/v2\/pages\/1066","targetHints":{"allow":["GET"]}}],"collection":[{"href":"https:\/\/poll-berlin.de\/galerie\/wp-json\/wp\/v2\/pages"}],"about":[{"href":"https:\/\/poll-berlin.de\/galerie\/wp-json\/wp\/v2\/types\/page"}],"author":[{"embeddable":true,"href":"https:\/\/poll-berlin.de\/galerie\/wp-json\/wp\/v2\/users\/1"}],"replies":[{"embeddable":true,"href":"https:\/\/poll-berlin.de\/galerie\/wp-json\/wp\/v2\/comments?post=1066"}],"version-history":[{"count":9,"href":"https:\/\/poll-berlin.de\/galerie\/wp-json\/wp\/v2\/pages\/1066\/revisions"}],"predecessor-version":[{"id":36390,"href":"https:\/\/poll-berlin.de\/galerie\/wp-json\/wp\/v2\/pages\/1066\/revisions\/36390"}],"up":[{"embeddable":true,"href":"https:\/\/poll-berlin.de\/galerie\/wp-json\/wp\/v2\/pages\/1064"}],"wp:attachment":[{"href":"https:\/\/poll-berlin.de\/galerie\/wp-json\/wp\/v2\/media?parent=1066"}],"curies":[{"name":"wp","href":"https:\/\/api.w.org\/{rel}","templated":true}]}}