{"id":1057,"date":"2021-06-17T18:39:49","date_gmt":"2021-06-17T16:39:49","guid":{"rendered":"https:\/\/poll-berlin.de\/galerie\/?page_id=1057"},"modified":"2025-08-27T12:34:33","modified_gmt":"2025-08-27T10:34:33","slug":"biografie","status":"publish","type":"page","link":"https:\/\/poll-berlin.de\/galerie\/kuenstler-der-galerie\/markus-draper\/biografie\/","title":{"rendered":"Biografie"},"content":{"rendered":"\n<p><strong>Biografie<\/strong><\/p>\n\n\n\n<div style=\"height:10px\" aria-hidden=\"true\" class=\"wp-block-spacer\"><\/div>\n\n\n\n<figure class=\"wp-block-table\"><table><tbody><tr><td>1969<\/td><td>geboren als Markus Richter in G\u00f6rlitz<\/td><\/tr><tr><td>1991-1996<\/td><td>Studium an der Hochschule f\u00fcr Bildende K\u00fcnste Dresden (Diplom)<\/td><\/tr><tr><td>1995<\/td><td>Gastsemester am Royal College of Art, London<\/td><\/tr><tr><td>1996-1997<\/td><td>Studium der Bildenden Kunst am Central Saint Martins College, London (Master)<\/td><\/tr><tr><td>1998-2000<\/td><td>Meistersch\u00fcler an der Hochschule f\u00fcr Bildende K\u00fcnste Dresden bei Prof. Ralf Kerbach<\/td><\/tr><\/tbody><\/table><\/figure>\n\n\n\n<p>Markus Draper lebt und arbeitet in Berlin.<\/p>\n\n\n\n<div style=\"height:10px\" aria-hidden=\"true\" class=\"wp-block-spacer\"><\/div>\n\n\n\n<p><strong>Preise und Stipendien<\/strong><\/p>\n\n\n\n<div style=\"height:10px\" aria-hidden=\"true\" class=\"wp-block-spacer\"><\/div>\n\n\n\n<figure class=\"wp-block-table\"><table><tbody><tr><td>2021<\/td><td>Sonderstipendium INITIAL der Akademie der K\u00fcnste, Berlin<\/td><\/tr><tr><td>2015<\/td><td>Arbeits- und Recherchestipendium f\u00fcr Bildende Kunst des Berliner Senats<\/td><\/tr><tr><td>2013<\/td><td>Arbeitsstipendium der Stiftung Kunstfonds, Bonn<\/td><\/tr><tr><td>2009<\/td><td>Pollock-Krasner-Stipendium<\/td><\/tr><tr><td>2006<\/td><td>Vattenfall Kunstpreis Energie<\/td><\/tr><tr><td>2001<\/td><td>Marion-Ermer-Preis<br>Arbeitsstipendium der Kulturstiftung des Freistaates Sachsen<\/td><\/tr><tr><td>1999<\/td><td>Philip Morris Kunstf\u00f6rderung, Columbia University, New York City<\/td><\/tr><tr><td>1996-1997<\/td><td>DAAD-Stipendium, Central Saint Martins College, London<\/td><\/tr><tr><td>1995<\/td><td>Erasmus-Stipendium, Royal College of Art, London<\/td><\/tr><\/tbody><\/table><\/figure>\n","protected":false},"excerpt":{"rendered":"<p>Biografie 1969 geboren als Markus Richter in G\u00f6rlitz 1991-1996 Studium an der Hochschule f\u00fcr Bildende K\u00fcnste Dresden (Diplom) 1995 Gastsemester am Royal College of Art, London 1996-1997 Studium der Bildenden Kunst am Central Saint Martins College, London (Master) 1998-2000 Meistersch\u00fcler an der Hochschule f\u00fcr Bildende K\u00fcnste Dresden bei Prof. Ralf Kerbach Markus Draper lebt und [&hellip;]<\/p>\n","protected":false},"author":1,"featured_media":0,"parent":1055,"menu_order":0,"comment_status":"closed","ping_status":"closed","template":"kuenstler-text.php","meta":{"_acf_changed":false,"footnotes":""},"class_list":["post-1057","page","type-page","status-publish","hentry"],"acf":[],"_links":{"self":[{"href":"https:\/\/poll-berlin.de\/galerie\/wp-json\/wp\/v2\/pages\/1057","targetHints":{"allow":["GET"]}}],"collection":[{"href":"https:\/\/poll-berlin.de\/galerie\/wp-json\/wp\/v2\/pages"}],"about":[{"href":"https:\/\/poll-berlin.de\/galerie\/wp-json\/wp\/v2\/types\/page"}],"author":[{"embeddable":true,"href":"https:\/\/poll-berlin.de\/galerie\/wp-json\/wp\/v2\/users\/1"}],"replies":[{"embeddable":true,"href":"https:\/\/poll-berlin.de\/galerie\/wp-json\/wp\/v2\/comments?post=1057"}],"version-history":[{"count":9,"href":"https:\/\/poll-berlin.de\/galerie\/wp-json\/wp\/v2\/pages\/1057\/revisions"}],"predecessor-version":[{"id":43882,"href":"https:\/\/poll-berlin.de\/galerie\/wp-json\/wp\/v2\/pages\/1057\/revisions\/43882"}],"up":[{"embeddable":true,"href":"https:\/\/poll-berlin.de\/galerie\/wp-json\/wp\/v2\/pages\/1055"}],"wp:attachment":[{"href":"https:\/\/poll-berlin.de\/galerie\/wp-json\/wp\/v2\/media?parent=1057"}],"curies":[{"name":"wp","href":"https:\/\/api.w.org\/{rel}","templated":true}]}}