{"id":1015,"date":"2022-03-10T15:31:26","date_gmt":"2022-03-10T14:31:26","guid":{"rendered":"https:\/\/poll-berlin.de\/galerie\/?page_id=1015"},"modified":"2024-03-12T18:45:00","modified_gmt":"2024-03-12T17:45:00","slug":"biografie","status":"publish","type":"page","link":"https:\/\/poll-berlin.de\/galerie\/weitere-kuenstler\/rivka-rinn\/biografie\/","title":{"rendered":"Biografie"},"content":{"rendered":"\n<p><strong>Biografie<\/strong><\/p>\n\n\n\n<div style=\"height:10px\" aria-hidden=\"true\" class=\"wp-block-spacer\"><\/div>\n\n\n\n<figure class=\"wp-block-table\"><table><tbody><tr><td>1950<\/td><td>geboren in Tel Aviv (Israel)<\/td><\/tr><tr><td>1976-1980<\/td><td>Studium der Malerei an der Universit\u00e4t f\u00fcr angewandte Kunst Wien<\/td><\/tr><tr><td>1981-1986<\/td><td>Lehrauftr\u00e4ge an Internationaler Sommerakademie f\u00fcr Bildende Kunst Salzburg<\/td><\/tr><tr><td>1982-1986<\/td><td>Lehrauftrag an der Thelma Yellin High School for the Arts, Givatayim (Israel)<\/td><\/tr><tr><td>1986-1988<\/td><td>Lehrauftrag an der Universit\u00e4t f\u00fcr angewandte Kunst Wien (mit Oswald Oberhuber)<\/td><\/tr><tr><td>1986-1994<\/td><td>Leben und Arbeit in Florenz, dann Umzug nach Berlin<\/td><\/tr><tr><td>1995-2016<\/td><td>Leben zwischen Rom und Berlin<\/td><\/tr><tr><td>2001-2009<\/td><td>Professuren an Internationaler Sommerakademie f\u00fcr Bildende Kunst Salzburg<\/td><\/tr><tr><td>2002-2021<\/td><td>Gastprofessur an der Fakult\u00e4t f\u00fcr Architektur der Universit\u00e4t Innsbruck<\/td><\/tr><tr><td>2005<\/td><td>Lehrauftrag an der Lichtakademie Bartenbach, Aldrans (\u00d6sterreich)<\/td><\/tr><tr><td>2007<\/td><td>Ernennung zum aktiven Mitglied der Europ\u00e4ischen Akademie der Wissenschaften und K\u00fcnste, \u00d6sterreich<\/td><\/tr><tr><td>2016<\/td><td>Umzug nach Israel<\/td><\/tr><\/tbody><\/table><\/figure>\n\n\n\n<p>Rivka Rinn lebt und arbeitet in Tel Aviv.<\/p>\n\n\n\n<div style=\"height:10px\" aria-hidden=\"true\" class=\"wp-block-spacer\"><\/div>\n\n\n\n<p><strong>Preise und Stipendien<\/strong><\/p>\n\n\n\n<div style=\"height:10px\" aria-hidden=\"true\" class=\"wp-block-spacer\"><\/div>\n\n\n\n<figure class=\"wp-block-table\"><table><tbody><tr><td>2014<\/td><td>Arbeitsstipendium Bildende Kunst der Senatsverwaltung f\u00fcr Kultur, Berlin<\/td><\/tr><\/tbody><\/table><\/figure>\n","protected":false},"excerpt":{"rendered":"<p>Biografie 1950 geboren in Tel Aviv (Israel) 1976-1980 Studium der Malerei an der Universit\u00e4t f\u00fcr angewandte Kunst Wien 1981-1986 Lehrauftr\u00e4ge an Internationaler Sommerakademie f\u00fcr Bildende Kunst Salzburg 1982-1986 Lehrauftrag an der Thelma Yellin High School for the Arts, Givatayim (Israel) 1986-1988 Lehrauftrag an der Universit\u00e4t f\u00fcr angewandte Kunst Wien (mit Oswald Oberhuber) 1986-1994 Leben und [&hellip;]<\/p>\n","protected":false},"author":1,"featured_media":0,"parent":964,"menu_order":0,"comment_status":"closed","ping_status":"closed","template":"kuenstler-text.php","meta":{"_acf_changed":false,"footnotes":""},"class_list":["post-1015","page","type-page","status-publish","hentry"],"acf":[],"_links":{"self":[{"href":"https:\/\/poll-berlin.de\/galerie\/wp-json\/wp\/v2\/pages\/1015","targetHints":{"allow":["GET"]}}],"collection":[{"href":"https:\/\/poll-berlin.de\/galerie\/wp-json\/wp\/v2\/pages"}],"about":[{"href":"https:\/\/poll-berlin.de\/galerie\/wp-json\/wp\/v2\/types\/page"}],"author":[{"embeddable":true,"href":"https:\/\/poll-berlin.de\/galerie\/wp-json\/wp\/v2\/users\/1"}],"replies":[{"embeddable":true,"href":"https:\/\/poll-berlin.de\/galerie\/wp-json\/wp\/v2\/comments?post=1015"}],"version-history":[{"count":12,"href":"https:\/\/poll-berlin.de\/galerie\/wp-json\/wp\/v2\/pages\/1015\/revisions"}],"predecessor-version":[{"id":36506,"href":"https:\/\/poll-berlin.de\/galerie\/wp-json\/wp\/v2\/pages\/1015\/revisions\/36506"}],"up":[{"embeddable":true,"href":"https:\/\/poll-berlin.de\/galerie\/wp-json\/wp\/v2\/pages\/964"}],"wp:attachment":[{"href":"https:\/\/poll-berlin.de\/galerie\/wp-json\/wp\/v2\/media?parent=1015"}],"curies":[{"name":"wp","href":"https:\/\/api.w.org\/{rel}","templated":true}]}}