{"id":1001,"date":"2025-07-15T14:40:09","date_gmt":"2025-07-15T12:40:09","guid":{"rendered":"https:\/\/poll-berlin.de\/galerie\/?page_id=1001"},"modified":"2025-07-15T16:34:21","modified_gmt":"2025-07-15T14:34:21","slug":"werke-in-sammlungen","status":"publish","type":"page","link":"https:\/\/poll-berlin.de\/galerie\/weitere-kuenstler\/gabriele-mucchi\/werke-in-sammlungen\/","title":{"rendered":"Werke in Sammlungen"},"content":{"rendered":"\n<p><strong>Werke in Sammlungen<\/strong><\/p>\n\n\n\n<p>Akademie der K\u00fcnste der DDR, Berlin<br>Kunstarchiv Beeskow<br>Berlinische Galerie &#8211; Museum f\u00fcr Moderne Kunst<br>Neue Nationalgalerie der Staatlichen Museen zu Berlin<br>Antje und Friedrich-W. Fretwurst, D\u00e4ndorf<br>Albertinum der Staatlichen Kunstsammlungen Dresden<br>Kupferstich-Kabinett der Staatlichen Kunstsammlungen Dresden<br>Staatliche Galerie Moritzburg, Halle-Saale<br>Museum der Bildenden K\u00fcnste Leipzig<br>Johanna und Dr. J\u00fcrgen Teller, Leipzig<br>Kulturhistorisches Museum Magdeburg<br>Staatliche Museen Meiningen<br>Nationalgalerie Prag<br>Kulturstiftung R\u00fcgen<br>Staatliches Museum, Schwerin<br>Nationalmuseum Warschau<br><br><\/p>\n","protected":false},"excerpt":{"rendered":"<p>Werke in Sammlungen Akademie der K\u00fcnste der DDR, BerlinKunstarchiv BeeskowBerlinische Galerie &#8211; Museum f\u00fcr Moderne KunstNeue Nationalgalerie der Staatlichen Museen zu BerlinAntje und Friedrich-W. Fretwurst, D\u00e4ndorfAlbertinum der Staatlichen Kunstsammlungen DresdenKupferstich-Kabinett der Staatlichen Kunstsammlungen DresdenStaatliche Galerie Moritzburg, Halle-SaaleMuseum der Bildenden K\u00fcnste LeipzigJohanna und Dr. J\u00fcrgen Teller, LeipzigKulturhistorisches Museum MagdeburgStaatliche Museen MeiningenNationalgalerie PragKulturstiftung R\u00fcgenStaatliches Museum, SchwerinNationalmuseum Warschau<\/p>\n","protected":false},"author":1,"featured_media":0,"parent":962,"menu_order":2,"comment_status":"closed","ping_status":"closed","template":"kuenstler-text.php","meta":{"_acf_changed":false,"footnotes":""},"class_list":["post-1001","page","type-page","status-publish","hentry"],"acf":[],"_links":{"self":[{"href":"https:\/\/poll-berlin.de\/galerie\/wp-json\/wp\/v2\/pages\/1001","targetHints":{"allow":["GET"]}}],"collection":[{"href":"https:\/\/poll-berlin.de\/galerie\/wp-json\/wp\/v2\/pages"}],"about":[{"href":"https:\/\/poll-berlin.de\/galerie\/wp-json\/wp\/v2\/types\/page"}],"author":[{"embeddable":true,"href":"https:\/\/poll-berlin.de\/galerie\/wp-json\/wp\/v2\/users\/1"}],"replies":[{"embeddable":true,"href":"https:\/\/poll-berlin.de\/galerie\/wp-json\/wp\/v2\/comments?post=1001"}],"version-history":[{"count":7,"href":"https:\/\/poll-berlin.de\/galerie\/wp-json\/wp\/v2\/pages\/1001\/revisions"}],"predecessor-version":[{"id":43498,"href":"https:\/\/poll-berlin.de\/galerie\/wp-json\/wp\/v2\/pages\/1001\/revisions\/43498"}],"up":[{"embeddable":true,"href":"https:\/\/poll-berlin.de\/galerie\/wp-json\/wp\/v2\/pages\/962"}],"wp:attachment":[{"href":"https:\/\/poll-berlin.de\/galerie\/wp-json\/wp\/v2\/media?parent=1001"}],"curies":[{"name":"wp","href":"https:\/\/api.w.org\/{rel}","templated":true}]}}