{"id":27,"date":"2025-08-01T00:54:55","date_gmt":"2025-07-31T22:54:55","guid":{"rendered":"https:\/\/poll-berlin.de\/Stiftung\/stiftung\/garnisionskirchplatz\/"},"modified":"2025-09-27T20:40:10","modified_gmt":"2025-09-27T18:40:10","slug":"garnisionkirchplatz","status":"publish","type":"page","link":"https:\/\/poll-berlin.de\/Stiftung\/stiftung\/garnisionkirchplatz\/","title":{"rendered":"Garnisionkirchplatz"},"content":{"rendered":"\n<p><strong>Drei Berliner Bildhauerinnen auf dem Garnisonkirchplatz in Berlin-Mitte<\/strong><\/p>\n\n\n\n<p>Die Kunststiftung Poll m\u00f6chte mit ihrem Vorhaben &#8222;Drei Berliner Bildhauerinnen auf dem Garnisonkirchplatz in Berlin-Mitte<em>&#8220; <\/em>den Blick auf herausragende Berliner Bildhauerinnen und ihr Werk lenken.<\/p>\n\n\n\n<p>Das Vorhaben wurde am 14. Januar 2012 mit der \u00dcbergabe der Bronzeskulptur &#8222;Die gro\u00dfe Palucca&#8220; von Emerita Pansowov\u00e1 (*1946) begonnen. Die Bildhauerin hat ihre Skulptur der T\u00e4nzerin Gret Palucca (1902-1993) gewidmet, einer der bedeutendsten Vertreterinnen des expressionistischen Ausdruckstanzes.<\/p>\n\n\n\n<p>2012 wurde mit der Bronzeskulptur &#8222;Aus dem Wasser Steigender&#8220; von Sabina Grzimek (*1942) die erste Figur ihrer siebenteiligen Skulpturengruppe &#8222;Sieben Gesten des aufrechten Ganges&#8220; aufgestellt. 2014 und 2019 folgten mit &#8222;Der Rufer<em>&#8220; <\/em>und &#8222;Der Denker&#8220; zwei weitere Figuren der Gruppe.<\/p>\n\n\n\n<p>Die K\u00fcnstlerin m\u00f6chte mit ihrer 1996 entstandenen Arbeit an die Protest\u00adaktion der sieben G\u00f6ttinger Gelehrten gegen die Eliminierung der Verfassung im November 1837 erinnern. Die Figurengruppe ist aber auch jenen Menschen gewidmet, die in den Jahren des Umbruchs, der Neuorientierung, der Ver\u00e4nderungen und auch Verwerfungen im Zusammenhang mit der Wieder\u00advereinigung der beiden deutschen Staaten Haltung und W\u00fcrde bewiesen haben.<\/p>\n\n\n\n<p>Mit &#8222;Lumumba&#8220; von Genni\/Jenny Wiegmann-Mucchi (1895-1969) wurde 2013 die Aufstellung des Werks der dritten am Vorhaben beteiligten Bildhauerin vollzogen. Die Skulptur zeigt den F\u00fchrer des kongolesischen Unabh\u00e4ngigkeitskampfes und leidenschaftlichen Kritiker der kolonialen Unterdr\u00fcckung Afrikas, der 1961 brutal ermordet wurde.<\/p>\n\n\n\n<p>Alle Skulpturen wurden von der Bildgie\u00dferei Marc Krepp&nbsp;gegossen. Die K\u00fcnstlerinnen und deren Erben verzichteten zur Unterst\u00fctzung des von der Kunststiftung Poll initiierten Vorhabens auf ihr Honorar.<\/p>\n\n\n\n<p>Die Aufstellung der Skulpturen wurde au\u00dferdem gro\u00dfz\u00fcgig gef\u00f6rdert durch:<br>die Deutsch-Afri\u00adka\u00adni\u00adsche-Gesellschaft, den Deutscher Gewerkschaftsbund, die Rosa-Luxemburg-Stiftung und die Senatsverwaltung f\u00fcr Kultur und Europa.<\/p>\n\n\n\n<p>Um das Projekt abschlie\u00dfen zu k\u00f6nnen, werden weitere Unterst\u00fctzer und Sponsoren gesucht, um den Guss und die Aufstellung der verbleibenden vier Skulpturen der Gruppe \u201eSieben Gesten des aufrechten Ganges\u201c von Sabina Grzimek zu finanzieren. Es sind dies die Figuren \u201eAufz\u00e4hlender\u201c, \u201eSchauender\u201c, \u201eFragender\u201c und \u201eMahner\u201c.<\/p>\n\n\n\n<p><\/p>\n","protected":false},"excerpt":{"rendered":"<p>Drei Berliner Bildhauerinnen auf dem Garnisonkirchplatz in Berlin-Mitte Die Kunststiftung Poll m\u00f6chte mit ihrem Vorhaben &#8222;Drei Berliner Bildhauerinnen auf dem Garnisonkirchplatz in Berlin-Mitte&#8220; den Blick auf herausragende Berliner Bildhauerinnen und ihr Werk lenken. Das Vorhaben wurde am 14. Januar 2012 mit der \u00dcbergabe der Bronzeskulptur &#8222;Die gro\u00dfe Palucca&#8220; von Emerita Pansowov\u00e1 (*1946) begonnen. Die Bildhauerin [&hellip;]<\/p>\n","protected":false},"author":1,"featured_media":1753,"parent":12,"menu_order":0,"comment_status":"closed","ping_status":"closed","template":"","meta":{"_acf_changed":false,"footnotes":""},"class_list":["post-27","page","type-page","status-publish","has-post-thumbnail","hentry"],"acf":[],"_links":{"self":[{"href":"https:\/\/poll-berlin.de\/Stiftung\/wp-json\/wp\/v2\/pages\/27","targetHints":{"allow":["GET"]}}],"collection":[{"href":"https:\/\/poll-berlin.de\/Stiftung\/wp-json\/wp\/v2\/pages"}],"about":[{"href":"https:\/\/poll-berlin.de\/Stiftung\/wp-json\/wp\/v2\/types\/page"}],"author":[{"embeddable":true,"href":"https:\/\/poll-berlin.de\/Stiftung\/wp-json\/wp\/v2\/users\/1"}],"replies":[{"embeddable":true,"href":"https:\/\/poll-berlin.de\/Stiftung\/wp-json\/wp\/v2\/comments?post=27"}],"version-history":[{"count":7,"href":"https:\/\/poll-berlin.de\/Stiftung\/wp-json\/wp\/v2\/pages\/27\/revisions"}],"predecessor-version":[{"id":1955,"href":"https:\/\/poll-berlin.de\/Stiftung\/wp-json\/wp\/v2\/pages\/27\/revisions\/1955"}],"up":[{"embeddable":true,"href":"https:\/\/poll-berlin.de\/Stiftung\/wp-json\/wp\/v2\/pages\/12"}],"wp:featuredmedia":[{"embeddable":true,"href":"https:\/\/poll-berlin.de\/Stiftung\/wp-json\/wp\/v2\/media\/1753"}],"wp:attachment":[{"href":"https:\/\/poll-berlin.de\/Stiftung\/wp-json\/wp\/v2\/media?parent=27"}],"curies":[{"name":"wp","href":"https:\/\/api.w.org\/{rel}","templated":true}]}}