{"id":103,"date":"2025-08-01T03:34:03","date_gmt":"2025-08-01T01:34:03","guid":{"rendered":"https:\/\/poll-berlin.de\/Stiftung\/datenschutz\/"},"modified":"2025-11-24T16:03:28","modified_gmt":"2025-11-24T15:03:28","slug":"datenschutz","status":"publish","type":"page","link":"https:\/\/poll-berlin.de\/Stiftung\/datenschutz\/","title":{"rendered":"Datenschutz"},"content":{"rendered":"\n<h3 class=\"wp-block-heading\">Geltungsbereich<\/h3>\n\n\n\n<p>Diese Datenschutzinformation gilt nur f\u00fcr die Nutzung der Webseite https:\/\/poll-berlin.de\/Stiftung\/ Besuchen Sie eine andere Webseite, gelten die Datenschutzbestimmungen des jeweiligen Webseitenbetreibers. Dies gilt auch f\u00fcr Webseiten, auf die wir durch einen Link verweisen. Wir empfehlen Ihnen, sich auf der Webseite \u00fcber den Umgang mit personenbezogenen Daten zu informieren. <\/p>\n\n\n\n<h3 class=\"wp-block-heading\">Erhebung und Speicherung personenbezogener Daten<\/h3>\n\n\n\n<p>Wenn Sie unsere Webseite aufrufen, werden automatisch Daten erhoben, die erforderlich sind, um den Besuch unserer Webseite zu erm\u00f6glichen. Dies sind der Name Ihres Internetserviceproviders, die IP-Adresse, Name und Version des von Ihnen verwendeten Browsers, das verwendete Betriebssystem, Datum und Dauer Ihres Besuchs sowie die Webseite, von der aus Sie uns besuchen. Dar\u00fcber hinaus werden personenbezogene Daten nur dann gespeichert, wenn Sie uns diese von sich aus, zum Beispiel im Rahmen einer Anfrage (z.B. nach einem Kunstwerk) oder einer Bestellung (Newsletter, Publikation) angeben. <\/p>\n\n\n\n<h3 class=\"wp-block-heading\">Nutzung personenbezogener Daten<\/h3>\n\n\n\n<p>Daten, die bei der Nutzung dieser Webseite automatisch protokolliert werden, nutzen wir zur Administration und Optimierung dieser Webseite. Wir werten die Daten au\u00dferdem unter Verwendung eines Pseudonyms f\u00fcr statistische Zwecke aus (siehe dazu unten Google Analytics). Personenbezogene Daten, die Sie uns zur Verf\u00fcgung gestellt haben, nutzen wir zur Beantwortung Ihrer Anfragen, zur Ausf\u00fchrung und Abwicklung der mit Ihnen geschlossenen Vertr\u00e4ge sowie f\u00fcr den Betrieb und die Pflege dieser Webseite. F\u00fcr andere Zwecke verwenden wir sie nur mit Ihrer vorherigen Einwilligung. <\/p>\n\n\n\n<h3 class=\"wp-block-heading\">Weitergabe personenbezogener Daten<\/h3>\n\n\n\n<p>Wir geben Ihre Daten nur dann an Dritte weiter, wenn dies f\u00fcr den Betrieb und die Pflege dieser Webseite, zu Abrechnungszwecken, zur Abwicklung von zwischen Ihnen und uns bestehenden Vertragsverh\u00e4ltnissen oder f\u00fcr die statistische Auswertung erforderlich ist. Von uns beauftragte Dritte werden Ihre personenbezogenen Daten nach Ma\u00dfgabe dieser Datenschutzinformation und der einschl\u00e4gigen Datenschutzgesetze behandeln und nicht an Dritte weitergeben. Dar\u00fcber hinaus erfolgt eine Weitergabe oder \u00dcbermittlung Ihrer Daten nur, wenn Sie sich damit einverstanden erkl\u00e4rt haben oder wir dazu gesetzlich verpflichtet sind. <\/p>\n\n\n\n<h3 class=\"wp-block-heading\">Google Analytics<\/h3>\n\n\n\n<p>\nWir benutzen Google Analytics, einen Webanalysedienst der Google Inc. (\u201eGoogle\u201c). Google Analytics verwendet sogenannte \u201eCookies\u201c, Textdateien, die auf Ihrem Computer gespeichert werden, und die eine Analyse der Webseite erm\u00f6glichen. Die durch den Cookie erzeugten Informationen \u00fcber Ihre Benutzung der Webseite werden in der Regel an einen Server von Google in den USA \u00fcbertragen und dort gespeichert. Im Auftrag des Betreibers dieser Webseite wird Google diese Information benutzen, um Ihre Nutzung der Webseite auszuwerten, um Reports \u00fcber die Webseitenaktivit\u00e4ten zusammenzustellen und um weitere mit der Webseitennutzung und der Internetnutzung verbundene Dienstleistungen gegen\u00fcber dem Webseitenbetreiber zu erbringen. Die im Rahmen von Google Analytics von Ihrem Browser \u00fcbermittelte IP-Adresse wird nicht mit anderen Daten von Google zusammengef\u00fchrt.\n<\/p>\n\n\n\n<p>Sie k\u00f6nnen die Speicherung der Cookies durch eine entsprechende Einstellung Ihrer Browser-Software verhindern, allerdings werden Sie dann ggf. nicht s\u00e4mtliche Funktionen dieser Webseite vollumf\u00e4nglich nutzen k\u00f6nnen. Wenn Sie dar\u00fcber hinaus die Erfassung der durch das Cookie erzeugten und auf Ihre Nutzung der Webseite bezogenen Daten (inkl. Ihrer IP-Adresse) an Google sowie die Verarbeitung dieser Daten durch Google verhindern wollen, k\u00f6nnen Sie das unter dem folgenden Link (https:\/\/tools.google.com\/dlpage\/gaoptout?hl=de) verf\u00fcgbare Browser-Plugin herunterladen und installieren.\n<\/p>\n\n\n\n<h3 class=\"wp-block-heading\">Newsletter und Einladungen<\/h3>\n\n\n\n<p>Wir nutzen die von Ihnen zur Verf\u00fcgung gestellten Daten auch, um Sie per E-Mail \u00fcber aktuelle Veranstaltungen zu informieren und zu diesen einzuladen. Die Nutzung Ihrer personenbezogenen Daten zu diesem Zweck erfolgt nur mit Ihrer vorherigen ausdr\u00fccklichen Einwilligung. Sie k\u00f6nnen dieser Nutzung jederzeit per Email an kunst(at)poll-berlin.de mit dem Betreff \u201eunsubscribe\u201c widersprechen.<\/p>\n\n\n\n<h3 class=\"wp-block-heading\">Auskunft<\/h3>\n\n\n\n<p>Sie haben ein Recht auf unentgeltliche Auskunft \u00fcber Ihre gespeicherten Daten sowie ggf. ein Recht auf Berichtigung, Sperrung oder L\u00f6schung dieser Daten. Wenden Sie sich hierzu bitte per Email an kunst(at)poll-berlin.de. Von Ihnen erteilte Einwilligungen zur Datenerhebung, -verarbeitung und -nutzung k\u00f6nnen Sie jederzeit mit Wirkung f\u00fcr die Zukunft widerrufen. Bitte wenden Sie sich hierf\u00fcr per Email an kunst(at)poll-berlin.de.<\/p>\n\n\n\n<h3 class=\"wp-block-heading\">Sicherheit<\/h3>\n\n\n\n<p>Wir ergreifen alle angemessenen technischen und organisatorischen Ma\u00dfnahmen, um Ihre personenbezogenen Daten gegen Verlust, unberechtigten Zugriff, Ver\u00e4nderung und Verbreitung zu sichern. Bei der Kommunikation per Email kann die vollst\u00e4ndige Datensicherheit von uns nicht gew\u00e4hrleistet werden, so dass wir Ihnen bei vertraulichen Informationen den Postweg empfehlen.<\/p>\n\n\n\n<h3 class=\"wp-block-heading\">Verantwortliche Stelle<\/h3>\n\n\n\n<p>Kunststiftung Poll gGmbH<br>Gipsstra\u00dfe 3, 10119 Berlin<br>Deutschland<\/p>\n\n\n\n<p>T +49 (0)30 284962-0 <br>F +49 (0)30 284962-11 <br>Email: kunst(at)poll-berlin.de<\/p>\n\n\n\n<p>\nDie Kunststiftung Poll gGmbH ist beim Amtsgericht Berlin-Charlottenburg unter der Handelsregisternummer 96 HRB 26 573 eingetragen. Die Umsatzsteuernummer lautet: 27\/603\/51297\n<\/p>\n","protected":false},"excerpt":{"rendered":"<p>Geltungsbereich Diese Datenschutzinformation gilt nur f\u00fcr die Nutzung der Webseite https:\/\/poll-berlin.de\/Stiftung\/ Besuchen Sie eine andere Webseite, gelten die Datenschutzbestimmungen des jeweiligen Webseitenbetreibers. Dies gilt auch f\u00fcr Webseiten, auf die wir durch einen Link verweisen. Wir empfehlen Ihnen, sich auf der Webseite \u00fcber den Umgang mit personenbezogenen Daten zu informieren. Erhebung und Speicherung personenbezogener Daten Wenn [&hellip;]<\/p>\n","protected":false},"author":1,"featured_media":1699,"parent":0,"menu_order":7,"comment_status":"closed","ping_status":"closed","template":"","meta":{"_acf_changed":false,"footnotes":""},"class_list":["post-103","page","type-page","status-publish","has-post-thumbnail","hentry"],"acf":[],"_links":{"self":[{"href":"https:\/\/poll-berlin.de\/Stiftung\/wp-json\/wp\/v2\/pages\/103","targetHints":{"allow":["GET"]}}],"collection":[{"href":"https:\/\/poll-berlin.de\/Stiftung\/wp-json\/wp\/v2\/pages"}],"about":[{"href":"https:\/\/poll-berlin.de\/Stiftung\/wp-json\/wp\/v2\/types\/page"}],"author":[{"embeddable":true,"href":"https:\/\/poll-berlin.de\/Stiftung\/wp-json\/wp\/v2\/users\/1"}],"replies":[{"embeddable":true,"href":"https:\/\/poll-berlin.de\/Stiftung\/wp-json\/wp\/v2\/comments?post=103"}],"version-history":[{"count":10,"href":"https:\/\/poll-berlin.de\/Stiftung\/wp-json\/wp\/v2\/pages\/103\/revisions"}],"predecessor-version":[{"id":1969,"href":"https:\/\/poll-berlin.de\/Stiftung\/wp-json\/wp\/v2\/pages\/103\/revisions\/1969"}],"wp:featuredmedia":[{"embeddable":true,"href":"https:\/\/poll-berlin.de\/Stiftung\/wp-json\/wp\/v2\/media\/1699"}],"wp:attachment":[{"href":"https:\/\/poll-berlin.de\/Stiftung\/wp-json\/wp\/v2\/media?parent=103"}],"curies":[{"name":"wp","href":"https:\/\/api.w.org\/{rel}","templated":true}]}}