{"id":101,"date":"2025-08-01T03:34:03","date_gmt":"2025-08-01T01:34:03","guid":{"rendered":"https:\/\/poll-berlin.de\/Stiftung\/impressum\/"},"modified":"2025-09-22T21:27:10","modified_gmt":"2025-09-22T19:27:10","slug":"impressum","status":"publish","type":"page","link":"https:\/\/poll-berlin.de\/Stiftung\/impressum\/","title":{"rendered":"Impressum"},"content":{"rendered":"\n<h3 class=\"wp-block-heading\">Kunststiftung Poll<\/h3>\n\n\n\n<p>Gemeinn\u00fctzige Gesellschaft mbH<br>Gipsstra\u00dfe 3, 10119 Berlin<br>Deutschland<\/p>\n\n\n\n<p>Telefon +49 (0) 30 284962-0| Fax +49 (0) 30 284962-11<br>Email: kunst(at)poll-berlin.de<\/p>\n\n\n\n<p>AG Charlottenburg 96 HRB 26 573 | USt.Nr. 27\/603\/51297<\/p>\n\n\n\n<p>Gesch\u00e4ftsf\u00fchrung<br>Lothar C. Poll und Nana Poll<\/p>\n\n\n\n<p>Beirat<br>Dr. Eckhart J. Gillen, Ralf Kerbach, Jan Sch\u00fcler<br><br>Website<\/p>\n\n\n\n<p><a href=\"https:\/\/mahlke.one\" target=\"_blank\" rel=\"noopener\">gestaltet von mahlke.one<\/a><br><a href=\"https:\/\/mrhide.de\" target=\"_blank\" rel=\"noopener\">programmiert von mrhide.de<\/a><\/p>\n\n\n\n<p>F\u00fcr externe Links \u00fcbernehmen wir keine Haftung. F\u00fcr den Inhalt von verlinkten Seiten sind ausschlie\u00dflich deren Betreiber verantwortlich.<\/p>\n\n\n\n<p>\u00a9 Kunststiftung Poll gemeinn\u00fctzige Gesellschaft mbH 2025. Alle Rechte vorbehalten.<\/p>\n","protected":false},"excerpt":{"rendered":"<p>Kunststiftung Poll Gemeinn\u00fctzige Gesellschaft mbHGipsstra\u00dfe 3, 10119 BerlinDeutschland Telefon +49 (0) 30 284962-0| Fax +49 (0) 30 284962-11Email: kunst(at)poll-berlin.de AG Charlottenburg 96 HRB 26 573 | USt.Nr. 27\/603\/51297 Gesch\u00e4ftsf\u00fchrungLothar C. Poll und Nana Poll BeiratDr. Eckhart J. Gillen, Ralf Kerbach, Jan Sch\u00fcler Website gestaltet von mahlke.oneprogrammiert von mrhide.de F\u00fcr externe Links \u00fcbernehmen wir keine Haftung. [&hellip;]<\/p>\n","protected":false},"author":1,"featured_media":1933,"parent":0,"menu_order":8,"comment_status":"closed","ping_status":"closed","template":"","meta":{"_acf_changed":false,"footnotes":""},"class_list":["post-101","page","type-page","status-publish","has-post-thumbnail","hentry"],"acf":[],"_links":{"self":[{"href":"https:\/\/poll-berlin.de\/Stiftung\/wp-json\/wp\/v2\/pages\/101","targetHints":{"allow":["GET"]}}],"collection":[{"href":"https:\/\/poll-berlin.de\/Stiftung\/wp-json\/wp\/v2\/pages"}],"about":[{"href":"https:\/\/poll-berlin.de\/Stiftung\/wp-json\/wp\/v2\/types\/page"}],"author":[{"embeddable":true,"href":"https:\/\/poll-berlin.de\/Stiftung\/wp-json\/wp\/v2\/users\/1"}],"replies":[{"embeddable":true,"href":"https:\/\/poll-berlin.de\/Stiftung\/wp-json\/wp\/v2\/comments?post=101"}],"version-history":[{"count":8,"href":"https:\/\/poll-berlin.de\/Stiftung\/wp-json\/wp\/v2\/pages\/101\/revisions"}],"predecessor-version":[{"id":1934,"href":"https:\/\/poll-berlin.de\/Stiftung\/wp-json\/wp\/v2\/pages\/101\/revisions\/1934"}],"wp:featuredmedia":[{"embeddable":true,"href":"https:\/\/poll-berlin.de\/Stiftung\/wp-json\/wp\/v2\/media\/1933"}],"wp:attachment":[{"href":"https:\/\/poll-berlin.de\/Stiftung\/wp-json\/wp\/v2\/media?parent=101"}],"curies":[{"name":"wp","href":"https:\/\/api.w.org\/{rel}","templated":true}]}}