{"id":26,"date":"2022-11-24T18:51:06","date_gmt":"2022-11-24T17:51:06","guid":{"rendered":"https:\/\/poll-berlin.de\/Kanzlei\/index.php\/impressum\/"},"modified":"2023-09-05T10:03:41","modified_gmt":"2023-09-05T08:03:41","slug":"impressum","status":"publish","type":"page","link":"https:\/\/poll-berlin.de\/Kanzlei\/impressum\/","title":{"rendered":"Impressum"},"content":{"rendered":"\n<p>Angaben gem\u00e4\u00df \u00a7 5 TMG<br>Rechtsanw\u00e4lte in Kooperation<br>Lothar C. Poll u. Anne Werthsch\u00fctzky<\/p>\n\n\n\n<p>Vertreten durch<br>RA Lothar C. Poll<br>Gipsstra\u00dfe 3, 10119 Berlin<\/p>\n\n\n\n<p>Kontakt<br>Tel.: + 49 30 \u2013 284 96 2-0<br>Fax: + 49 30 \u2013 284 96 2-11<br>Mail: kanzlei(at)poll-berlin.de<\/p>\n\n\n\n<p>Verantwortlich f\u00fcr den Inhalt nach \u00a7 18 Abs. 2 MStV<br>Lothar C. Poll<\/p>\n\n\n\n<p><em>Konzept, Design<\/em><br><a href=\"https:\/\/mahlke.one\" data-type=\"link\" data-id=\"https:\/\/mahlke.one\" target=\"_blank\" rel=\"noreferrer noopener\">mahlke.one<\/a><br><em>Programmierung<\/em><br><a href=\"https:\/\/mrhide.de\" data-type=\"link\" data-id=\"https:\/\/mrhide.de\" target=\"_blank\" rel=\"noreferrer noopener\">mrhide.de<\/a><\/p>\n","protected":false},"excerpt":{"rendered":"<p>Angaben gem\u00e4\u00df \u00a7 5 TMGRechtsanw\u00e4lte in KooperationLothar C. Poll u. Anne Werthsch\u00fctzky Vertreten durchRA Lothar C. PollGipsstra\u00dfe 3, 10119 Berlin KontaktTel.: + 49 30 \u2013 284 96 2-0Fax: + 49 30 \u2013 284 96 2-11Mail: kanzlei(at)poll-berlin.de Verantwortlich f\u00fcr den Inhalt nach \u00a7 18 Abs. 2 MStVLothar C. Poll Konzept, Designmahlke.oneProgrammierungmrhide.de<\/p>\n","protected":false},"author":1,"featured_media":0,"parent":0,"menu_order":1,"comment_status":"closed","ping_status":"closed","template":"","meta":{"footnotes":""},"class_list":["post-26","page","type-page","status-publish","hentry"],"_links":{"self":[{"href":"https:\/\/poll-berlin.de\/Kanzlei\/wp-json\/wp\/v2\/pages\/26"}],"collection":[{"href":"https:\/\/poll-berlin.de\/Kanzlei\/wp-json\/wp\/v2\/pages"}],"about":[{"href":"https:\/\/poll-berlin.de\/Kanzlei\/wp-json\/wp\/v2\/types\/page"}],"author":[{"embeddable":true,"href":"https:\/\/poll-berlin.de\/Kanzlei\/wp-json\/wp\/v2\/users\/1"}],"replies":[{"embeddable":true,"href":"https:\/\/poll-berlin.de\/Kanzlei\/wp-json\/wp\/v2\/comments?post=26"}],"version-history":[{"count":7,"href":"https:\/\/poll-berlin.de\/Kanzlei\/wp-json\/wp\/v2\/pages\/26\/revisions"}],"predecessor-version":[{"id":102,"href":"https:\/\/poll-berlin.de\/Kanzlei\/wp-json\/wp\/v2\/pages\/26\/revisions\/102"}],"wp:attachment":[{"href":"https:\/\/poll-berlin.de\/Kanzlei\/wp-json\/wp\/v2\/media?parent=26"}],"curies":[{"name":"wp","href":"https:\/\/api.w.org\/{rel}","templated":true}]}}