{"id":19,"date":"2022-11-24T16:24:31","date_gmt":"2022-11-24T15:24:31","guid":{"rendered":"https:\/\/poll-berlin.de\/Kanzlei\/index.php\/die-kanlzei\/kontakt\/"},"modified":"2023-12-15T12:14:10","modified_gmt":"2023-12-15T11:14:10","slug":"kontakt","status":"publish","type":"page","link":"https:\/\/poll-berlin.de\/Kanzlei\/die-kanlzei\/kontakt\/","title":{"rendered":"Kontakt"},"content":{"rendered":"\n<h2 class=\"wp-block-heading\">Rechtsanw\u00e4lte in Kooperation<br>Lothar C. Poll u. Anne Werthsch\u00fctzky<\/h2>\n\n\n\n<p class=\"bold_orange\"><br><strong>RA Lothar C. Poll<br><\/strong>Gipsstra\u00dfe 3, 10119 Berlin<br>(Ecke Auguststra\u00dfe)<br>Tel.: + 49 30 \u2013 284 96 2-0<br>Fax: + 49 30 \u2013 284 96 2-11<br>E-Mail: kanzlei(at)poll-berlin.de <br>Verkehrverbindung:<br>S-Bahnhof Hackescher Markt U-Bahnhof Weinmeisterstra\u00dfe (U8)<br>Tram (1, 2, 3, 4, 5, 6, 13, 15, 50)<\/p>\n\n\n\n<p class=\"bold_orange\"><strong>RAin Anne Werthsch\u00fctzky<\/strong><br>Brandenburgische Stra\u00dfe 38, 10707 Berlin<br>Tel.: + 49 30 \u2013 684 00 110<br>Fax: + 49 30 \u2013 684 00 111<br>E-Mail: kanzlei(at)werthschuetzky.com<br>kanzlei@poll-berlin.de<\/p>\n\n\n\n<p><\/p>\n\n\n\n<p><em>Haftungsausschluss<\/em><br>Informationen nach dem Teledienstgesetz: <br>USt.-IdNr.: DE136323102 Rechtsanwaltskammer Berlin<br>Littenstra\u00dfe, 10179 Berlin<br>Berufsrechtliche Regelungen: www.brak.de<\/p>\n","protected":false},"excerpt":{"rendered":"<p>Rechtsanw\u00e4lte in KooperationLothar C. Poll u. Anne Werthsch\u00fctzky RA Lothar C. PollGipsstra\u00dfe 3, 10119 Berlin(Ecke Auguststra\u00dfe)Tel.: + 49 30 \u2013 284 96 2-0Fax: + 49 30 \u2013 284 96 2-11E-Mail: kanzlei(at)poll-berlin.de Verkehrverbindung:S-Bahnhof Hackescher Markt U-Bahnhof Weinmeisterstra\u00dfe (U8)Tram (1, 2, 3, 4, 5, 6, 13, 15, 50) RAin Anne Werthsch\u00fctzkyBrandenburgische Stra\u00dfe 38, 10707 BerlinTel.: + 49 [&hellip;]<\/p>\n","protected":false},"author":1,"featured_media":0,"parent":7,"menu_order":0,"comment_status":"closed","ping_status":"closed","template":"","meta":{"footnotes":""},"class_list":["post-19","page","type-page","status-publish","hentry"],"_links":{"self":[{"href":"https:\/\/poll-berlin.de\/Kanzlei\/wp-json\/wp\/v2\/pages\/19"}],"collection":[{"href":"https:\/\/poll-berlin.de\/Kanzlei\/wp-json\/wp\/v2\/pages"}],"about":[{"href":"https:\/\/poll-berlin.de\/Kanzlei\/wp-json\/wp\/v2\/types\/page"}],"author":[{"embeddable":true,"href":"https:\/\/poll-berlin.de\/Kanzlei\/wp-json\/wp\/v2\/users\/1"}],"replies":[{"embeddable":true,"href":"https:\/\/poll-berlin.de\/Kanzlei\/wp-json\/wp\/v2\/comments?post=19"}],"version-history":[{"count":12,"href":"https:\/\/poll-berlin.de\/Kanzlei\/wp-json\/wp\/v2\/pages\/19\/revisions"}],"predecessor-version":[{"id":106,"href":"https:\/\/poll-berlin.de\/Kanzlei\/wp-json\/wp\/v2\/pages\/19\/revisions\/106"}],"up":[{"embeddable":true,"href":"https:\/\/poll-berlin.de\/Kanzlei\/wp-json\/wp\/v2\/pages\/7"}],"wp:attachment":[{"href":"https:\/\/poll-berlin.de\/Kanzlei\/wp-json\/wp\/v2\/media?parent=19"}],"curies":[{"name":"wp","href":"https:\/\/api.w.org\/{rel}","templated":true}]}}